{"id":274,"date":"2023-09-01T19:31:40","date_gmt":"2023-09-02T00:31:40","guid":{"rendered":"https:\/\/pose.bar\/?page_id=274"},"modified":"2023-09-01T19:31:40","modified_gmt":"2023-09-02T00:31:40","slug":"tapas","status":"publish","type":"page","link":"https:\/\/pose.bar\/es\/tapas\/","title":{"rendered":"Plato"},"content":{"rendered":"<div data-elementor-type=\"wp-post\" data-elementor-id=\"274\" class=\"elementor elementor-274\" data-elementor-post-type=\"page\">\n\t\t\t\t<div class=\"elementor-element elementor-element-1157b33 e-con-full e-flex e-con e-parent\" data-id=\"1157b33\" data-element_type=\"container\" data-e-type=\"container\" data-settings=\"{&quot;background_background&quot;:&quot;classic&quot;}\">\n\t\t\t\t<\/div>\n\t\t<div class=\"elementor-element elementor-element-55e27a3 e-flex e-con-boxed e-con e-parent\" data-id=\"55e27a3\" data-element_type=\"container\" data-e-type=\"container\" data-settings=\"{&quot;background_background&quot;:&quot;gradient&quot;}\">\n\t\t\t\t\t<div class=\"e-con-inner\">\n\t\t\t\t<div class=\"elementor-element elementor-element-dc83e9e elementor-widget__width-initial e-transform e-transform elementor-widget elementor-widget-image\" data-id=\"dc83e9e\" data-element_type=\"widget\" data-e-type=\"widget\" data-settings=\"{&quot;_animation&quot;:&quot;none&quot;,&quot;_animation_delay&quot;:600,&quot;_transform_rotateZ_effect&quot;:{&quot;unit&quot;:&quot;px&quot;,&quot;size&quot;:-19,&quot;sizes&quot;:[]},&quot;_transform_translateX_effect&quot;:{&quot;unit&quot;:&quot;px&quot;,&quot;size&quot;:92,&quot;sizes&quot;:[]},&quot;_transform_translateY_effect&quot;:{&quot;unit&quot;:&quot;px&quot;,&quot;size&quot;:105,&quot;sizes&quot;:[]},&quot;_transform_translateX_effect_mobile&quot;:{&quot;unit&quot;:&quot;px&quot;,&quot;size&quot;:0,&quot;sizes&quot;:[]},&quot;_transform_translateY_effect_mobile&quot;:{&quot;unit&quot;:&quot;px&quot;,&quot;size&quot;:0,&quot;sizes&quot;:[]},&quot;_transform_rotateZ_effect_tablet&quot;:{&quot;unit&quot;:&quot;deg&quot;,&quot;size&quot;:&quot;&quot;,&quot;sizes&quot;:[]},&quot;_transform_rotateZ_effect_mobile&quot;:{&quot;unit&quot;:&quot;deg&quot;,&quot;size&quot;:&quot;&quot;,&quot;sizes&quot;:[]},&quot;_transform_translateX_effect_tablet&quot;:{&quot;unit&quot;:&quot;px&quot;,&quot;size&quot;:&quot;&quot;,&quot;sizes&quot;:[]},&quot;_transform_translateY_effect_tablet&quot;:{&quot;unit&quot;:&quot;px&quot;,&quot;size&quot;:&quot;&quot;,&quot;sizes&quot;:[]}}\" data-widget_type=\"image.default\">\n\t\t\t\t<div class=\"elementor-widget-container\">\n\t\t\t\t\t\t\t\t\t\t\t\t\t\t\t<img fetchpriority=\"high\" decoding=\"async\" width=\"768\" height=\"384\" src=\"https:\/\/pose.bar\/wp-content\/uploads\/2023\/09\/Vine-Motif-768x384.png\" class=\"attachment-medium_large size-medium_large wp-image-570\" alt=\"\" srcset=\"https:\/\/pose.bar\/wp-content\/uploads\/2023\/09\/Vine-Motif-768x384.png 768w, https:\/\/pose.bar\/wp-content\/uploads\/2023\/09\/Vine-Motif-300x150.png 300w, https:\/\/pose.bar\/wp-content\/uploads\/2023\/09\/Vine-Motif-1024x512.png 1024w, https:\/\/pose.bar\/wp-content\/uploads\/2023\/09\/Vine-Motif-200x100.png 200w, https:\/\/pose.bar\/wp-content\/uploads\/2023\/09\/Vine-Motif-18x9.png 18w, https:\/\/pose.bar\/wp-content\/uploads\/2023\/09\/Vine-Motif.png 1280w\" sizes=\"(max-width: 768px) 100vw, 768px\" \/>\t\t\t\t\t\t\t\t\t\t\t\t\t\t\t<\/div>\n\t\t\t\t<\/div>\n\t\t\t\t<div class=\"elementor-element elementor-element-c5967ae elementor-widget elementor-widget-heading\" data-id=\"c5967ae\" data-element_type=\"widget\" data-e-type=\"widget\" data-widget_type=\"heading.default\">\n\t\t\t\t<div class=\"elementor-widget-container\">\n\t\t\t\t\t<h1 class=\"elementor-heading-title elementor-size-default\">TAPAS<\/h1>\t\t\t\t<\/div>\n\t\t\t\t<\/div>\n\t\t\t\t<div class=\"elementor-element elementor-element-f818bd5 elementor-widget__width-initial elementor-widget elementor-widget-text-editor\" data-id=\"f818bd5\" data-element_type=\"widget\" data-e-type=\"widget\" data-widget_type=\"text-editor.default\">\n\t\t\t\t<div class=\"elementor-widget-container\">\n\t\t\t\t\t\t\t\t\t<p>Dejate seducir por nuestras tapas: saborea, comparte y celebra los sabores de Pose Bar.<\/p>\t\t\t\t\t\t\t\t<\/div>\n\t\t\t\t<\/div>\n\t\t<div class=\"elementor-element elementor-element-b656656 e-con-full e-flex e-con e-child\" data-id=\"b656656\" data-element_type=\"container\" data-e-type=\"container\" data-settings=\"{&quot;background_background&quot;:&quot;classic&quot;}\">\n\t\t<div class=\"elementor-element elementor-element-a2c560f e-flex e-con-boxed e-con e-child\" data-id=\"a2c560f\" data-element_type=\"container\" data-e-type=\"container\" data-settings=\"{&quot;background_background&quot;:&quot;classic&quot;}\">\n\t\t\t\t\t<div class=\"e-con-inner\">\n\t\t<div class=\"elementor-element elementor-element-a32c397 e-con-full e-flex e-con e-child\" data-id=\"a32c397\" data-element_type=\"container\" data-e-type=\"container\">\n\t\t\t\t<div class=\"elementor-element elementor-element-2e3d232 elementor-invisible elementor-widget elementor-widget-image\" data-id=\"2e3d232\" data-element_type=\"widget\" data-e-type=\"widget\" data-settings=\"{&quot;_animation&quot;:&quot;fadeInLeft&quot;,&quot;_animation_delay&quot;:500}\" data-widget_type=\"image.default\">\n\t\t\t\t<div class=\"elementor-widget-container\">\n\t\t\t\t\t\t\t\t\t\t\t\t\t\t\t<img decoding=\"async\" width=\"800\" height=\"533\" src=\"https:\/\/pose.bar\/wp-content\/uploads\/2023\/09\/Cheese-and-Cold-Meat-Tapas-Selection-at-Pose-Gay-Bar-Cozumel-e1716482657612-1024x682.webp\" class=\"attachment-large size-large wp-image-475\" alt=\"\" srcset=\"https:\/\/pose.bar\/wp-content\/uploads\/2023\/09\/Cheese-and-Cold-Meat-Tapas-Selection-at-Pose-Gay-Bar-Cozumel-e1716482657612-1024x682.webp 1024w, https:\/\/pose.bar\/wp-content\/uploads\/2023\/09\/Cheese-and-Cold-Meat-Tapas-Selection-at-Pose-Gay-Bar-Cozumel-e1716482657612-300x200.webp 300w, https:\/\/pose.bar\/wp-content\/uploads\/2023\/09\/Cheese-and-Cold-Meat-Tapas-Selection-at-Pose-Gay-Bar-Cozumel-e1716482657612-768x512.webp 768w, https:\/\/pose.bar\/wp-content\/uploads\/2023\/09\/Cheese-and-Cold-Meat-Tapas-Selection-at-Pose-Gay-Bar-Cozumel-e1716482657612-200x133.webp 200w, https:\/\/pose.bar\/wp-content\/uploads\/2023\/09\/Cheese-and-Cold-Meat-Tapas-Selection-at-Pose-Gay-Bar-Cozumel-e1716482657612-18x12.webp 18w, https:\/\/pose.bar\/wp-content\/uploads\/2023\/09\/Cheese-and-Cold-Meat-Tapas-Selection-at-Pose-Gay-Bar-Cozumel-e1716482657612.webp 1232w\" sizes=\"(max-width: 800px) 100vw, 800px\" \/>\t\t\t\t\t\t\t\t\t\t\t\t\t\t\t<\/div>\n\t\t\t\t<\/div>\n\t\t\t\t<div class=\"elementor-element elementor-element-c3bcd34 e-transform elementor-widget elementor-widget-text-editor\" data-id=\"c3bcd34\" data-element_type=\"widget\" data-e-type=\"widget\" data-settings=\"{&quot;_transform_translateX_effect&quot;:{&quot;unit&quot;:&quot;px&quot;,&quot;size&quot;:-90,&quot;sizes&quot;:[]},&quot;_transform_translateX_effect_tablet&quot;:{&quot;unit&quot;:&quot;px&quot;,&quot;size&quot;:-24,&quot;sizes&quot;:[]},&quot;_transform_translateX_effect_mobile&quot;:{&quot;unit&quot;:&quot;px&quot;,&quot;size&quot;:&quot;&quot;,&quot;sizes&quot;:[]},&quot;_transform_translateY_effect&quot;:{&quot;unit&quot;:&quot;px&quot;,&quot;size&quot;:&quot;&quot;,&quot;sizes&quot;:[]},&quot;_transform_translateY_effect_tablet&quot;:{&quot;unit&quot;:&quot;px&quot;,&quot;size&quot;:&quot;&quot;,&quot;sizes&quot;:[]},&quot;_transform_translateY_effect_mobile&quot;:{&quot;unit&quot;:&quot;px&quot;,&quot;size&quot;:&quot;&quot;,&quot;sizes&quot;:[]}}\" data-widget_type=\"text-editor.default\">\n\t\t\t\t<div class=\"elementor-widget-container\">\n\t\t\t\t\t\t\t\t\t<p>Plato<br \/>Tapas<\/p>\t\t\t\t\t\t\t\t<\/div>\n\t\t\t\t<\/div>\n\t\t\t\t<div class=\"elementor-element elementor-element-58467de elementor-widget__width-initial e-transform elementor-widget elementor-widget-text-editor\" data-id=\"58467de\" data-element_type=\"widget\" data-e-type=\"widget\" data-settings=\"{&quot;_transform_translateX_effect&quot;:{&quot;unit&quot;:&quot;px&quot;,&quot;size&quot;:-150,&quot;sizes&quot;:[]},&quot;_transform_translateX_effect_tablet&quot;:{&quot;unit&quot;:&quot;px&quot;,&quot;size&quot;:-67,&quot;sizes&quot;:[]},&quot;_transform_translateX_effect_mobile&quot;:{&quot;unit&quot;:&quot;px&quot;,&quot;size&quot;:0,&quot;sizes&quot;:[]},&quot;_transform_translateY_effect_tablet&quot;:{&quot;unit&quot;:&quot;px&quot;,&quot;size&quot;:39,&quot;sizes&quot;:[]},&quot;_transform_translateY_effect_mobile&quot;:{&quot;unit&quot;:&quot;px&quot;,&quot;size&quot;:0,&quot;sizes&quot;:[]},&quot;_transform_translateY_effect&quot;:{&quot;unit&quot;:&quot;px&quot;,&quot;size&quot;:&quot;&quot;,&quot;sizes&quot;:[]}}\" data-widget_type=\"text-editor.default\">\n\t\t\t\t<div class=\"elementor-widget-container\">\n\t\t\t\t\t\t\t\t\t<p>Un exquisito conjunto de fiambres, quesos, aceitunas, frutos secos y frutas seleccionadas, elegantemente acompa\u00f1ados de palitos de pan.<\/p>\t\t\t\t\t\t\t\t<\/div>\n\t\t\t\t<\/div>\n\t\t\t\t<\/div>\n\t\t<div class=\"elementor-element elementor-element-fc06fe5 e-con-full e-flex e-con e-child\" data-id=\"fc06fe5\" data-element_type=\"container\" data-e-type=\"container\">\n\t\t\t\t<div class=\"elementor-element elementor-element-f11108e elementor-invisible elementor-widget elementor-widget-image\" data-id=\"f11108e\" data-element_type=\"widget\" data-e-type=\"widget\" data-settings=\"{&quot;_animation&quot;:&quot;fadeInRight&quot;,&quot;_animation_delay&quot;:500}\" data-widget_type=\"image.default\">\n\t\t\t\t<div class=\"elementor-widget-container\">\n\t\t\t\t\t\t\t\t\t\t\t\t\t\t\t<img decoding=\"async\" width=\"500\" height=\"333\" src=\"https:\/\/pose.bar\/wp-content\/uploads\/2023\/12\/Croquettes-500x333-WebP.webp\" class=\"attachment-large size-large wp-image-2451\" alt=\"Serrano Ham &amp; Bechamel Croquettes served with Secret dip on a Pose branded paper on a plate; a lit candle, a pepper grinder, grapes and a glass of white wine in the background\" srcset=\"https:\/\/pose.bar\/wp-content\/uploads\/2023\/12\/Croquettes-500x333-WebP.webp 500w, https:\/\/pose.bar\/wp-content\/uploads\/2023\/12\/Croquettes-500x333-WebP-300x200.webp 300w, https:\/\/pose.bar\/wp-content\/uploads\/2023\/12\/Croquettes-500x333-WebP-200x133.webp 200w, https:\/\/pose.bar\/wp-content\/uploads\/2023\/12\/Croquettes-500x333-WebP-18x12.webp 18w\" sizes=\"(max-width: 500px) 100vw, 500px\" \/>\t\t\t\t\t\t\t\t\t\t\t\t\t\t\t<\/div>\n\t\t\t\t<\/div>\n\t\t\t\t<div class=\"elementor-element elementor-element-09f7403 e-transform elementor-widget elementor-widget-text-editor\" data-id=\"09f7403\" data-element_type=\"widget\" data-e-type=\"widget\" data-settings=\"{&quot;_transform_translateX_effect&quot;:{&quot;unit&quot;:&quot;px&quot;,&quot;size&quot;:90,&quot;sizes&quot;:[]},&quot;_transform_translateX_effect_tablet&quot;:{&quot;unit&quot;:&quot;px&quot;,&quot;size&quot;:25,&quot;sizes&quot;:[]},&quot;_transform_translateX_effect_mobile&quot;:{&quot;unit&quot;:&quot;px&quot;,&quot;size&quot;:&quot;&quot;,&quot;sizes&quot;:[]},&quot;_transform_translateY_effect&quot;:{&quot;unit&quot;:&quot;px&quot;,&quot;size&quot;:&quot;&quot;,&quot;sizes&quot;:[]},&quot;_transform_translateY_effect_tablet&quot;:{&quot;unit&quot;:&quot;px&quot;,&quot;size&quot;:&quot;&quot;,&quot;sizes&quot;:[]},&quot;_transform_translateY_effect_mobile&quot;:{&quot;unit&quot;:&quot;px&quot;,&quot;size&quot;:&quot;&quot;,&quot;sizes&quot;:[]}}\" data-widget_type=\"text-editor.default\">\n\t\t\t\t<div class=\"elementor-widget-container\">\n\t\t\t\t\t\t\t\t\tCroquetas de<br>Jam\u00f3n serrano\t\t\t\t\t\t\t\t<\/div>\n\t\t\t\t<\/div>\n\t\t\t\t<div class=\"elementor-element elementor-element-329256e elementor-widget__width-initial e-transform elementor-widget elementor-widget-text-editor\" data-id=\"329256e\" data-element_type=\"widget\" data-e-type=\"widget\" data-settings=\"{&quot;_transform_translateX_effect&quot;:{&quot;unit&quot;:&quot;px&quot;,&quot;size&quot;:150,&quot;sizes&quot;:[]},&quot;_transform_translateX_effect_tablet&quot;:{&quot;unit&quot;:&quot;px&quot;,&quot;size&quot;:72,&quot;sizes&quot;:[]},&quot;_transform_translateX_effect_mobile&quot;:{&quot;unit&quot;:&quot;px&quot;,&quot;size&quot;:0,&quot;sizes&quot;:[]},&quot;_transform_translateY_effect&quot;:{&quot;unit&quot;:&quot;px&quot;,&quot;size&quot;:&quot;&quot;,&quot;sizes&quot;:[]},&quot;_transform_translateY_effect_tablet&quot;:{&quot;unit&quot;:&quot;px&quot;,&quot;size&quot;:&quot;&quot;,&quot;sizes&quot;:[]},&quot;_transform_translateY_effect_mobile&quot;:{&quot;unit&quot;:&quot;px&quot;,&quot;size&quot;:&quot;&quot;,&quot;sizes&quot;:[]}}\" data-widget_type=\"text-editor.default\">\n\t\t\t\t<div class=\"elementor-widget-container\">\n\t\t\t\t\t\t\t\t\t<p>Saborea la elegancia de las Croquetas de Jam\u00f3n Serrano, una sinfon\u00eda de bechamel cremosa y jam\u00f3n serrano ahumado, envueltas en un abrazo dorado y crujiente.<\/p>\t\t\t\t\t\t\t\t<\/div>\n\t\t\t\t<\/div>\n\t\t\t\t<\/div>\n\t\t<div class=\"elementor-element elementor-element-876be1c e-con-full e-flex e-con e-child\" data-id=\"876be1c\" data-element_type=\"container\" data-e-type=\"container\">\n\t\t\t\t<div class=\"elementor-element elementor-element-fc9bd45 elementor-invisible elementor-widget elementor-widget-image\" data-id=\"fc9bd45\" data-element_type=\"widget\" data-e-type=\"widget\" data-settings=\"{&quot;_animation&quot;:&quot;fadeInLeft&quot;,&quot;_animation_delay&quot;:500}\" data-widget_type=\"image.default\">\n\t\t\t\t<div class=\"elementor-widget-container\">\n\t\t\t\t\t\t\t\t\t\t\t\t\t\t\t<img loading=\"lazy\" decoding=\"async\" width=\"500\" height=\"333\" src=\"https:\/\/pose.bar\/wp-content\/uploads\/2023\/12\/Meatballs-500x333-WebP.webp\" class=\"attachment-large size-large wp-image-2452\" alt=\"Meatballs &amp; Secret dip on a Pose branded paper on a plate; cutlery, a lit candle, a pepper grinder, grapes and a glass of white wine in the background\" srcset=\"https:\/\/pose.bar\/wp-content\/uploads\/2023\/12\/Meatballs-500x333-WebP.webp 500w, https:\/\/pose.bar\/wp-content\/uploads\/2023\/12\/Meatballs-500x333-WebP-300x200.webp 300w, https:\/\/pose.bar\/wp-content\/uploads\/2023\/12\/Meatballs-500x333-WebP-200x133.webp 200w, https:\/\/pose.bar\/wp-content\/uploads\/2023\/12\/Meatballs-500x333-WebP-18x12.webp 18w\" sizes=\"(max-width: 500px) 100vw, 500px\" \/>\t\t\t\t\t\t\t\t\t\t\t\t\t\t\t<\/div>\n\t\t\t\t<\/div>\n\t\t\t\t<div class=\"elementor-element elementor-element-91d07bf e-transform elementor-widget elementor-widget-text-editor\" data-id=\"91d07bf\" data-element_type=\"widget\" data-e-type=\"widget\" data-settings=\"{&quot;_transform_translateX_effect&quot;:{&quot;unit&quot;:&quot;px&quot;,&quot;size&quot;:-90,&quot;sizes&quot;:[]},&quot;_transform_translateX_effect_tablet&quot;:{&quot;unit&quot;:&quot;px&quot;,&quot;size&quot;:-24,&quot;sizes&quot;:[]},&quot;_transform_translateX_effect_mobile&quot;:{&quot;unit&quot;:&quot;px&quot;,&quot;size&quot;:&quot;&quot;,&quot;sizes&quot;:[]},&quot;_transform_translateY_effect&quot;:{&quot;unit&quot;:&quot;px&quot;,&quot;size&quot;:&quot;&quot;,&quot;sizes&quot;:[]},&quot;_transform_translateY_effect_tablet&quot;:{&quot;unit&quot;:&quot;px&quot;,&quot;size&quot;:&quot;&quot;,&quot;sizes&quot;:[]},&quot;_transform_translateY_effect_mobile&quot;:{&quot;unit&quot;:&quot;px&quot;,&quot;size&quot;:&quot;&quot;,&quot;sizes&quot;:[]}}\" data-widget_type=\"text-editor.default\">\n\t\t\t\t<div class=\"elementor-widget-container\">\n\t\t\t\t\t\t\t\t\tPose<br>Alb\u00f3ndigas\t\t\t\t\t\t\t\t<\/div>\n\t\t\t\t<\/div>\n\t\t\t\t<div class=\"elementor-element elementor-element-a946efb elementor-widget__width-initial e-transform elementor-widget elementor-widget-text-editor\" data-id=\"a946efb\" data-element_type=\"widget\" data-e-type=\"widget\" data-settings=\"{&quot;_transform_translateX_effect&quot;:{&quot;unit&quot;:&quot;px&quot;,&quot;size&quot;:-150,&quot;sizes&quot;:[]},&quot;_transform_translateX_effect_tablet&quot;:{&quot;unit&quot;:&quot;px&quot;,&quot;size&quot;:-67,&quot;sizes&quot;:[]},&quot;_transform_translateX_effect_mobile&quot;:{&quot;unit&quot;:&quot;px&quot;,&quot;size&quot;:0,&quot;sizes&quot;:[]},&quot;_transform_translateY_effect_tablet&quot;:{&quot;unit&quot;:&quot;px&quot;,&quot;size&quot;:39,&quot;sizes&quot;:[]},&quot;_transform_translateY_effect_mobile&quot;:{&quot;unit&quot;:&quot;px&quot;,&quot;size&quot;:0,&quot;sizes&quot;:[]},&quot;_transform_translateY_effect&quot;:{&quot;unit&quot;:&quot;px&quot;,&quot;size&quot;:&quot;&quot;,&quot;sizes&quot;:[]}}\" data-widget_type=\"text-editor.default\">\n\t\t\t\t<div class=\"elementor-widget-container\">\n\t\t\t\t\t\t\t\t\t<p>Perfectamente condimentado y cocido a fuego lento hasta alcanzar la perfecci\u00f3n, servido con una deliciosa salsa para un bocado verdaderamente satisfactorio.<\/p>\t\t\t\t\t\t\t\t<\/div>\n\t\t\t\t<\/div>\n\t\t\t\t<\/div>\n\t\t<div class=\"elementor-element elementor-element-2a4073d e-con-full e-flex e-con e-child\" data-id=\"2a4073d\" data-element_type=\"container\" data-e-type=\"container\">\n\t\t\t\t<div class=\"elementor-element elementor-element-41588f3 elementor-invisible elementor-widget elementor-widget-image\" data-id=\"41588f3\" data-element_type=\"widget\" data-e-type=\"widget\" data-settings=\"{&quot;_animation&quot;:&quot;fadeInRight&quot;,&quot;_animation_delay&quot;:500}\" data-widget_type=\"image.default\">\n\t\t\t\t<div class=\"elementor-widget-container\">\n\t\t\t\t\t\t\t\t\t\t\t\t\t\t\t<img loading=\"lazy\" decoding=\"async\" width=\"800\" height=\"533\" src=\"https:\/\/pose.bar\/wp-content\/uploads\/2023\/09\/French-Fries-at-Pose-Gay-and-LGBTQ-Bar-Cozumel-Mexico-e1716482718301-1024x682.webp\" class=\"attachment-large size-large wp-image-1424\" alt=\"\" srcset=\"https:\/\/pose.bar\/wp-content\/uploads\/2023\/09\/French-Fries-at-Pose-Gay-and-LGBTQ-Bar-Cozumel-Mexico-e1716482718301-1024x682.webp 1024w, https:\/\/pose.bar\/wp-content\/uploads\/2023\/09\/French-Fries-at-Pose-Gay-and-LGBTQ-Bar-Cozumel-Mexico-e1716482718301-300x200.webp 300w, https:\/\/pose.bar\/wp-content\/uploads\/2023\/09\/French-Fries-at-Pose-Gay-and-LGBTQ-Bar-Cozumel-Mexico-e1716482718301-768x512.webp 768w, https:\/\/pose.bar\/wp-content\/uploads\/2023\/09\/French-Fries-at-Pose-Gay-and-LGBTQ-Bar-Cozumel-Mexico-e1716482718301-200x133.webp 200w, https:\/\/pose.bar\/wp-content\/uploads\/2023\/09\/French-Fries-at-Pose-Gay-and-LGBTQ-Bar-Cozumel-Mexico-e1716482718301-18x12.webp 18w, https:\/\/pose.bar\/wp-content\/uploads\/2023\/09\/French-Fries-at-Pose-Gay-and-LGBTQ-Bar-Cozumel-Mexico-e1716482718301.webp 1232w\" sizes=\"(max-width: 800px) 100vw, 800px\" \/>\t\t\t\t\t\t\t\t\t\t\t\t\t\t\t<\/div>\n\t\t\t\t<\/div>\n\t\t\t\t<div class=\"elementor-element elementor-element-2d4fc6b e-transform elementor-widget elementor-widget-text-editor\" data-id=\"2d4fc6b\" data-element_type=\"widget\" data-e-type=\"widget\" data-settings=\"{&quot;_transform_translateX_effect&quot;:{&quot;unit&quot;:&quot;px&quot;,&quot;size&quot;:90,&quot;sizes&quot;:[]},&quot;_transform_translateX_effect_tablet&quot;:{&quot;unit&quot;:&quot;px&quot;,&quot;size&quot;:25,&quot;sizes&quot;:[]},&quot;_transform_translateX_effect_mobile&quot;:{&quot;unit&quot;:&quot;px&quot;,&quot;size&quot;:&quot;&quot;,&quot;sizes&quot;:[]},&quot;_transform_translateY_effect&quot;:{&quot;unit&quot;:&quot;px&quot;,&quot;size&quot;:&quot;&quot;,&quot;sizes&quot;:[]},&quot;_transform_translateY_effect_tablet&quot;:{&quot;unit&quot;:&quot;px&quot;,&quot;size&quot;:&quot;&quot;,&quot;sizes&quot;:[]},&quot;_transform_translateY_effect_mobile&quot;:{&quot;unit&quot;:&quot;px&quot;,&quot;size&quot;:&quot;&quot;,&quot;sizes&quot;:[]}}\" data-widget_type=\"text-editor.default\">\n\t\t\t\t<div class=\"elementor-widget-container\">\n\t\t\t\t\t\t\t\t\tIrresistibles<br>Papas fritas\t\t\t\t\t\t\t\t<\/div>\n\t\t\t\t<\/div>\n\t\t\t\t<div class=\"elementor-element elementor-element-2b0bb89 elementor-widget__width-initial e-transform elementor-widget elementor-widget-text-editor\" data-id=\"2b0bb89\" data-element_type=\"widget\" data-e-type=\"widget\" data-settings=\"{&quot;_transform_translateX_effect&quot;:{&quot;unit&quot;:&quot;px&quot;,&quot;size&quot;:150,&quot;sizes&quot;:[]},&quot;_transform_translateX_effect_tablet&quot;:{&quot;unit&quot;:&quot;px&quot;,&quot;size&quot;:72,&quot;sizes&quot;:[]},&quot;_transform_translateX_effect_mobile&quot;:{&quot;unit&quot;:&quot;px&quot;,&quot;size&quot;:0,&quot;sizes&quot;:[]},&quot;_transform_translateY_effect&quot;:{&quot;unit&quot;:&quot;px&quot;,&quot;size&quot;:&quot;&quot;,&quot;sizes&quot;:[]},&quot;_transform_translateY_effect_tablet&quot;:{&quot;unit&quot;:&quot;px&quot;,&quot;size&quot;:&quot;&quot;,&quot;sizes&quot;:[]},&quot;_transform_translateY_effect_mobile&quot;:{&quot;unit&quot;:&quot;px&quot;,&quot;size&quot;:&quot;&quot;,&quot;sizes&quot;:[]}}\" data-widget_type=\"text-editor.default\">\n\t\t\t\t<div class=\"elementor-widget-container\">\n\t\t\t\t\t\t\t\t\t<p>Perfectamente condimentadas y servidas bien calientes, estas papas fritas son la botana Pose ideal. \u00a1Prep\u00e1rate para saborear la perfecci\u00f3n dorada y crujiente!<\/p>\t\t\t\t\t\t\t\t<\/div>\n\t\t\t\t<\/div>\n\t\t\t\t<\/div>\n\t\t\t\t\t<\/div>\n\t\t\t\t<\/div>\n\t\t\t\t<div class=\"elementor-element elementor-element-f117b8a elementor-widget__width-initial elementor-widget elementor-widget-text-editor\" data-id=\"f117b8a\" data-element_type=\"widget\" data-e-type=\"widget\" data-widget_type=\"text-editor.default\">\n\t\t\t\t<div class=\"elementor-widget-container\">\n\t\t\t\t\t\t\t\t\t<p><strong>Todos nuestros platos se preparan con ingredientes frescos de origen local y se cocinan con abundante pasi\u00f3n y amor.<\/strong><\/p>\t\t\t\t\t\t\t\t<\/div>\n\t\t\t\t<\/div>\n\t\t\t\t<div class=\"elementor-element elementor-element-2b8f738 elementor-widget__width-initial e-transform e-transform elementor-widget elementor-widget-image\" data-id=\"2b8f738\" data-element_type=\"widget\" data-e-type=\"widget\" data-settings=\"{&quot;_animation&quot;:&quot;none&quot;,&quot;_animation_delay&quot;:600,&quot;_transform_rotateZ_effect&quot;:{&quot;unit&quot;:&quot;px&quot;,&quot;size&quot;:-19,&quot;sizes&quot;:[]},&quot;_transform_translateX_effect&quot;:{&quot;unit&quot;:&quot;px&quot;,&quot;size&quot;:0,&quot;sizes&quot;:[]},&quot;_transform_translateY_effect&quot;:{&quot;unit&quot;:&quot;px&quot;,&quot;size&quot;:66,&quot;sizes&quot;:[]},&quot;_transform_rotateZ_effect_tablet&quot;:{&quot;unit&quot;:&quot;deg&quot;,&quot;size&quot;:&quot;&quot;,&quot;sizes&quot;:[]},&quot;_transform_rotateZ_effect_mobile&quot;:{&quot;unit&quot;:&quot;deg&quot;,&quot;size&quot;:&quot;&quot;,&quot;sizes&quot;:[]},&quot;_transform_translateX_effect_tablet&quot;:{&quot;unit&quot;:&quot;px&quot;,&quot;size&quot;:&quot;&quot;,&quot;sizes&quot;:[]},&quot;_transform_translateX_effect_mobile&quot;:{&quot;unit&quot;:&quot;px&quot;,&quot;size&quot;:&quot;&quot;,&quot;sizes&quot;:[]},&quot;_transform_translateY_effect_tablet&quot;:{&quot;unit&quot;:&quot;px&quot;,&quot;size&quot;:&quot;&quot;,&quot;sizes&quot;:[]},&quot;_transform_translateY_effect_mobile&quot;:{&quot;unit&quot;:&quot;px&quot;,&quot;size&quot;:&quot;&quot;,&quot;sizes&quot;:[]}}\" data-widget_type=\"image.default\">\n\t\t\t\t<div class=\"elementor-widget-container\">\n\t\t\t\t\t\t\t\t\t\t\t\t\t\t\t<img fetchpriority=\"high\" decoding=\"async\" width=\"768\" height=\"384\" src=\"https:\/\/pose.bar\/wp-content\/uploads\/2023\/09\/Vine-Motif-768x384.png\" class=\"attachment-medium_large size-medium_large wp-image-570\" alt=\"\" srcset=\"https:\/\/pose.bar\/wp-content\/uploads\/2023\/09\/Vine-Motif-768x384.png 768w, https:\/\/pose.bar\/wp-content\/uploads\/2023\/09\/Vine-Motif-300x150.png 300w, https:\/\/pose.bar\/wp-content\/uploads\/2023\/09\/Vine-Motif-1024x512.png 1024w, https:\/\/pose.bar\/wp-content\/uploads\/2023\/09\/Vine-Motif-200x100.png 200w, https:\/\/pose.bar\/wp-content\/uploads\/2023\/09\/Vine-Motif-18x9.png 18w, https:\/\/pose.bar\/wp-content\/uploads\/2023\/09\/Vine-Motif.png 1280w\" sizes=\"(max-width: 768px) 100vw, 768px\" \/>\t\t\t\t\t\t\t\t\t\t\t\t\t\t\t<\/div>\n\t\t\t\t<\/div>\n\t\t\t\t<\/div>\n\t\t\t\t\t<\/div>\n\t\t\t\t<\/div>\n\t\t<div class=\"elementor-element elementor-element-56dfbde e-flex e-con-boxed e-con e-parent\" data-id=\"56dfbde\" data-element_type=\"container\" data-e-type=\"container\">\n\t\t\t\t\t<div class=\"e-con-inner\">\n\t\t\t\t\t<\/div>\n\t\t\t\t<\/div>\n\t\t\t\t<\/div>","protected":false},"excerpt":{"rendered":"<p>TAPAS Delight in the Dynamic Tapas Tapestry: Savor, Share, and Celebrate the Flavors of Pose Bar. TapasGlass An exquisite ensemble of cold cuts, cheeses, olives, selected nuts and fruits, elegantly [&hellip;]<\/p>\n","protected":false},"author":2,"featured_media":0,"parent":0,"menu_order":0,"comment_status":"closed","ping_status":"closed","template":"","meta":{"footnotes":""},"class_list":["post-274","page","type-page","status-publish","hentry"],"_links":{"self":[{"href":"https:\/\/pose.bar\/es\/wp-json\/wp\/v2\/pages\/274","targetHints":{"allow":["GET"]}}],"collection":[{"href":"https:\/\/pose.bar\/es\/wp-json\/wp\/v2\/pages"}],"about":[{"href":"https:\/\/pose.bar\/es\/wp-json\/wp\/v2\/types\/page"}],"author":[{"embeddable":true,"href":"https:\/\/pose.bar\/es\/wp-json\/wp\/v2\/users\/2"}],"replies":[{"embeddable":true,"href":"https:\/\/pose.bar\/es\/wp-json\/wp\/v2\/comments?post=274"}],"version-history":[{"count":0,"href":"https:\/\/pose.bar\/es\/wp-json\/wp\/v2\/pages\/274\/revisions"}],"wp:attachment":[{"href":"https:\/\/pose.bar\/es\/wp-json\/wp\/v2\/media?parent=274"}],"curies":[{"name":"wp","href":"https:\/\/api.w.org\/{rel}","templated":true}]}}