{"id":4417,"date":"2024-09-10T19:11:48","date_gmt":"2024-09-11T00:11:48","guid":{"rendered":"https:\/\/pose.bar\/?page_id=4417"},"modified":"2024-09-10T19:11:48","modified_gmt":"2024-09-11T00:11:48","slug":"z-amigos-con-derecho","status":"publish","type":"page","link":"https:\/\/pose.bar\/es\/z-amigos-con-derecho\/","title":{"rendered":"z-Amigos-con-derecho"},"content":{"rendered":"<div data-elementor-type=\"wp-post\" data-elementor-id=\"4417\" class=\"elementor elementor-4417\" data-elementor-post-type=\"page\">\n\t\t\t\t<div class=\"elementor-element elementor-element-d9dd0eb e-flex e-con-boxed e-con e-parent\" data-id=\"d9dd0eb\" data-element_type=\"container\" data-e-type=\"container\" data-settings=\"{&quot;background_background&quot;:&quot;gradient&quot;}\">\n\t\t\t\t\t<div class=\"e-con-inner\">\n\t\t\t\t<div class=\"elementor-element elementor-element-1724ce0 animated-fast elementor-invisible elementor-widget elementor-widget-heading\" data-id=\"1724ce0\" data-element_type=\"widget\" data-e-type=\"widget\" data-settings=\"{&quot;_animation&quot;:&quot;fadeInLeft&quot;,&quot;_animation_mobile&quot;:&quot;fadeInRight&quot;,&quot;_animation_delay&quot;:500}\" data-widget_type=\"heading.default\">\n\t\t\t\t<div class=\"elementor-widget-container\">\n\t\t\t\t\t<h2 class=\"elementor-heading-title elementor-size-default\">Amigos con derechos <\/h2>\t\t\t\t<\/div>\n\t\t\t\t<\/div>\n\t\t\t\t<div class=\"elementor-element elementor-element-699c5e0 animated-fast elementor-invisible elementor-widget elementor-widget-text-editor\" data-id=\"699c5e0\" data-element_type=\"widget\" data-e-type=\"widget\" data-settings=\"{&quot;_animation&quot;:&quot;fadeInLeft&quot;,&quot;_animation_delay&quot;:1300,&quot;_animation_mobile&quot;:&quot;fadeInRight&quot;}\" data-widget_type=\"text-editor.default\">\n\t\t\t\t<div class=\"elementor-widget-container\">\n\t\t\t\t\t\t\t\t\t<p><strong>Reik feat. Maluma<\/strong><\/p>\t\t\t\t\t\t\t\t<\/div>\n\t\t\t\t<\/div>\n\t\t\t\t<div class=\"elementor-element elementor-element-6d9a967 animated-fast elementor-invisible elementor-widget elementor-widget-text-editor\" data-id=\"6d9a967\" data-element_type=\"widget\" data-e-type=\"widget\" data-settings=\"{&quot;_animation&quot;:&quot;fadeInLeft&quot;,&quot;_animation_delay&quot;:2000,&quot;_animation_mobile&quot;:&quot;fadeInRight&quot;}\" data-widget_type=\"text-editor.default\">\n\t\t\t\t<div class=\"elementor-widget-container\">\n\t\t\t\t\t\t\t\t\t<p><span style=\"font-weight: 400;\">Te presto mis ojos<\/span><\/p><p><span style=\"font-weight: 400;\">Para que veas lo hermosa que eres, mmh<\/span><\/p><p><span style=\"font-weight: 400;\">Te presto mis manos<\/span><\/p><p><span style=\"font-weight: 400;\">Para que toques las nubes si quieres, oh, oh, oh<\/span><\/p><p><span style=\"font-weight: 400;\">Te presto mis dedos para que recuerdes<\/span><\/p><p><span style=\"font-weight: 400;\">Todo lo que hicimos esa noche del viernes<\/span><\/p><p><span style=\"font-weight: 400;\">Te presto mis besos y me los devuelves<\/span><\/p><p><span style=\"font-weight: 400;\">As\u00ed tengo una excusa para volver a verte<\/span><\/p><p><span style=\"font-weight: 400;\">Yo no te pido que te enamores<\/span><\/p><p><span style=\"font-weight: 400;\">Seamos eternos s\u00f3lo esta noche<\/span><\/p><p><span style=\"font-weight: 400;\">Yo no te pido que seamos novios<\/span><\/p><p><span style=\"font-weight: 400;\">Si siendo amigos ya nos damos de todo<\/span><\/p><p><span style=\"font-weight: 400;\">Amigos con derechos<\/span><\/p><p><span style=\"font-weight: 400;\">Y todos tus despechos<\/span><\/p><p><span style=\"font-weight: 400;\">Te los quitas conmigo<\/span><\/p><p><span style=\"font-weight: 400;\">Como nadie lo hab\u00eda hecho<\/span><\/p><p><span style=\"font-weight: 400;\">Amigos con derechos<\/span><\/p><p><span style=\"font-weight: 400;\">Que sea nuestro secreto<\/span><\/p><p><span style=\"font-weight: 400;\">Que s\u00f3lo las paredes<\/span><\/p><p><span style=\"font-weight: 400;\">Sean testigos de lo nuestro<\/span><\/p><p><span style=\"font-weight: 400;\">Oye, oye, escucha c\u00f3mo nos conocimos<\/span><\/p><p><span style=\"font-weight: 400;\">(Venga)<\/span><\/p><p><span style=\"font-weight: 400;\">Eran las ocho y quince en la plaza de San Juan<\/span><\/p><p><span style=\"font-weight: 400;\">Ibas caminando con un par de amigas m\u00e1s<\/span><\/p><p><span style=\"font-weight: 400;\">Te hac\u00edas la juguetona, como que no quiere la cosa<\/span><\/p><p><span style=\"font-weight: 400;\">Me tiraste una mirada misteriosa, yeh<\/span><\/p><p><span style=\"font-weight: 400;\">M\u00e1tame<\/span><\/p><p><span style=\"font-weight: 400;\">Con esa boquita embri\u00e1game<\/span><\/p><p><span style=\"font-weight: 400;\">Con tu cuerpo, ven, sed\u00faceme<\/span><\/p><p><span style=\"font-weight: 400;\">Quit\u00e9monos ya la ropa que as\u00ed desnuda te ves m\u00e1s sexy<\/span><\/p><p><span style=\"font-weight: 400;\">Para m\u00ed, t\u00fa eres mi lady<\/span><\/p><p><span style=\"font-weight: 400;\">Yo soy tu Maluma, baby<\/span><\/p><p><span style=\"font-weight: 400;\">Amigos con derechos<\/span><\/p><p><span style=\"font-weight: 400;\">Tu buen provecho<\/span><\/p><p><span style=\"font-weight: 400;\">Te presto mis dedos para que recuerdes<\/span><\/p><p><span style=\"font-weight: 400;\">Todo lo que hicimos esa noche del viernes<\/span><\/p><p><span style=\"font-weight: 400;\">Te presto mis besos y me los devuelves<\/span><\/p><p><span style=\"font-weight: 400;\">As\u00ed tengo una excusa para volver a verte<\/span><\/p><p><span style=\"font-weight: 400;\">Yo no te pido que te enamores<\/span><\/p><p><span style=\"font-weight: 400;\">Seamos eternos s\u00f3lo esta noche<\/span><\/p><p><span style=\"font-weight: 400;\">Yo no te pido que seamos novios<\/span><\/p><p><span style=\"font-weight: 400;\">Si siendo amigos ya nos damos de todo<\/span><\/p><p><span style=\"font-weight: 400;\">Amigos con derechos<\/span><\/p><p><span style=\"font-weight: 400;\">Y todos tus despechos<\/span><\/p><p><span style=\"font-weight: 400;\">Te los quitas conmigo<\/span><\/p><p><span style=\"font-weight: 400;\">Como nadie lo hab\u00eda hecho<\/span><\/p><p><span style=\"font-weight: 400;\">Amigos con derechos<\/span><\/p><p><span style=\"font-weight: 400;\">Que sea nuestro secreto<\/span><\/p><p><span style=\"font-weight: 400;\">Que s\u00f3lo las paredes<\/span><\/p><p><span style=\"font-weight: 400;\">Sean testigos de lo nuestro<\/span><\/p><p><span style=\"font-weight: 400;\">Uh-uh-uh-uh (Woh-oh)<\/span><\/p><p><span style=\"font-weight: 400;\">Uh-uh-uh-uh (Yeh-eh)<\/span><\/p><p><span style=\"font-weight: 400;\">Vamos a besarnos y que sea nuestro secreto<\/span><\/p><p><span style=\"font-weight: 400;\">Uh-uh-uh-uh (Woh-oh)<\/span><\/p><p><span style=\"font-weight: 400;\">Uh-uh-uh-uh (Yeh-eh)<\/span><\/p><p><span style=\"font-weight: 400;\">Aunque todo el mundo ya sospeche de lo nuestro<\/span><\/p><p><span style=\"font-weight: 400;\">(Dice, dice)<\/span><\/p><p><span style=\"font-weight: 400;\">Uh-uh-uh-uh (Maluma, baby)<\/span><\/p><p><span style=\"font-weight: 400;\">Uh-uh-uh-uh (D\u00edmelo Reik)<\/span><\/p><p><span style=\"font-weight: 400;\">Aunque todo el mundo ya sospeche de lo nuestro<\/span><\/p><p><span style=\"font-weight: 400;\">(Colombia, M\u00e9xico, worldwide, baby)<\/span><\/p>\t\t\t\t\t\t\t\t<\/div>\n\t\t\t\t<\/div>\n\t\t\t\t\t<\/div>\n\t\t\t\t<\/div>\n\t\t\t\t<\/div>","protected":false},"excerpt":{"rendered":"<p>Amigos con derechos Reik feat. Maluma Te presto mis ojos Para que veas lo hermosa que eres, mmh Te presto mis manos Para que toques las nubes si quieres, oh, [&hellip;]<\/p>\n","protected":false},"author":2,"featured_media":0,"parent":0,"menu_order":0,"comment_status":"closed","ping_status":"closed","template":"elementor_header_footer","meta":{"footnotes":""},"class_list":["post-4417","page","type-page","status-publish","hentry"],"_links":{"self":[{"href":"https:\/\/pose.bar\/es\/wp-json\/wp\/v2\/pages\/4417","targetHints":{"allow":["GET"]}}],"collection":[{"href":"https:\/\/pose.bar\/es\/wp-json\/wp\/v2\/pages"}],"about":[{"href":"https:\/\/pose.bar\/es\/wp-json\/wp\/v2\/types\/page"}],"author":[{"embeddable":true,"href":"https:\/\/pose.bar\/es\/wp-json\/wp\/v2\/users\/2"}],"replies":[{"embeddable":true,"href":"https:\/\/pose.bar\/es\/wp-json\/wp\/v2\/comments?post=4417"}],"version-history":[{"count":0,"href":"https:\/\/pose.bar\/es\/wp-json\/wp\/v2\/pages\/4417\/revisions"}],"wp:attachment":[{"href":"https:\/\/pose.bar\/es\/wp-json\/wp\/v2\/media?parent=4417"}],"curies":[{"name":"wp","href":"https:\/\/api.w.org\/{rel}","templated":true}]}}