{"id":4421,"date":"2024-09-10T19:13:40","date_gmt":"2024-09-11T00:13:40","guid":{"rendered":"https:\/\/pose.bar\/?page_id=4421"},"modified":"2024-09-10T19:13:40","modified_gmt":"2024-09-11T00:13:40","slug":"z-amor-a-primera-vista","status":"publish","type":"page","link":"https:\/\/pose.bar\/es\/z-amor-a-primera-vista\/","title":{"rendered":"z-Amor-a-primera-vista"},"content":{"rendered":"<div data-elementor-type=\"wp-post\" data-elementor-id=\"4421\" class=\"elementor elementor-4421\" data-elementor-post-type=\"page\">\n\t\t\t\t<div class=\"elementor-element elementor-element-d9dd0eb e-flex e-con-boxed e-con e-parent\" data-id=\"d9dd0eb\" data-element_type=\"container\" data-e-type=\"container\" data-settings=\"{&quot;background_background&quot;:&quot;gradient&quot;}\">\n\t\t\t\t\t<div class=\"e-con-inner\">\n\t\t\t\t<div class=\"elementor-element elementor-element-1724ce0 animated-fast elementor-invisible elementor-widget elementor-widget-heading\" data-id=\"1724ce0\" data-element_type=\"widget\" data-e-type=\"widget\" data-settings=\"{&quot;_animation&quot;:&quot;fadeInLeft&quot;,&quot;_animation_mobile&quot;:&quot;fadeInRight&quot;,&quot;_animation_delay&quot;:500}\" data-widget_type=\"heading.default\">\n\t\t\t\t<div class=\"elementor-widget-container\">\n\t\t\t\t\t<h2 class=\"elementor-heading-title elementor-size-default\">Amor a primera vista<\/h2>\t\t\t\t<\/div>\n\t\t\t\t<\/div>\n\t\t\t\t<div class=\"elementor-element elementor-element-699c5e0 animated-fast elementor-invisible elementor-widget elementor-widget-text-editor\" data-id=\"699c5e0\" data-element_type=\"widget\" data-e-type=\"widget\" data-settings=\"{&quot;_animation&quot;:&quot;fadeInLeft&quot;,&quot;_animation_delay&quot;:1300,&quot;_animation_mobile&quot;:&quot;fadeInRight&quot;}\" data-widget_type=\"text-editor.default\">\n\t\t\t\t<div class=\"elementor-widget-container\">\n\t\t\t\t\t\t\t\t\t<p><strong>Los Angeles Azules feat. Belinda<\/strong><\/p>\t\t\t\t\t\t\t\t<\/div>\n\t\t\t\t<\/div>\n\t\t\t\t<div class=\"elementor-element elementor-element-6d9a967 animated-fast elementor-invisible elementor-widget elementor-widget-text-editor\" data-id=\"6d9a967\" data-element_type=\"widget\" data-e-type=\"widget\" data-settings=\"{&quot;_animation&quot;:&quot;fadeInLeft&quot;,&quot;_animation_delay&quot;:2000,&quot;_animation_mobile&quot;:&quot;fadeInRight&quot;}\" data-widget_type=\"text-editor.default\">\n\t\t\t\t<div class=\"elementor-widget-container\">\n\t\t\t\t\t\t\t\t\t<p><span style=\"font-weight: 400;\">Uh, uh-uh-uh-uh-uh<\/span><\/p><p><span style=\"font-weight: 400;\">Uh-uh-uh-uh-uh<\/span><\/p><p><span style=\"font-weight: 400;\">Uh-uh-uh-uh-uh, uh, uh<\/span><\/p><p><span style=\"font-weight: 400;\">Uh, uh-uh-uh-uh-uh<\/span><\/p><p><span style=\"font-weight: 400;\">Uh-uh-uh-uh-uh<\/span><\/p><p><span style=\"font-weight: 400;\">Uh-uh-uh-uh-uh, uh, uh<\/span><\/p><p><span style=\"font-weight: 400;\">Te vi pasar con tu carita de \u00e1ngel<\/span><\/p><p><span style=\"font-weight: 400;\">Ojos de rub\u00ed, sonrisa bien brillante<\/span><\/p><p><span style=\"font-weight: 400;\">Te segu\u00ed, lo s\u00e9, mi instinto me llevaba hacia ti<\/span><\/p><p><span style=\"font-weight: 400;\">Llegu\u00e9 al bar, ped\u00ed un fuerte tequila<\/span><\/p><p><span style=\"font-weight: 400;\">Para comenzar<\/span><\/p><p><span style=\"font-weight: 400;\">Te vi con tus amigas, me acerqu\u00e9<\/span><\/p><p><span style=\"font-weight: 400;\">Con el pretexto de invitarte a bailar<\/span><\/p><p><span style=\"font-weight: 400;\">La rola que sonaba incitaba a gozar<\/span><\/p><p><span style=\"font-weight: 400;\">Cuerpo a cuerpo t\u00fa y yo, pegaditos los dos<\/span><\/p><p><span style=\"font-weight: 400;\">Te dije, al o\u00eddo: &#8220;me gustas<\/span><\/p><p><span style=\"font-weight: 400;\">Y quiero que vengas conmigo esta noche&#8221;<\/span><\/p><p><span style=\"font-weight: 400;\">Y tomar, junto a ti, el caf\u00e9 de las ma\u00f1anas<\/span><\/p><p><span style=\"font-weight: 400;\">Despertarte a besos, complaci\u00e9ndote en mi cama<\/span><\/p><p><span style=\"font-weight: 400;\">Y mirar tu cara, tu carita sonriente<\/span><\/p><p><span style=\"font-weight: 400;\">Que sepa, la gente, que te quiero y que me quieres<\/span><\/p><p><span style=\"font-weight: 400;\">Sin pensar en el pasado ni el presente<\/span><\/p><p><span style=\"font-weight: 400;\">No me importa, amor, saber de d\u00f3nde vienes<\/span><\/p><p><span style=\"font-weight: 400;\">Si soy el primero o el \u00faltimo en tu lista<\/span><\/p><p><span style=\"font-weight: 400;\">Yo s\u00e9 bien que es amor a primera vista<\/span><\/p><p><span style=\"font-weight: 400;\">Uh, uh-uh-uh-uh-uh<\/span><\/p><p><span style=\"font-weight: 400;\">Uh-uh-uh-uh-uh<\/span><\/p><p><span style=\"font-weight: 400;\">Uh-uh-uh-uh-uh, uh, uh<\/span><\/p><p><span style=\"font-weight: 400;\">Me voy, por hoy<\/span><\/p><p><span style=\"font-weight: 400;\">Pero, quiz\u00e1 ma\u00f1ana volver\u00e9<\/span><\/p><p><span style=\"font-weight: 400;\">Y ojal\u00e1 que nos volvamos a ver<\/span><\/p><p><span style=\"font-weight: 400;\">Porque contigo la he pasado muy bien<\/span><\/p><p><span style=\"font-weight: 400;\">Por m\u00e1s que yo quer\u00eda, no me atrev\u00ed a decir<\/span><\/p><p><span style=\"font-weight: 400;\">&#8220;No te vayas, por Dios qu\u00e9date, por favor&#8221;<\/span><\/p><p><span style=\"font-weight: 400;\">Te dije al o\u00eddo: &#8220;me gustas<\/span><\/p><p><span style=\"font-weight: 400;\">Y quiero que duermas conmigo esta noche&#8221;<\/span><\/p><p><span style=\"font-weight: 400;\">Y tomar, junto a ti, el caf\u00e9 de las ma\u00f1anas<\/span><\/p><p><span style=\"font-weight: 400;\">Despertarte a besos, complaci\u00e9ndote en mi cama<\/span><\/p><p><span style=\"font-weight: 400;\">Y mirar tu cara, tu carita sonriente<\/span><\/p><p><span style=\"font-weight: 400;\">Que sepa, la gente, que te quiero y que me quieres<\/span><\/p><p><span style=\"font-weight: 400;\">Sin pensar en el pasado ni el presente<\/span><\/p><p><span style=\"font-weight: 400;\">No me importa, amor, saber de d\u00f3nde vienes<\/span><\/p><p><span style=\"font-weight: 400;\">Si soy el primero o el \u00faltimo en tu lista<\/span><\/p><p><span style=\"font-weight: 400;\">Yo s\u00e9 bien que es amor a primera vista<\/span><\/p><p><span style=\"font-weight: 400;\">Pasado pisado, girl<\/span><\/p><p><span style=\"font-weight: 400;\">Rico fue volverte a ver<\/span><\/p><p><span style=\"font-weight: 400;\">Pero m\u00e1s me pasa a m\u00ed, vi tu foto en Internet<\/span><\/p><p><span style=\"font-weight: 400;\">Todo, todo, en verdad, que t\u00fa lo tienes todo<\/span><\/p><p><span style=\"font-weight: 400;\">Pasi\u00f3n y rebelde con el amor<\/span><\/p><p><span style=\"font-weight: 400;\">Quiz\u00e1 fue el destino (El destino), te quiero volver a ver<\/span><\/p><p><span style=\"font-weight: 400;\">Est\u00e1s en mi camino (T\u00fa), como aquel atardecer<\/span><\/p><p><span style=\"font-weight: 400;\">Suele suceder, el amor es ciego nunca puede ver<\/span><\/p><p><span style=\"font-weight: 400;\">Sin pensar en el pasado, ni el presente<\/span><\/p><p><span style=\"font-weight: 400;\">No me importa, amor, saber de d\u00f3nde vienes<\/span><\/p><p><span style=\"font-weight: 400;\">Si soy la primera o la \u00faltima en tu lista<\/span><\/p><p><span style=\"font-weight: 400;\">Yo s\u00e9 bien que es amor a primera vista<\/span><\/p><p><span style=\"font-weight: 400;\">Uh, uh-uh-uh-uh-uh<\/span><\/p><p><span style=\"font-weight: 400;\">Uh-uh-uh-uh-uh<\/span><\/p><p><span style=\"font-weight: 400;\">Uh-uh-uh-uh-uh, uh, uh<\/span><\/p><p><span style=\"font-weight: 400;\">Amor, amor, amor<\/span><\/p><p><span style=\"font-weight: 400;\">(Uh-uh-uh-uh-uh) Amor, amor, amor<\/span><\/p><p><span style=\"font-weight: 400;\">(Uh-uh-uh-uh-uh, uh, uh) Amor, amor, amor<\/span><\/p><p><span style=\"font-weight: 400;\">A primera vista<\/span><\/p>\t\t\t\t\t\t\t\t<\/div>\n\t\t\t\t<\/div>\n\t\t\t\t\t<\/div>\n\t\t\t\t<\/div>\n\t\t\t\t<\/div>","protected":false},"excerpt":{"rendered":"<p>Amor a primera vista Los Angeles Azules feat. Belinda Uh, uh-uh-uh-uh-uh Uh-uh-uh-uh-uh Uh-uh-uh-uh-uh, uh, uh Uh, uh-uh-uh-uh-uh Uh-uh-uh-uh-uh Uh-uh-uh-uh-uh, uh, uh Te vi pasar con tu carita de \u00e1ngel Ojos [&hellip;]<\/p>\n","protected":false},"author":2,"featured_media":0,"parent":0,"menu_order":0,"comment_status":"closed","ping_status":"closed","template":"elementor_header_footer","meta":{"footnotes":""},"class_list":["post-4421","page","type-page","status-publish","hentry"],"_links":{"self":[{"href":"https:\/\/pose.bar\/es\/wp-json\/wp\/v2\/pages\/4421","targetHints":{"allow":["GET"]}}],"collection":[{"href":"https:\/\/pose.bar\/es\/wp-json\/wp\/v2\/pages"}],"about":[{"href":"https:\/\/pose.bar\/es\/wp-json\/wp\/v2\/types\/page"}],"author":[{"embeddable":true,"href":"https:\/\/pose.bar\/es\/wp-json\/wp\/v2\/users\/2"}],"replies":[{"embeddable":true,"href":"https:\/\/pose.bar\/es\/wp-json\/wp\/v2\/comments?post=4421"}],"version-history":[{"count":0,"href":"https:\/\/pose.bar\/es\/wp-json\/wp\/v2\/pages\/4421\/revisions"}],"wp:attachment":[{"href":"https:\/\/pose.bar\/es\/wp-json\/wp\/v2\/media?parent=4421"}],"curies":[{"name":"wp","href":"https:\/\/api.w.org\/{rel}","templated":true}]}}