{"id":4427,"date":"2024-09-10T19:16:17","date_gmt":"2024-09-11T00:16:17","guid":{"rendered":"https:\/\/pose.bar\/?page_id=4427"},"modified":"2024-09-10T19:16:17","modified_gmt":"2024-09-11T00:16:17","slug":"z-bam-bam","status":"publish","type":"page","link":"https:\/\/pose.bar\/es\/z-bam-bam\/","title":{"rendered":"z-Bam-Bam"},"content":{"rendered":"<div data-elementor-type=\"wp-post\" data-elementor-id=\"4427\" class=\"elementor elementor-4427\" data-elementor-post-type=\"page\">\n\t\t\t\t<div class=\"elementor-element elementor-element-d9dd0eb e-flex e-con-boxed e-con e-parent\" data-id=\"d9dd0eb\" data-element_type=\"container\" data-e-type=\"container\" data-settings=\"{&quot;background_background&quot;:&quot;gradient&quot;}\">\n\t\t\t\t\t<div class=\"e-con-inner\">\n\t\t\t\t<div class=\"elementor-element elementor-element-1724ce0 animated-fast elementor-invisible elementor-widget elementor-widget-heading\" data-id=\"1724ce0\" data-element_type=\"widget\" data-e-type=\"widget\" data-settings=\"{&quot;_animation&quot;:&quot;fadeInLeft&quot;,&quot;_animation_mobile&quot;:&quot;fadeInRight&quot;,&quot;_animation_delay&quot;:500}\" data-widget_type=\"heading.default\">\n\t\t\t\t<div class=\"elementor-widget-container\">\n\t\t\t\t\t<h2 class=\"elementor-heading-title elementor-size-default\">Bam Bam<\/h2>\t\t\t\t<\/div>\n\t\t\t\t<\/div>\n\t\t\t\t<div class=\"elementor-element elementor-element-699c5e0 animated-fast elementor-invisible elementor-widget elementor-widget-text-editor\" data-id=\"699c5e0\" data-element_type=\"widget\" data-e-type=\"widget\" data-settings=\"{&quot;_animation&quot;:&quot;fadeInLeft&quot;,&quot;_animation_delay&quot;:1300,&quot;_animation_mobile&quot;:&quot;fadeInRight&quot;}\" data-widget_type=\"text-editor.default\">\n\t\t\t\t<div class=\"elementor-widget-container\">\n\t\t\t\t\t\t\t\t\t<p><strong>Camila Cabello feat. Ed Sheeran<\/strong><\/p>\t\t\t\t\t\t\t\t<\/div>\n\t\t\t\t<\/div>\n\t\t\t\t<div class=\"elementor-element elementor-element-6d9a967 animated-fast elementor-invisible elementor-widget elementor-widget-text-editor\" data-id=\"6d9a967\" data-element_type=\"widget\" data-e-type=\"widget\" data-settings=\"{&quot;_animation&quot;:&quot;fadeInLeft&quot;,&quot;_animation_delay&quot;:2000,&quot;_animation_mobile&quot;:&quot;fadeInRight&quot;}\" data-widget_type=\"text-editor.default\">\n\t\t\t\t<div class=\"elementor-widget-container\">\n\t\t\t\t\t\t\t\t\t<p><span style=\"font-weight: 400;\">You said you hated the ocean, but you&#8217;re surfin&#8217; now<\/span><\/p><p><span style=\"font-weight: 400;\">I said I&#8217;d love you for life, but I just sold our house<\/span><\/p><p><span style=\"font-weight: 400;\">We were kids at the start, I guess we&#8217;re grown-ups now, mm<\/span><\/p><p><span style=\"font-weight: 400;\">Couldn&#8217;t ever imagine even havin&#8217; doubts<\/span><\/p><p><span style=\"font-weight: 400;\">But not everything works out, no<\/span><\/p><p><span style=\"font-weight: 400;\">Now I&#8217;m out dancin&#8217; with strangers<\/span><\/p><p><span style=\"font-weight: 400;\">You could be casually datin&#8217;<\/span><\/p><p><span style=\"font-weight: 400;\">Damn, it&#8217;s all changin&#8217; so fast<\/span><\/p><p><span style=\"font-weight: 400;\">As\u00ed es la vida, s\u00ed<\/span><\/p><p><span style=\"font-weight: 400;\">Yeah, that&#8217;s just life, baby<\/span><\/p><p><span style=\"font-weight: 400;\">Yeah, love came around and it knocked me down<\/span><\/p><p><span style=\"font-weight: 400;\">But I&#8217;m back on my feet<\/span><\/p><p><span style=\"font-weight: 400;\">As\u00ed es la vida, s\u00ed<\/span><\/p><p><span style=\"font-weight: 400;\">Yeah, that&#8217;s just life, baby<\/span><\/p><p><span style=\"font-weight: 400;\">I was barely standin&#8217;, but now I&#8217;m dancin&#8217;<\/span><\/p><p><span style=\"font-weight: 400;\">He&#8217;s all over me (goza)<\/span><\/p><p><span style=\"font-weight: 400;\">Bidi-bam-bam-bam-bam, bam-bam<\/span><\/p><p><span style=\"font-weight: 400;\">Bidi-bam-bam-bam-bam, bam-bam<\/span><\/p><p><span style=\"font-weight: 400;\">Bidi-bam-bam-bam-bam, bam-bam<\/span><\/p><p><span style=\"font-weight: 400;\">Bidi-bam-bam-bam-bam (as\u00ed es la vida)<\/span><\/p><p><span style=\"font-weight: 400;\">Bidi-bam-bam-bam-bam, bam-bam (uh-huh)<\/span><\/p><p><span style=\"font-weight: 400;\">Bidi-bam-bam-bam-bam, bam-bam (uh-huh)<\/span><\/p><p><span style=\"font-weight: 400;\">Bidi-bam-bam-bam-bam, bam-bam (uh-huh)<\/span><\/p><p><span style=\"font-weight: 400;\">Bidi-bam-bam-bam-bam<\/span><\/p><p><span style=\"font-weight: 400;\">It&#8217;s been a hell of a year, thank God we made it out<\/span><\/p><p><span style=\"font-weight: 400;\">Yeah, we were riding a wave, and trying not to drown<\/span><\/p><p><span style=\"font-weight: 400;\">And on the surface, I held it together but underneath, I sorta came unwound<\/span><\/p><p><span style=\"font-weight: 400;\">Where would I be? You&#8217;re all that I need, my world, baby, you hold me down<\/span><\/p><p><span style=\"font-weight: 400;\">You always hold me down, now<\/span><\/p><p><span style=\"font-weight: 400;\">I&#8217;ve been a breaker and broken<\/span><\/p><p><span style=\"font-weight: 400;\">Every mistake turns to moments<\/span><\/p><p><span style=\"font-weight: 400;\">Wouldn&#8217;t take anything back<\/span><\/p><p><span style=\"font-weight: 400;\">As\u00ed es la vida, s\u00ed (as\u00ed e&#8217;)<\/span><\/p><p><span style=\"font-weight: 400;\">Yeah, that&#8217;s just life, baby<\/span><\/p><p><span style=\"font-weight: 400;\">Yeah, love came around and it knocked me down<\/span><\/p><p><span style=\"font-weight: 400;\">But I&#8217;m back on my feet<\/span><\/p><p><span style=\"font-weight: 400;\">As\u00ed es la vida, s\u00ed<\/span><\/p><p><span style=\"font-weight: 400;\">Yeah, that&#8217;s just life, baby<\/span><\/p><p><span style=\"font-weight: 400;\">I was barely standin&#8217;, but now I&#8217;m dancin&#8217;<\/span><\/p><p><span style=\"font-weight: 400;\">He&#8217;s all over me<\/span><\/p><p><span style=\"font-weight: 400;\">Bidi-bam-bam-bam-bam, bam-bam<\/span><\/p><p><span style=\"font-weight: 400;\">Bidi-bam-bam-bam-bam, bam-bam<\/span><\/p><p><span style=\"font-weight: 400;\">Bidi-bam-bam-bam-bam, bam-bam<\/span><\/p><p><span style=\"font-weight: 400;\">Bidi-bam-bam-bam-bam (ah\u00ed, ah\u00ed)<\/span><\/p><p><span style=\"font-weight: 400;\">Bidi-bam-bam-bam-bam, bam-bam<\/span><\/p><p><span style=\"font-weight: 400;\">Bidi-bam-bam-bam-bam, bam-bam<\/span><\/p><p><span style=\"font-weight: 400;\">Bidi-bam-bam-bam-bam, bam-bam<\/span><\/p><p><span style=\"font-weight: 400;\">Bidi-bam-bam-bam-bam (p\u00f3nganle az\u00facar, mi gente)<\/span><\/p><p><span style=\"font-weight: 400;\">Y sigue bailando, hey<\/span><\/p><p><span style=\"font-weight: 400;\">Y sigue bailando, aj\u00e1 (keep dancing, yeah)<\/span><\/p><p><span style=\"font-weight: 400;\">Y sigue bailando (keep dancing, yeah)<\/span><\/p><p><span style=\"font-weight: 400;\">Y sigue bailando (ayy)<\/span><\/p><p><span style=\"font-weight: 400;\">aj\u00e1, y sigue bailando<\/span><\/p><p><span style=\"font-weight: 400;\">(Keep dancing, yeah) y sigue bailando (ayy)<\/span><\/p><p><span style=\"font-weight: 400;\">(Hay amor en todos lados) y sigue bailando, uoh<\/span><\/p><p><span style=\"font-weight: 400;\">(Sigue, sigue, sigue bailando)<\/span><\/p><p><span style=\"font-weight: 400;\">As\u00ed es la vida, s\u00ed<\/span><\/p><p><span style=\"font-weight: 400;\">Yeah, that&#8217;s just life, baby<\/span><\/p><p><span style=\"font-weight: 400;\">Yeah, love came around and it knocked me down<\/span><\/p><p><span style=\"font-weight: 400;\">But I&#8217;m back on my feet<\/span><\/p><p><span style=\"font-weight: 400;\">As\u00ed es la vida, s\u00ed<\/span><\/p><p><span style=\"font-weight: 400;\">Yeah, that&#8217;s just life, baby<\/span><\/p><p><span style=\"font-weight: 400;\">I was barely standin&#8217;, but now I&#8217;m dancin&#8217;<\/span><\/p><p><span style=\"font-weight: 400;\">She&#8217;s all over me (hey, hey)<\/span><\/p><p><span style=\"font-weight: 400;\">Now I&#8217;m, now I&#8217;m dancin&#8217; (keep dancing, yeah)<\/span><\/p><p><span style=\"font-weight: 400;\">Now I&#8217;m, now I&#8217;m dancin&#8217; (keep dancing, yeah)<\/span><\/p><p><span style=\"font-weight: 400;\">Now I&#8217;m, now I&#8217;m dancin&#8217; (keep dancing, yeah)<\/span><\/p><p><span style=\"font-weight: 400;\">(Bam-bam-bam-bam) (hey, hey)<\/span><\/p><p><span style=\"font-weight: 400;\">And now I&#8217;m dancin&#8217; (keep dancing, yeah)<\/span><\/p><p><span style=\"font-weight: 400;\">Now I&#8217;m dancin&#8217; (keep dancing, yeah)<\/span><\/p><p><span style=\"font-weight: 400;\">(Bam-bam-bam-bam) eh<\/span><\/p>\t\t\t\t\t\t\t\t<\/div>\n\t\t\t\t<\/div>\n\t\t\t\t\t<\/div>\n\t\t\t\t<\/div>\n\t\t\t\t<\/div>","protected":false},"excerpt":{"rendered":"<p>Bam Bam Camila Cabello feat. Ed Sheeran You said you hated the ocean, but you&#8217;re surfin&#8217; now I said I&#8217;d love you for life, but I just sold our house [&hellip;]<\/p>\n","protected":false},"author":2,"featured_media":0,"parent":0,"menu_order":0,"comment_status":"closed","ping_status":"closed","template":"elementor_header_footer","meta":{"footnotes":""},"class_list":["post-4427","page","type-page","status-publish","hentry"],"_links":{"self":[{"href":"https:\/\/pose.bar\/es\/wp-json\/wp\/v2\/pages\/4427","targetHints":{"allow":["GET"]}}],"collection":[{"href":"https:\/\/pose.bar\/es\/wp-json\/wp\/v2\/pages"}],"about":[{"href":"https:\/\/pose.bar\/es\/wp-json\/wp\/v2\/types\/page"}],"author":[{"embeddable":true,"href":"https:\/\/pose.bar\/es\/wp-json\/wp\/v2\/users\/2"}],"replies":[{"embeddable":true,"href":"https:\/\/pose.bar\/es\/wp-json\/wp\/v2\/comments?post=4427"}],"version-history":[{"count":0,"href":"https:\/\/pose.bar\/es\/wp-json\/wp\/v2\/pages\/4427\/revisions"}],"wp:attachment":[{"href":"https:\/\/pose.bar\/es\/wp-json\/wp\/v2\/media?parent=4427"}],"curies":[{"name":"wp","href":"https:\/\/api.w.org\/{rel}","templated":true}]}}