{"id":4459,"date":"2024-09-10T19:30:34","date_gmt":"2024-09-11T00:30:34","guid":{"rendered":"https:\/\/pose.bar\/?page_id=4459"},"modified":"2024-09-10T19:30:34","modified_gmt":"2024-09-11T00:30:34","slug":"z-burbujas-de-amor","status":"publish","type":"page","link":"https:\/\/pose.bar\/es\/z-burbujas-de-amor\/","title":{"rendered":"z-Burbujas-de-amor"},"content":{"rendered":"<div data-elementor-type=\"wp-post\" data-elementor-id=\"4459\" class=\"elementor elementor-4459\" data-elementor-post-type=\"page\">\n\t\t\t\t<div class=\"elementor-element elementor-element-d9dd0eb e-flex e-con-boxed e-con e-parent\" data-id=\"d9dd0eb\" data-element_type=\"container\" data-e-type=\"container\" data-settings=\"{&quot;background_background&quot;:&quot;gradient&quot;}\">\n\t\t\t\t\t<div class=\"e-con-inner\">\n\t\t\t\t<div class=\"elementor-element elementor-element-1724ce0 animated-fast elementor-invisible elementor-widget elementor-widget-heading\" data-id=\"1724ce0\" data-element_type=\"widget\" data-e-type=\"widget\" data-settings=\"{&quot;_animation&quot;:&quot;fadeInLeft&quot;,&quot;_animation_mobile&quot;:&quot;fadeInRight&quot;,&quot;_animation_delay&quot;:500}\" data-widget_type=\"heading.default\">\n\t\t\t\t<div class=\"elementor-widget-container\">\n\t\t\t\t\t<h2 class=\"elementor-heading-title elementor-size-default\">Burbujas de amor<\/h2>\t\t\t\t<\/div>\n\t\t\t\t<\/div>\n\t\t\t\t<div class=\"elementor-element elementor-element-699c5e0 animated-fast elementor-invisible elementor-widget elementor-widget-text-editor\" data-id=\"699c5e0\" data-element_type=\"widget\" data-e-type=\"widget\" data-settings=\"{&quot;_animation&quot;:&quot;fadeInLeft&quot;,&quot;_animation_delay&quot;:1300,&quot;_animation_mobile&quot;:&quot;fadeInRight&quot;}\" data-widget_type=\"text-editor.default\">\n\t\t\t\t<div class=\"elementor-widget-container\">\n\t\t\t\t\t\t\t\t\t<p><strong>Juan Luis Guerra<\/strong><\/p>\t\t\t\t\t\t\t\t<\/div>\n\t\t\t\t<\/div>\n\t\t\t\t<div class=\"elementor-element elementor-element-6d9a967 animated-fast elementor-invisible elementor-widget elementor-widget-text-editor\" data-id=\"6d9a967\" data-element_type=\"widget\" data-e-type=\"widget\" data-settings=\"{&quot;_animation&quot;:&quot;fadeInLeft&quot;,&quot;_animation_delay&quot;:2000,&quot;_animation_mobile&quot;:&quot;fadeInRight&quot;}\" data-widget_type=\"text-editor.default\">\n\t\t\t\t<div class=\"elementor-widget-container\">\n\t\t\t\t\t\t\t\t\t<p><span style=\"font-weight: 400;\">Tengo un coraz\u00f3n<\/span><\/p><p><span style=\"font-weight: 400;\">Mutilado de esperanza y de raz\u00f3n<\/span><\/p><p><span style=\"font-weight: 400;\">Tengo un coraz\u00f3n<\/span><\/p><p><span style=\"font-weight: 400;\">Que madruga adonde quiera<\/span><\/p><p><span style=\"font-weight: 400;\">Ay ay ay ay<\/span><\/p><p><span style=\"font-weight: 400;\">Y ese coraz\u00f3n<\/span><\/p><p><span style=\"font-weight: 400;\">Se desnuda de impaciencia ante tu voz<\/span><\/p><p><span style=\"font-weight: 400;\">Pobre coraz\u00f3n<\/span><\/p><p><span style=\"font-weight: 400;\">Que no atrapa su cordura<\/span><\/p><p><span style=\"font-weight: 400;\">Quisiera ser un pez<\/span><\/p><p><span style=\"font-weight: 400;\">Para tocar mi nariz en tu pecera<\/span><\/p><p><span style=\"font-weight: 400;\">Y hacer burbujas de amor<\/span><\/p><p><span style=\"font-weight: 400;\">Por donde quiera<\/span><\/p><p><span style=\"font-weight: 400;\">Oh-oh-oh pasar la noche en vela<\/span><\/p><p><span style=\"font-weight: 400;\">Mojado en ti<\/span><\/p><p><span style=\"font-weight: 400;\">Un pez<\/span><\/p><p><span style=\"font-weight: 400;\">Para bordar de corales tu cintura<\/span><\/p><p><span style=\"font-weight: 400;\">Y hacer siluetas de amor<\/span><\/p><p><span style=\"font-weight: 400;\">Bajo la luna<\/span><\/p><p><span style=\"font-weight: 400;\">Oh-oh-oh saciar esta locura<\/span><\/p><p><span style=\"font-weight: 400;\">Mojado en ti<\/span><\/p><p><span style=\"font-weight: 400;\">Canta coraz\u00f3n<\/span><\/p><p><span style=\"font-weight: 400;\">Con un ancla imprescindible de ilusi\u00f3n<\/span><\/p><p><span style=\"font-weight: 400;\">Sue\u00f1a coraz\u00f3n<\/span><\/p><p><span style=\"font-weight: 400;\">No te nubles de amargura<\/span><\/p><p><span style=\"font-weight: 400;\">Ay ay ay ay<\/span><\/p><p><span style=\"font-weight: 400;\">Y este coraz\u00f3n<\/span><\/p><p><span style=\"font-weight: 400;\">Se desnuda de impaciencia ante tu voz<\/span><\/p><p><span style=\"font-weight: 400;\">Pobre coraz\u00f3n<\/span><\/p><p><span style=\"font-weight: 400;\">Que no atrapa su cordura<\/span><\/p><p><span style=\"font-weight: 400;\">Quisiera ser un pez<\/span><\/p><p><span style=\"font-weight: 400;\">Para tocar mi nariz<\/span><\/p><p><span style=\"font-weight: 400;\">En tu pecera<\/span><\/p><p><span style=\"font-weight: 400;\">Y hacer burbujas de amor<\/span><\/p><p><span style=\"font-weight: 400;\">Por donde quiera<\/span><\/p><p><span style=\"font-weight: 400;\">Oh-oh-oh pasar la noche en vela<\/span><\/p><p><span style=\"font-weight: 400;\">Mojado en ti<\/span><\/p><p><span style=\"font-weight: 400;\">Un pez<\/span><\/p><p><span style=\"font-weight: 400;\">Para bordar de corales tu cintura<\/span><\/p><p><span style=\"font-weight: 400;\">Y hacer siluetas de amor<\/span><\/p><p><span style=\"font-weight: 400;\">Bajo la luna<\/span><\/p><p><span style=\"font-weight: 400;\">Oh-oh-oh saciar esta locura<\/span><\/p><p><span style=\"font-weight: 400;\">Mojado en ti<\/span><\/p><p><span style=\"font-weight: 400;\">Una noche<\/span><\/p><p><span style=\"font-weight: 400;\">Para hundirnos hasta el fin<\/span><\/p><p><span style=\"font-weight: 400;\">Cara a cara, beso a beso<\/span><\/p><p><span style=\"font-weight: 400;\">Y vivir por siempre<\/span><\/p><p><span style=\"font-weight: 400;\">Mojado en ti<\/span><\/p><p><span style=\"font-weight: 400;\">Quisiera ser un pez<\/span><\/p><p><span style=\"font-weight: 400;\">Para tocar mi nariz<\/span><\/p><p><span style=\"font-weight: 400;\">En tu pecera<\/span><\/p><p><span style=\"font-weight: 400;\">Y hacer burbujas de amor<\/span><\/p><p><span style=\"font-weight: 400;\">Por donde quiera<\/span><\/p><p><span style=\"font-weight: 400;\">Oh-oh-oh pasar la noche en vela<\/span><\/p><p><span style=\"font-weight: 400;\">Mojado en ti<\/span><\/p><p><span style=\"font-weight: 400;\">Un pez<\/span><\/p><p><span style=\"font-weight: 400;\">Para bordar de cayenas tu cintura<\/span><\/p><p><span style=\"font-weight: 400;\">Y hacer siluetas de amor<\/span><\/p><p><span style=\"font-weight: 400;\">Bajo la luna<\/span><\/p><p><span style=\"font-weight: 400;\">Oh-oh-oh saciar esta locura<\/span><\/p><p><span style=\"font-weight: 400;\">Mojado en ti<\/span><\/p><p><span style=\"font-weight: 400;\">Para tocar mi nariz<\/span><\/p><p><span style=\"font-weight: 400;\">En tu pecera<\/span><\/p><p><span style=\"font-weight: 400;\">Y hacer burbujas de amor<\/span><\/p><p><span style=\"font-weight: 400;\">Por donde quiera<\/span><\/p><p><span style=\"font-weight: 400;\">Oh-oh-oh pasar la noche en vela<\/span><\/p><p><span style=\"font-weight: 400;\">Mojado en ti<\/span><\/p><p><span style=\"font-weight: 400;\">Un pez<\/span><\/p><p><span style=\"font-weight: 400;\">Para bordar de cayenas tu cintura<\/span><\/p><p><span style=\"font-weight: 400;\">Y hacer siluetas de amor<\/span><\/p><p><span style=\"font-weight: 400;\">Bajo la luna<\/span><\/p><p><span style=\"font-weight: 400;\">Oh-oh-oh vaciar esta locura<\/span><\/p><p><span style=\"font-weight: 400;\">Mojado en ti<\/span><\/p>\t\t\t\t\t\t\t\t<\/div>\n\t\t\t\t<\/div>\n\t\t\t\t\t<\/div>\n\t\t\t\t<\/div>\n\t\t\t\t<\/div>","protected":false},"excerpt":{"rendered":"<p>Burbujas de amor Juan Luis Guerra Tengo un coraz\u00f3n Mutilado de esperanza y de raz\u00f3n Tengo un coraz\u00f3n Que madruga adonde quiera Ay ay ay ay Y ese coraz\u00f3n Se [&hellip;]<\/p>\n","protected":false},"author":2,"featured_media":0,"parent":0,"menu_order":0,"comment_status":"closed","ping_status":"closed","template":"elementor_header_footer","meta":{"footnotes":""},"class_list":["post-4459","page","type-page","status-publish","hentry"],"_links":{"self":[{"href":"https:\/\/pose.bar\/es\/wp-json\/wp\/v2\/pages\/4459","targetHints":{"allow":["GET"]}}],"collection":[{"href":"https:\/\/pose.bar\/es\/wp-json\/wp\/v2\/pages"}],"about":[{"href":"https:\/\/pose.bar\/es\/wp-json\/wp\/v2\/types\/page"}],"author":[{"embeddable":true,"href":"https:\/\/pose.bar\/es\/wp-json\/wp\/v2\/users\/2"}],"replies":[{"embeddable":true,"href":"https:\/\/pose.bar\/es\/wp-json\/wp\/v2\/comments?post=4459"}],"version-history":[{"count":0,"href":"https:\/\/pose.bar\/es\/wp-json\/wp\/v2\/pages\/4459\/revisions"}],"wp:attachment":[{"href":"https:\/\/pose.bar\/es\/wp-json\/wp\/v2\/media?parent=4459"}],"curies":[{"name":"wp","href":"https:\/\/api.w.org\/{rel}","templated":true}]}}