{"id":4479,"date":"2024-09-10T19:39:22","date_gmt":"2024-09-11T00:39:22","guid":{"rendered":"https:\/\/pose.bar\/?page_id=4479"},"modified":"2024-09-10T19:39:22","modified_gmt":"2024-09-11T00:39:22","slug":"z-chica-de-humo","status":"publish","type":"page","link":"https:\/\/pose.bar\/es\/z-chica-de-humo\/","title":{"rendered":"z-Chica-de-humo"},"content":{"rendered":"<div data-elementor-type=\"wp-post\" data-elementor-id=\"4479\" class=\"elementor elementor-4479\" data-elementor-post-type=\"page\">\n\t\t\t\t<div class=\"elementor-element elementor-element-d9dd0eb e-flex e-con-boxed e-con e-parent\" data-id=\"d9dd0eb\" data-element_type=\"container\" data-e-type=\"container\" data-settings=\"{&quot;background_background&quot;:&quot;gradient&quot;}\">\n\t\t\t\t\t<div class=\"e-con-inner\">\n\t\t\t\t<div class=\"elementor-element elementor-element-1724ce0 animated-fast elementor-invisible elementor-widget elementor-widget-heading\" data-id=\"1724ce0\" data-element_type=\"widget\" data-e-type=\"widget\" data-settings=\"{&quot;_animation&quot;:&quot;fadeInLeft&quot;,&quot;_animation_mobile&quot;:&quot;fadeInRight&quot;,&quot;_animation_delay&quot;:500}\" data-widget_type=\"heading.default\">\n\t\t\t\t<div class=\"elementor-widget-container\">\n\t\t\t\t\t<h2 class=\"elementor-heading-title elementor-size-default\">La Chica de humo <\/h2>\t\t\t\t<\/div>\n\t\t\t\t<\/div>\n\t\t\t\t<div class=\"elementor-element elementor-element-699c5e0 animated-fast elementor-invisible elementor-widget elementor-widget-text-editor\" data-id=\"699c5e0\" data-element_type=\"widget\" data-e-type=\"widget\" data-settings=\"{&quot;_animation&quot;:&quot;fadeInLeft&quot;,&quot;_animation_delay&quot;:1300,&quot;_animation_mobile&quot;:&quot;fadeInRight&quot;}\" data-widget_type=\"text-editor.default\">\n\t\t\t\t<div class=\"elementor-widget-container\">\n\t\t\t\t\t\t\t\t\t<p><strong>Emmanuel<\/strong><\/p>\t\t\t\t\t\t\t\t<\/div>\n\t\t\t\t<\/div>\n\t\t\t\t<div class=\"elementor-element elementor-element-6d9a967 animated-fast elementor-invisible elementor-widget elementor-widget-text-editor\" data-id=\"6d9a967\" data-element_type=\"widget\" data-e-type=\"widget\" data-settings=\"{&quot;_animation&quot;:&quot;fadeInLeft&quot;,&quot;_animation_delay&quot;:2000,&quot;_animation_mobile&quot;:&quot;fadeInRight&quot;}\" data-widget_type=\"text-editor.default\">\n\t\t\t\t<div class=\"elementor-widget-container\">\n\t\t\t\t\t\t\t\t\t<p><span style=\"font-weight: 400;\">Aun yo no s\u00e9 qui\u00e9n e&#8217;<\/span><\/p><p><span style=\"font-weight: 400;\">Lo deben saber mis pies<\/span><\/p><p><span style=\"font-weight: 400;\">La siguen como las ratas<\/span><\/p><p><span style=\"font-weight: 400;\">A la flauta de Hamelin<\/span><\/p><p><span style=\"font-weight: 400;\">Para perderla despu\u00e9s<\/span><\/p><p><span style=\"font-weight: 400;\">No quiero hablar de este tema<\/span><\/p><p><span style=\"font-weight: 400;\">Pero es mi mayor problema<\/span><\/p><p><span style=\"font-weight: 400;\">Ella est\u00e1 siempre en portada<\/span><\/p><p><span style=\"font-weight: 400;\">A toda plana<\/span><\/p><p><span style=\"font-weight: 400;\">Cada ma\u00f1ana<\/span><\/p><p><span style=\"font-weight: 400;\">En el diario de mis penas<\/span><\/p><p><span style=\"font-weight: 400;\">Ah, me entiende<\/span><\/p><p><span style=\"font-weight: 400;\">Me tantea<\/span><\/p><p><span style=\"font-weight: 400;\">Ah, se enciende<\/span><\/p><p><span style=\"font-weight: 400;\">Coquetea<\/span><\/p><p><span style=\"font-weight: 400;\">Se evapora<\/span><\/p><p><span style=\"font-weight: 400;\">Y yo qu\u00e9 s\u00e9 d\u00f3nde va, d\u00f3nde vive<\/span><\/p><p><span style=\"font-weight: 400;\">Y todo est\u00e1 mal<\/span><\/p><p><span style=\"font-weight: 400;\">Y siempre es igual<\/span><\/p><p><span style=\"font-weight: 400;\">Y yo qu\u00e9 s\u00e9, que no soy detective<\/span><\/p><p><span style=\"font-weight: 400;\">La paso fatal<\/span><\/p><p><span style=\"font-weight: 400;\">Mi chica de humo<\/span><\/p><p><span style=\"font-weight: 400;\">Mi chica de humo<\/span><\/p><p><span style=\"font-weight: 400;\">No escucha cuando hablo yo<\/span><\/p><p><span style=\"font-weight: 400;\">Sus ojos dicen que no<\/span><\/p><p><span style=\"font-weight: 400;\">Y luego me contradice<\/span><\/p><p><span style=\"font-weight: 400;\">Por placer, para hacer<\/span><\/p><p><span style=\"font-weight: 400;\">Que un d\u00eda me ruborice<\/span><\/p><p><span style=\"font-weight: 400;\">Yo ya dej\u00e9 atr\u00e1s los veinte<\/span><\/p><p><span style=\"font-weight: 400;\">Y ella probablemente<\/span><\/p><p><span style=\"font-weight: 400;\">No estamos para jugar<\/span><\/p><p><span style=\"font-weight: 400;\">No me va a trastornar<\/span><\/p><p><span style=\"font-weight: 400;\">Un crucigrama viviente<\/span><\/p><p><span style=\"font-weight: 400;\">Ah, me entiende<\/span><\/p><p><span style=\"font-weight: 400;\">Me tantea<\/span><\/p><p><span style=\"font-weight: 400;\">Ah, se enciende<\/span><\/p><p><span style=\"font-weight: 400;\">Coquetea<\/span><\/p><p><span style=\"font-weight: 400;\">Se evapora<\/span><\/p><p><span style=\"font-weight: 400;\">Y yo qu\u00e9 s\u00e9 d\u00f3nde va, d\u00f3nde vive<\/span><\/p><p><span style=\"font-weight: 400;\">Y todo est\u00e1 mal<\/span><\/p><p><span style=\"font-weight: 400;\">Y siempre es igual<\/span><\/p><p><span style=\"font-weight: 400;\">Y yo qu\u00e9 s\u00e9, yo no soy detective<\/span><\/p><p><span style=\"font-weight: 400;\">La paso fatal<\/span><\/p><p><span style=\"font-weight: 400;\">Mi chica de humo<\/span><\/p><p><span style=\"font-weight: 400;\">Mi chica de humo<\/span><\/p><p><span style=\"font-weight: 400;\">Uh, y yo qu\u00e9 s\u00e9 d\u00f3nde va, d\u00f3nde vive<\/span><\/p><p><span style=\"font-weight: 400;\">Y todo est\u00e1 mal<\/span><\/p><p><span style=\"font-weight: 400;\">Y siempre es igual<\/span><\/p><p><span style=\"font-weight: 400;\">Y yo qu\u00e9 s\u00e9, yo no soy detective<\/span><\/p><p><span style=\"font-weight: 400;\">La paso fatal<\/span><\/p><p><span style=\"font-weight: 400;\">Mi chica de humo<\/span><\/p><p><span style=\"font-weight: 400;\">Mi chica de humo<\/span><\/p><p><span style=\"font-weight: 400;\">Y qui\u00e9n te crees que eres t\u00fa<\/span><\/p><p><span style=\"font-weight: 400;\">Siempre t\u00fa, siempre igual<\/span><\/p><p><span style=\"font-weight: 400;\">Y siempre est\u00e1 todo mal<\/span><\/p><p><span style=\"font-weight: 400;\">Y qui\u00e9n te crees que eres t\u00fa<\/span><\/p><p><span style=\"font-weight: 400;\">Siempre t\u00fa, siempre igual<\/span><\/p><p><span style=\"font-weight: 400;\">Y siempre est\u00e1 todo mal<\/span><\/p><p><span style=\"font-weight: 400;\">Y qui\u00e9n te crees que eres t\u00fa<\/span><\/p><p><span style=\"font-weight: 400;\">Siempre t\u00fa, siempre igual<\/span><\/p><p><span style=\"font-weight: 400;\">Y siempre est\u00e1 todo mal<\/span><\/p><p><span style=\"font-weight: 400;\">Ah, me entiende<\/span><\/p><p><span style=\"font-weight: 400;\">Me tantea<\/span><\/p><p><span style=\"font-weight: 400;\">Ah, se enciende<\/span><\/p><p><span style=\"font-weight: 400;\">Coquetea<\/span><\/p><p><span style=\"font-weight: 400;\">Se evapora<\/span><\/p><p><span style=\"font-weight: 400;\">Yo qu\u00e9 s\u00e9 d\u00f3nde va, d\u00f3nde vive<\/span><\/p><p><span style=\"font-weight: 400;\">Todo est\u00e1 mal<\/span><\/p><p><span style=\"font-weight: 400;\">Y siempre es igual<\/span><\/p><p><span style=\"font-weight: 400;\">Y yo qu\u00e9 s\u00e9, yo no soy detective<\/span><\/p><p><span style=\"font-weight: 400;\">La paso fatal<\/span><\/p><p><span style=\"font-weight: 400;\">Mi chica de humo<\/span><\/p><p><span style=\"font-weight: 400;\">Mi chica de humo<\/span><\/p><p><span style=\"font-weight: 400;\">Y yo qu\u00e9 s\u00e9 d\u00f3nde va, d\u00f3nde vive<\/span><\/p><p><span style=\"font-weight: 400;\">Y todo est\u00e1 mal<\/span><\/p><p><span style=\"font-weight: 400;\">Y siempre es igual<\/span><\/p><p><span style=\"font-weight: 400;\">Y yo qu\u00e9 s\u00e9, yo no soy detective<\/span><\/p><p><span style=\"font-weight: 400;\">La paso fatal<\/span><\/p><p><span style=\"font-weight: 400;\">Mi chica de humo<\/span><\/p><p><span style=\"font-weight: 400;\">Mi chica de humo<\/span><\/p>\t\t\t\t\t\t\t\t<\/div>\n\t\t\t\t<\/div>\n\t\t\t\t\t<\/div>\n\t\t\t\t<\/div>\n\t\t\t\t<\/div>","protected":false},"excerpt":{"rendered":"<p>La Chica de humo Emmanuel Aun yo no s\u00e9 qui\u00e9n e&#8217; Lo deben saber mis pies La siguen como las ratas A la flauta de Hamelin Para perderla despu\u00e9s No [&hellip;]<\/p>\n","protected":false},"author":2,"featured_media":0,"parent":0,"menu_order":0,"comment_status":"closed","ping_status":"closed","template":"elementor_header_footer","meta":{"footnotes":""},"class_list":["post-4479","page","type-page","status-publish","hentry"],"_links":{"self":[{"href":"https:\/\/pose.bar\/es\/wp-json\/wp\/v2\/pages\/4479","targetHints":{"allow":["GET"]}}],"collection":[{"href":"https:\/\/pose.bar\/es\/wp-json\/wp\/v2\/pages"}],"about":[{"href":"https:\/\/pose.bar\/es\/wp-json\/wp\/v2\/types\/page"}],"author":[{"embeddable":true,"href":"https:\/\/pose.bar\/es\/wp-json\/wp\/v2\/users\/2"}],"replies":[{"embeddable":true,"href":"https:\/\/pose.bar\/es\/wp-json\/wp\/v2\/comments?post=4479"}],"version-history":[{"count":0,"href":"https:\/\/pose.bar\/es\/wp-json\/wp\/v2\/pages\/4479\/revisions"}],"wp:attachment":[{"href":"https:\/\/pose.bar\/es\/wp-json\/wp\/v2\/media?parent=4479"}],"curies":[{"name":"wp","href":"https:\/\/api.w.org\/{rel}","templated":true}]}}