{"id":4513,"date":"2024-09-10T19:49:59","date_gmt":"2024-09-11T00:49:59","guid":{"rendered":"https:\/\/pose.bar\/?page_id=4513"},"modified":"2024-09-10T19:49:59","modified_gmt":"2024-09-11T00:49:59","slug":"z-despacito","status":"publish","type":"page","link":"https:\/\/pose.bar\/es\/z-despacito\/","title":{"rendered":"z-Despacito"},"content":{"rendered":"<div data-elementor-type=\"wp-post\" data-elementor-id=\"4513\" class=\"elementor elementor-4513\" data-elementor-post-type=\"page\">\n\t\t\t\t<div class=\"elementor-element elementor-element-d9dd0eb e-flex e-con-boxed e-con e-parent\" data-id=\"d9dd0eb\" data-element_type=\"container\" data-e-type=\"container\" data-settings=\"{&quot;background_background&quot;:&quot;gradient&quot;}\">\n\t\t\t\t\t<div class=\"e-con-inner\">\n\t\t\t\t<div class=\"elementor-element elementor-element-1724ce0 animated-fast elementor-invisible elementor-widget elementor-widget-heading\" data-id=\"1724ce0\" data-element_type=\"widget\" data-e-type=\"widget\" data-settings=\"{&quot;_animation&quot;:&quot;fadeInLeft&quot;,&quot;_animation_mobile&quot;:&quot;fadeInRight&quot;,&quot;_animation_delay&quot;:500}\" data-widget_type=\"heading.default\">\n\t\t\t\t<div class=\"elementor-widget-container\">\n\t\t\t\t\t<h2 class=\"elementor-heading-title elementor-size-default\">Despacito<\/h2>\t\t\t\t<\/div>\n\t\t\t\t<\/div>\n\t\t\t\t<div class=\"elementor-element elementor-element-699c5e0 animated-fast elementor-invisible elementor-widget elementor-widget-text-editor\" data-id=\"699c5e0\" data-element_type=\"widget\" data-e-type=\"widget\" data-settings=\"{&quot;_animation&quot;:&quot;fadeInLeft&quot;,&quot;_animation_delay&quot;:1300,&quot;_animation_mobile&quot;:&quot;fadeInRight&quot;}\" data-widget_type=\"text-editor.default\">\n\t\t\t\t<div class=\"elementor-widget-container\">\n\t\t\t\t\t\t\t\t\t<p><strong>Luis Fonsi<\/strong><\/p>\t\t\t\t\t\t\t\t<\/div>\n\t\t\t\t<\/div>\n\t\t\t\t<div class=\"elementor-element elementor-element-6d9a967 animated-fast elementor-invisible elementor-widget elementor-widget-text-editor\" data-id=\"6d9a967\" data-element_type=\"widget\" data-e-type=\"widget\" data-settings=\"{&quot;_animation&quot;:&quot;fadeInLeft&quot;,&quot;_animation_delay&quot;:2000,&quot;_animation_mobile&quot;:&quot;fadeInRight&quot;}\" data-widget_type=\"text-editor.default\">\n\t\t\t\t<div class=\"elementor-widget-container\">\n\t\t\t\t\t\t\t\t\t<p><span style=\"font-weight: 400;\">\u00a1Ay!<\/span><\/p><p><span style=\"font-weight: 400;\">Fonsi, DY<\/span><\/p><p><span style=\"font-weight: 400;\">Oh, oh no, oh no (oh)<\/span><\/p><p><span style=\"font-weight: 400;\">Hey yeah<\/span><\/p><p><span style=\"font-weight: 400;\">Diridiri, dirididi Daddy<\/span><\/p><p><span style=\"font-weight: 400;\">Go!<\/span><\/p><p><span style=\"font-weight: 400;\">S\u00ed, sabes que ya llevo un rato mir\u00e1ndote<\/span><\/p><p><span style=\"font-weight: 400;\">Tengo que bailar contigo hoy (DY)<\/span><\/p><p><span style=\"font-weight: 400;\">Vi que tu mirada ya estaba llam\u00e1ndome<\/span><\/p><p><span style=\"font-weight: 400;\">Mu\u00e9strame el camino que yo voy<\/span><\/p><p><span style=\"font-weight: 400;\">Oh, t\u00fa, t\u00fa eres el im\u00e1n y yo soy el metal<\/span><\/p><p><span style=\"font-weight: 400;\">Me voy acercando y voy armando el plan<\/span><\/p><p><span style=\"font-weight: 400;\">Solo con pensarlo se acelera el pulso (oh yeah)<\/span><\/p><p><span style=\"font-weight: 400;\">Ya, ya me est\u00e1s gustando m\u00e1s de lo normal<\/span><\/p><p><span style=\"font-weight: 400;\">Todos mis sentidos van pidiendo m\u00e1s<\/span><\/p><p><span style=\"font-weight: 400;\">Esto hay que tomarlo sin ning\u00fan apuro<\/span><\/p><p><span style=\"font-weight: 400;\">Despacito<\/span><\/p><p><span style=\"font-weight: 400;\">Quiero respirar tu cuello despacito<\/span><\/p><p><span style=\"font-weight: 400;\">Deja que te diga cosas al o\u00eddo<\/span><\/p><p><span style=\"font-weight: 400;\">Para que te acuerdes si no est\u00e1s conmigo<\/span><\/p><p><span style=\"font-weight: 400;\">Despacito<\/span><\/p><p><span style=\"font-weight: 400;\">Quiero desnudarte a besos despacito<\/span><\/p><p><span style=\"font-weight: 400;\">Firmar las paredes de tu laberinto<\/span><\/p><p><span style=\"font-weight: 400;\">Y hacer de tu cuerpo todo un manuscrito (sube, sube, sube)<\/span><\/p><p><span style=\"font-weight: 400;\">(Sube, sube) Oh<\/span><\/p><p><span style=\"font-weight: 400;\">Quiero ver bailar tu pelo<\/span><\/p><p><span style=\"font-weight: 400;\">Quiero ser tu ritmo (uh oh, uh oh)<\/span><\/p><p><span style=\"font-weight: 400;\">Que le ense\u00f1es a mi boca (uh oh, uh oh)<\/span><\/p><p><span style=\"font-weight: 400;\">Tus lugares favoritos (favoritos, favoritos baby)<\/span><\/p><p><span style=\"font-weight: 400;\">D\u00e9jame sobrepasar tus zonas de peligro (uh oh, uh oh)<\/span><\/p><p><span style=\"font-weight: 400;\">Hasta provocar tus gritos (uh oh, uh oh)<\/span><\/p><p><span style=\"font-weight: 400;\">Y que olvides tu apellido (dirididi Daddy)<\/span><\/p><p><span style=\"font-weight: 400;\">Yo s\u00e9 que est\u00e1s pens\u00e1ndolo (eh)<\/span><\/p><p><span style=\"font-weight: 400;\">Llevo tiempo intent\u00e1ndolo (eh)<\/span><\/p><p><span style=\"font-weight: 400;\">Mami, esto es dando y d\u00e1ndolo<\/span><\/p><p><span style=\"font-weight: 400;\">Sabes que tu coraz\u00f3n conmigo te hace bam bam<\/span><\/p><p><span style=\"font-weight: 400;\">Sabe que esa beba &#8216;t\u00e1 buscando de mi bam bam<\/span><\/p><p><span style=\"font-weight: 400;\">Ven prueba de mi boca para ver c\u00f3mo te sabe<\/span><\/p><p><span style=\"font-weight: 400;\">Quiero, quiero, quiero ver cu\u00e1nto amor a ti te cabe<\/span><\/p><p><span style=\"font-weight: 400;\">Yo no tengo prisa, yo me quiero dar el viaje<\/span><\/p><p><span style=\"font-weight: 400;\">Empezamo&#8217; lento, despu\u00e9s salvaje<\/span><\/p><p><span style=\"font-weight: 400;\">Pasito a pasito, suave suavecito<\/span><\/p><p><span style=\"font-weight: 400;\">Nos vamos pegando poquito a poquito<\/span><\/p><p><span style=\"font-weight: 400;\">Cuando t\u00fa me besas con esa destreza<\/span><\/p><p><span style=\"font-weight: 400;\">Veo que eres malicia con delicadeza<\/span><\/p><p><span style=\"font-weight: 400;\">Pasito a pasito, suave suavecito<\/span><\/p><p><span style=\"font-weight: 400;\">Nos vamos pegando, poquito a poquito (oh oh)<\/span><\/p><p><span style=\"font-weight: 400;\">Y es que esa belleza es un rompecabezas (oh no)<\/span><\/p><p><span style=\"font-weight: 400;\">Pero pa&#8217; montarlo aqu\u00ed tengo la pieza (slow, oh yeah)<\/span><\/p><p><span style=\"font-weight: 400;\">Despacito (yeh, yo)<\/span><\/p><p><span style=\"font-weight: 400;\">Quiero respirar tu cuello despacito (yo)<\/span><\/p><p><span style=\"font-weight: 400;\">Deja que te diga cosas al o\u00eddo (yo)<\/span><\/p><p><span style=\"font-weight: 400;\">Para que te acuerdes si no est\u00e1s conmigo<\/span><\/p><p><span style=\"font-weight: 400;\">Despacito<\/span><\/p><p><span style=\"font-weight: 400;\">Quiero desnudarte a besos despacito (yeh)<\/span><\/p><p><span style=\"font-weight: 400;\">Firmar las paredes de tu laberinto<\/span><\/p><p><span style=\"font-weight: 400;\">Y hacer de tu cuerpo todo un manuscrito (sube, sube, sube)<\/span><\/p><p><span style=\"font-weight: 400;\">(Sube, sube) Oh<\/span><\/p><p><span style=\"font-weight: 400;\">Quiero ver bailar tu pelo<\/span><\/p><p><span style=\"font-weight: 400;\">Quiero ser tu ritmo (uh oh, uh oh)<\/span><\/p><p><span style=\"font-weight: 400;\">Que le ense\u00f1es a mi boca (uh oh, uh oh)<\/span><\/p><p><span style=\"font-weight: 400;\">Tus lugares favoritos (favoritos, favoritos baby)<\/span><\/p><p><span style=\"font-weight: 400;\">D\u00e9jame sobrepasar tus zonas de peligro (uh oh, uh oh)<\/span><\/p><p><span style=\"font-weight: 400;\">Hasta provocar tus gritos (uh oh, uh oh)<\/span><\/p><p><span style=\"font-weight: 400;\">Y que olvides tu apellido<\/span><\/p><p><span style=\"font-weight: 400;\">Despacito<\/span><\/p><p><span style=\"font-weight: 400;\">Vamo&#8217; a hacerlo en una playa en Puerto Rico<\/span><\/p><p><span style=\"font-weight: 400;\">Hasta que las olas griten &#8220;Ay, bendito&#8221;<\/span><\/p><p><span style=\"font-weight: 400;\">Para que mi sello se quede contigo (b\u00e1ilalo)<\/span><\/p><p><span style=\"font-weight: 400;\">Pasito a pasito, suave suavecito (hey yeah, yeah)<\/span><\/p><p><span style=\"font-weight: 400;\">Nos vamos pegando, poquito a poquito (oh no)<\/span><\/p><p><span style=\"font-weight: 400;\">Que le ense\u00f1es a mi boca (uh oh, uh oh)<\/span><\/p><p><span style=\"font-weight: 400;\">Tus lugares favoritos (favoritos, favoritos baby)<\/span><\/p><p><span style=\"font-weight: 400;\">Pasito a pasito, suave suavecito<\/span><\/p><p><span style=\"font-weight: 400;\">Nos vamos pegando, poquito a poquito<\/span><\/p><p><span style=\"font-weight: 400;\">Hasta provocar tus gritos (eh-oh) (Fonsi)<\/span><\/p><p><span style=\"font-weight: 400;\">Y que olvides tu apellido (DY)<\/span><\/p><p><span style=\"font-weight: 400;\">Despacito<\/span><\/p>\t\t\t\t\t\t\t\t<\/div>\n\t\t\t\t<\/div>\n\t\t\t\t\t<\/div>\n\t\t\t\t<\/div>\n\t\t\t\t<\/div>","protected":false},"excerpt":{"rendered":"<p>Despacito Luis Fonsi \u00a1Ay! Fonsi, DY Oh, oh no, oh no (oh) Hey yeah Diridiri, dirididi Daddy Go! S\u00ed, sabes que ya llevo un rato mir\u00e1ndote Tengo que bailar contigo [&hellip;]<\/p>\n","protected":false},"author":2,"featured_media":0,"parent":0,"menu_order":0,"comment_status":"closed","ping_status":"closed","template":"elementor_header_footer","meta":{"footnotes":""},"class_list":["post-4513","page","type-page","status-publish","hentry"],"_links":{"self":[{"href":"https:\/\/pose.bar\/es\/wp-json\/wp\/v2\/pages\/4513","targetHints":{"allow":["GET"]}}],"collection":[{"href":"https:\/\/pose.bar\/es\/wp-json\/wp\/v2\/pages"}],"about":[{"href":"https:\/\/pose.bar\/es\/wp-json\/wp\/v2\/types\/page"}],"author":[{"embeddable":true,"href":"https:\/\/pose.bar\/es\/wp-json\/wp\/v2\/users\/2"}],"replies":[{"embeddable":true,"href":"https:\/\/pose.bar\/es\/wp-json\/wp\/v2\/comments?post=4513"}],"version-history":[{"count":0,"href":"https:\/\/pose.bar\/es\/wp-json\/wp\/v2\/pages\/4513\/revisions"}],"wp:attachment":[{"href":"https:\/\/pose.bar\/es\/wp-json\/wp\/v2\/media?parent=4513"}],"curies":[{"name":"wp","href":"https:\/\/api.w.org\/{rel}","templated":true}]}}