{"id":4517,"date":"2024-09-10T19:51:08","date_gmt":"2024-09-11T00:51:08","guid":{"rendered":"https:\/\/pose.bar\/?page_id=4517"},"modified":"2024-09-10T19:51:08","modified_gmt":"2024-09-11T00:51:08","slug":"z-dime-como-quieres","status":"publish","type":"page","link":"https:\/\/pose.bar\/es\/z-dime-como-quieres\/","title":{"rendered":"z-Dime-como-quieres"},"content":{"rendered":"<div data-elementor-type=\"wp-post\" data-elementor-id=\"4517\" class=\"elementor elementor-4517\" data-elementor-post-type=\"page\">\n\t\t\t\t<div class=\"elementor-element elementor-element-d9dd0eb e-flex e-con-boxed e-con e-parent\" data-id=\"d9dd0eb\" data-element_type=\"container\" data-e-type=\"container\" data-settings=\"{&quot;background_background&quot;:&quot;gradient&quot;}\">\n\t\t\t\t\t<div class=\"e-con-inner\">\n\t\t\t\t<div class=\"elementor-element elementor-element-1724ce0 animated-fast elementor-invisible elementor-widget elementor-widget-heading\" data-id=\"1724ce0\" data-element_type=\"widget\" data-e-type=\"widget\" data-settings=\"{&quot;_animation&quot;:&quot;fadeInLeft&quot;,&quot;_animation_mobile&quot;:&quot;fadeInRight&quot;,&quot;_animation_delay&quot;:500}\" data-widget_type=\"heading.default\">\n\t\t\t\t<div class=\"elementor-widget-container\">\n\t\t\t\t\t<h2 class=\"elementor-heading-title elementor-size-default\">Dime como quieres<\/h2>\t\t\t\t<\/div>\n\t\t\t\t<\/div>\n\t\t\t\t<div class=\"elementor-element elementor-element-699c5e0 animated-fast elementor-invisible elementor-widget elementor-widget-text-editor\" data-id=\"699c5e0\" data-element_type=\"widget\" data-e-type=\"widget\" data-settings=\"{&quot;_animation&quot;:&quot;fadeInLeft&quot;,&quot;_animation_delay&quot;:1300,&quot;_animation_mobile&quot;:&quot;fadeInRight&quot;}\" data-widget_type=\"text-editor.default\">\n\t\t\t\t<div class=\"elementor-widget-container\">\n\t\t\t\t\t\t\t\t\t<p><strong>Christian Nodal &amp; Angela Aguilar<\/strong><\/p>\t\t\t\t\t\t\t\t<\/div>\n\t\t\t\t<\/div>\n\t\t\t\t<div class=\"elementor-element elementor-element-6d9a967 animated-fast elementor-invisible elementor-widget elementor-widget-text-editor\" data-id=\"6d9a967\" data-element_type=\"widget\" data-e-type=\"widget\" data-settings=\"{&quot;_animation&quot;:&quot;fadeInLeft&quot;,&quot;_animation_delay&quot;:2000,&quot;_animation_mobile&quot;:&quot;fadeInRight&quot;}\" data-widget_type=\"text-editor.default\">\n\t\t\t\t<div class=\"elementor-widget-container\">\n\t\t\t\t\t\t\t\t\t<p><span style=\"font-weight: 400;\">Todo empez\u00f3 cuando te vi pasar<\/span><\/p><p><span style=\"font-weight: 400;\">Sent\u00ed algo tan bonito que no s\u00e9 explicar<\/span><\/p><p><span style=\"font-weight: 400;\">T\u00fa me cachaste y me gustaste m\u00e1s<\/span><\/p><p><span style=\"font-weight: 400;\">Ay, qu\u00e9 chula rancherita, hola, \u00bfc\u00f3mo est\u00e1s?<\/span><\/p><p><span style=\"font-weight: 400;\">Te aviso desde ahorita<\/span><\/p><p><span style=\"font-weight: 400;\">que con palabras bonitas<\/span><\/p><p><span style=\"font-weight: 400;\">no te alcanza pa poderme conquistar<\/span><\/p><p><span style=\"font-weight: 400;\">No soy de esas facilitas<\/span><\/p><p><span style=\"font-weight: 400;\">como aquellas muchachitas<\/span><\/p><p><span style=\"font-weight: 400;\">con las que yo siempre te he mirado andar<\/span><\/p><p><span style=\"font-weight: 400;\">\u00bfY si te llevo rosas?<\/span><\/p><p><span style=\"font-weight: 400;\">Como quiera se me van a marchitar<\/span><\/p><p><span style=\"font-weight: 400;\">\u00bfY si te llevo serenata?<\/span><\/p><p><span style=\"font-weight: 400;\">Como quiera te va a correr mi pap\u00e1<\/span><\/p><p><span style=\"font-weight: 400;\">Dime c\u00f3mo quieres que te quiera<\/span><\/p><p><span style=\"font-weight: 400;\">Este vato se hace a tu manera<\/span><\/p><p><span style=\"font-weight: 400;\">Pide por esa boquita hermosa<\/span><\/p><p><span style=\"font-weight: 400;\">Que por ti yo har\u00eda cualquier cosa<\/span><\/p><p><span style=\"font-weight: 400;\">Dime qu\u00e9 m\u00e1s quieres que te diga<\/span><\/p><p><span style=\"font-weight: 400;\">Si a ti no te quieren mis amigas<\/span><\/p><p><span style=\"font-weight: 400;\">Y un poquito menos mi familia<\/span><\/p><p><span style=\"font-weight: 400;\">\u00bfQu\u00e9 van a pensar si un d\u00eda nos miran?<\/span><\/p><p><span style=\"font-weight: 400;\">Ay, ay, ay<\/span><\/p><p><span style=\"font-weight: 400;\">Yo no soy tan malo como dicen por ah\u00ed<\/span><\/p><p><span style=\"font-weight: 400;\">Ay, ay, ay<\/span><\/p><p><span style=\"font-weight: 400;\">No soy una tonta pa dejarme enga\u00f1ar<\/span><\/p><p><span style=\"font-weight: 400;\">Ay, Angelita ya no seas tan mala<\/span><\/p><p><span style=\"font-weight: 400;\">Y usted no sea tan coqueto<\/span><\/p><p><span style=\"font-weight: 400;\">\u00bfY si te llevo rosas?<\/span><\/p><p><span style=\"font-weight: 400;\">Como quiera se me van a marchitar<\/span><\/p><p><span style=\"font-weight: 400;\">\u00bfY si te llevo serenata?<\/span><\/p><p><span style=\"font-weight: 400;\">Como quiera te va a correr mi pap\u00e1<\/span><\/p><p><span style=\"font-weight: 400;\">Dime c\u00f3mo quieres que te quiera<\/span><\/p><p><span style=\"font-weight: 400;\">Este vato se hace a tu manera<\/span><\/p><p><span style=\"font-weight: 400;\">Pide por esa boquita hermosa<\/span><\/p><p><span style=\"font-weight: 400;\">Que por ti yo har\u00eda cualquier cosa<\/span><\/p><p><span style=\"font-weight: 400;\">Dime qu\u00e9 m\u00e1s quieres que te diga<\/span><\/p><p><span style=\"font-weight: 400;\">Si a ti no te quieren mis amigas<\/span><\/p><p><span style=\"font-weight: 400;\">Y un poquito menos mi familia<\/span><\/p><p><span style=\"font-weight: 400;\">\u00bfQu\u00e9 van a pensar si un d\u00eda nos miran?<\/span><\/p><p><span style=\"font-weight: 400;\">Ay, ay, ay<\/span><\/p><p><span style=\"font-weight: 400;\">Yo no soy tan malo como dicen por ah\u00ed<\/span><\/p><p><span style=\"font-weight: 400;\">Ay, ay, ay<\/span><\/p><p><span style=\"font-weight: 400;\">No soy una tonta pa dejarme enga\u00f1ar, ah<\/span><\/p>\t\t\t\t\t\t\t\t<\/div>\n\t\t\t\t<\/div>\n\t\t\t\t\t<\/div>\n\t\t\t\t<\/div>\n\t\t\t\t<\/div>","protected":false},"excerpt":{"rendered":"<p>Dime como quieres Christian Nodal &amp; Angela Aguilar Todo empez\u00f3 cuando te vi pasar Sent\u00ed algo tan bonito que no s\u00e9 explicar T\u00fa me cachaste y me gustaste m\u00e1s Ay, [&hellip;]<\/p>\n","protected":false},"author":2,"featured_media":0,"parent":0,"menu_order":0,"comment_status":"closed","ping_status":"closed","template":"elementor_header_footer","meta":{"footnotes":""},"class_list":["post-4517","page","type-page","status-publish","hentry"],"_links":{"self":[{"href":"https:\/\/pose.bar\/es\/wp-json\/wp\/v2\/pages\/4517","targetHints":{"allow":["GET"]}}],"collection":[{"href":"https:\/\/pose.bar\/es\/wp-json\/wp\/v2\/pages"}],"about":[{"href":"https:\/\/pose.bar\/es\/wp-json\/wp\/v2\/types\/page"}],"author":[{"embeddable":true,"href":"https:\/\/pose.bar\/es\/wp-json\/wp\/v2\/users\/2"}],"replies":[{"embeddable":true,"href":"https:\/\/pose.bar\/es\/wp-json\/wp\/v2\/comments?post=4517"}],"version-history":[{"count":0,"href":"https:\/\/pose.bar\/es\/wp-json\/wp\/v2\/pages\/4517\/revisions"}],"wp:attachment":[{"href":"https:\/\/pose.bar\/es\/wp-json\/wp\/v2\/media?parent=4517"}],"curies":[{"name":"wp","href":"https:\/\/api.w.org\/{rel}","templated":true}]}}