{"id":4561,"date":"2024-09-10T20:06:26","date_gmt":"2024-09-11T01:06:26","guid":{"rendered":"https:\/\/pose.bar\/?page_id=4561"},"modified":"2024-09-10T20:06:26","modified_gmt":"2024-09-11T01:06:26","slug":"z-felices-los-4","status":"publish","type":"page","link":"https:\/\/pose.bar\/es\/z-felices-los-4\/","title":{"rendered":"z-Felices-los-4"},"content":{"rendered":"<div data-elementor-type=\"wp-post\" data-elementor-id=\"4561\" class=\"elementor elementor-4561\" data-elementor-post-type=\"page\">\n\t\t\t\t<div class=\"elementor-element elementor-element-d9dd0eb e-flex e-con-boxed e-con e-parent\" data-id=\"d9dd0eb\" data-element_type=\"container\" data-e-type=\"container\" data-settings=\"{&quot;background_background&quot;:&quot;gradient&quot;}\">\n\t\t\t\t\t<div class=\"e-con-inner\">\n\t\t\t\t<div class=\"elementor-element elementor-element-1724ce0 animated-fast elementor-invisible elementor-widget elementor-widget-heading\" data-id=\"1724ce0\" data-element_type=\"widget\" data-e-type=\"widget\" data-settings=\"{&quot;_animation&quot;:&quot;fadeInLeft&quot;,&quot;_animation_mobile&quot;:&quot;fadeInRight&quot;,&quot;_animation_delay&quot;:500}\" data-widget_type=\"heading.default\">\n\t\t\t\t<div class=\"elementor-widget-container\">\n\t\t\t\t\t<h2 class=\"elementor-heading-title elementor-size-default\">Felices los 4<\/h2>\t\t\t\t<\/div>\n\t\t\t\t<\/div>\n\t\t\t\t<div class=\"elementor-element elementor-element-699c5e0 animated-fast elementor-invisible elementor-widget elementor-widget-text-editor\" data-id=\"699c5e0\" data-element_type=\"widget\" data-e-type=\"widget\" data-settings=\"{&quot;_animation&quot;:&quot;fadeInLeft&quot;,&quot;_animation_delay&quot;:1300,&quot;_animation_mobile&quot;:&quot;fadeInRight&quot;}\" data-widget_type=\"text-editor.default\">\n\t\t\t\t<div class=\"elementor-widget-container\">\n\t\t\t\t\t\t\t\t\t<p><strong>Maluma<\/strong><\/p>\t\t\t\t\t\t\t\t<\/div>\n\t\t\t\t<\/div>\n\t\t\t\t<div class=\"elementor-element elementor-element-6d9a967 animated-fast elementor-invisible elementor-widget elementor-widget-text-editor\" data-id=\"6d9a967\" data-element_type=\"widget\" data-e-type=\"widget\" data-settings=\"{&quot;_animation&quot;:&quot;fadeInLeft&quot;,&quot;_animation_delay&quot;:2000,&quot;_animation_mobile&quot;:&quot;fadeInRight&quot;}\" data-widget_type=\"text-editor.default\">\n\t\t\t\t<div class=\"elementor-widget-container\">\n\t\t\t\t\t\t\t\t\t<p><span style=\"font-weight: 400;\">Maluma baby<\/span><\/p><p><span style=\"font-weight: 400;\">Apenas sale el sol y t\u00fa te vas corriendo<\/span><\/p><p><span style=\"font-weight: 400;\">S\u00e9 que pensar\u00e1s que esto me est\u00e1 doliendo<\/span><\/p><p><span style=\"font-weight: 400;\">Yo no estoy pensando en lo que est\u00e1s haciendo<\/span><\/p><p><span style=\"font-weight: 400;\">Si somos ajenos<\/span><\/p><p><span style=\"font-weight: 400;\">Y as\u00ed nos queremos (Rudeboyz)<\/span><\/p><p><span style=\"font-weight: 400;\">Si conmigo te quedas<\/span><\/p><p><span style=\"font-weight: 400;\">O con otro t\u00fa te vas<\/span><\/p><p><span style=\"font-weight: 400;\">No me importa un carajo porque s\u00e9 que volver\u00e1s<\/span><\/p><p><span style=\"font-weight: 400;\">Si conmigo te quedas<\/span><\/p><p><span style=\"font-weight: 400;\">O con otro t\u00fa te vas<\/span><\/p><p><span style=\"font-weight: 400;\">No me importa un carajo porque s\u00e9 que volver\u00e1s<\/span><\/p><p><span style=\"font-weight: 400;\">Y si con otro pasas el rato<\/span><\/p><p><span style=\"font-weight: 400;\">Vamo&#8217; a ser feliz, vamo&#8217; a ser feliz<\/span><\/p><p><span style=\"font-weight: 400;\">Felices los 4<\/span><\/p><p><span style=\"font-weight: 400;\">Te agrandamo&#8217; el cuarto<\/span><\/p><p><span style=\"font-weight: 400;\">Y si con otro pasas el rato<\/span><\/p><p><span style=\"font-weight: 400;\">Vamo&#8217; a ser feliz, vamo&#8217; a ser feliz<\/span><\/p><p><span style=\"font-weight: 400;\">Felices los 4<\/span><\/p><p><span style=\"font-weight: 400;\">Yo te acepto el trato<\/span><\/p><p><span style=\"font-weight: 400;\">Y lo hacemos otro rato<\/span><\/p><p><span style=\"font-weight: 400;\">Y lo hacemos otro rato<\/span><\/p><p><span style=\"font-weight: 400;\">Y lo hacemos otro rato<\/span><\/p><p><span style=\"font-weight: 400;\">Y lo hacemos otro rato (alright, alright baby)<\/span><\/p><p><span style=\"font-weight: 400;\">Y lo hacemos otro rato<\/span><\/p><p><span style=\"font-weight: 400;\">Lo nuestro no depende de un pacto<\/span><\/p><p><span style=\"font-weight: 400;\">Disfruta y solo siente el impacto<\/span><\/p><p><span style=\"font-weight: 400;\">El boom-boom que te quema, ese cuerpo de sirena<\/span><\/p><p><span style=\"font-weight: 400;\">Tranquila que no creo en contratos (y t\u00fa menos)<\/span><\/p><p><span style=\"font-weight: 400;\">Y siempre que se va, regresa a m\u00ed (y felices los 4)<\/span><\/p><p><span style=\"font-weight: 400;\">No importa el qu\u00e9 dir\u00e1n, nos gusta as\u00ed (te agrandamos el cuarto, baby)<\/span><\/p><p><span style=\"font-weight: 400;\">Y siempre que se va, regresa a m\u00ed (y felices los 4)<\/span><\/p><p><span style=\"font-weight: 400;\">No importa el qu\u00e9 dir\u00e1n, somos tal para cual<\/span><\/p><p><span style=\"font-weight: 400;\">Y si con otro pasas el rato<\/span><\/p><p><span style=\"font-weight: 400;\">Vamo&#8217; a ser feliz, vamo&#8217; a ser feliz<\/span><\/p><p><span style=\"font-weight: 400;\">Felices los 4<\/span><\/p><p><span style=\"font-weight: 400;\">Te agrandamo&#8217; el cuarto<\/span><\/p><p><span style=\"font-weight: 400;\">Y si con otro pasas el rato<\/span><\/p><p><span style=\"font-weight: 400;\">Vamo&#8217; a ser feliz, vamo&#8217; a ser feliz<\/span><\/p><p><span style=\"font-weight: 400;\">Felices los 4<\/span><\/p><p><span style=\"font-weight: 400;\">Yo te acepto el trato<\/span><\/p><p><span style=\"font-weight: 400;\">Y lo hacemos otro rato<\/span><\/p><p><span style=\"font-weight: 400;\">Y lo hacemos otro rato<\/span><\/p><p><span style=\"font-weight: 400;\">Y lo hacemos otro rato<\/span><\/p><p><span style=\"font-weight: 400;\">Y lo hacemos otro rato<\/span><\/p><p><span style=\"font-weight: 400;\">Si conmigo te quedas<\/span><\/p><p><span style=\"font-weight: 400;\">O con otro t\u00fa te vas<\/span><\/p><p><span style=\"font-weight: 400;\">No me importa un carajo porque s\u00e9 que volver\u00e1s<\/span><\/p><p><span style=\"font-weight: 400;\">Si conmigo te quedas<\/span><\/p><p><span style=\"font-weight: 400;\">O con otro t\u00fa te vas<\/span><\/p><p><span style=\"font-weight: 400;\">No me importa un carajo porque s\u00e9 que volver\u00e1s<\/span><\/p><p><span style=\"font-weight: 400;\">Y si con otro pasas el rato<\/span><\/p><p><span style=\"font-weight: 400;\">Vamo&#8217; a ser feliz, vamo&#8217; a ser feliz<\/span><\/p><p><span style=\"font-weight: 400;\">Felices los 4<\/span><\/p><p><span style=\"font-weight: 400;\">Te agrandamo&#8217; el cuarto<\/span><\/p><p><span style=\"font-weight: 400;\">Y si con otro pasas el rato<\/span><\/p><p><span style=\"font-weight: 400;\">Vamo&#8217; a ser feliz, vamo&#8217; a ser feliz<\/span><\/p><p><span style=\"font-weight: 400;\">Felices los 4<\/span><\/p><p><span style=\"font-weight: 400;\">Yo te acepto el trato<\/span><\/p><p><span style=\"font-weight: 400;\">Y lo hacemos otro rato<\/span><\/p><p><span style=\"font-weight: 400;\">Y lo hacemos otro rato<\/span><\/p><p><span style=\"font-weight: 400;\">Y lo hacemos otro rato<\/span><\/p><p><span style=\"font-weight: 400;\">Y lo hacemos otro rato<\/span><\/p><p><span style=\"font-weight: 400;\">Y siempre que se va, regresa a m\u00ed<\/span><\/p><p><span style=\"font-weight: 400;\">(Maluma baby)<\/span><\/p><p><span style=\"font-weight: 400;\">No importa el qu\u00e9 dir\u00e1n, nos gusta as\u00ed<\/span><\/p><p><span style=\"font-weight: 400;\">Kevin ADG, Chan El Genio (Rudeboyz)<\/span><\/p><p><span style=\"font-weight: 400;\">Y siempre que se va, regresa a m\u00ed<\/span><\/p><p><span style=\"font-weight: 400;\">El c\u00f3digo secreto, baby<\/span><\/p><p><span style=\"font-weight: 400;\">No importa el que dir\u00e1n (Ily Wonder)<\/span><\/p><p><span style=\"font-weight: 400;\">Somos tal para cual<\/span><\/p><p><span style=\"font-weight: 400;\">As\u00ed lo quiso el destino, mami<\/span><\/p><p><span style=\"font-weight: 400;\">Muaaa<\/span><\/p>\t\t\t\t\t\t\t\t<\/div>\n\t\t\t\t<\/div>\n\t\t\t\t\t<\/div>\n\t\t\t\t<\/div>\n\t\t\t\t<\/div>","protected":false},"excerpt":{"rendered":"<p>Felices los 4 Maluma Maluma baby Apenas sale el sol y t\u00fa te vas corriendo S\u00e9 que pensar\u00e1s que esto me est\u00e1 doliendo Yo no estoy pensando en lo que [&hellip;]<\/p>\n","protected":false},"author":2,"featured_media":0,"parent":0,"menu_order":0,"comment_status":"closed","ping_status":"closed","template":"elementor_header_footer","meta":{"footnotes":""},"class_list":["post-4561","page","type-page","status-publish","hentry"],"_links":{"self":[{"href":"https:\/\/pose.bar\/es\/wp-json\/wp\/v2\/pages\/4561","targetHints":{"allow":["GET"]}}],"collection":[{"href":"https:\/\/pose.bar\/es\/wp-json\/wp\/v2\/pages"}],"about":[{"href":"https:\/\/pose.bar\/es\/wp-json\/wp\/v2\/types\/page"}],"author":[{"embeddable":true,"href":"https:\/\/pose.bar\/es\/wp-json\/wp\/v2\/users\/2"}],"replies":[{"embeddable":true,"href":"https:\/\/pose.bar\/es\/wp-json\/wp\/v2\/comments?post=4561"}],"version-history":[{"count":0,"href":"https:\/\/pose.bar\/es\/wp-json\/wp\/v2\/pages\/4561\/revisions"}],"wp:attachment":[{"href":"https:\/\/pose.bar\/es\/wp-json\/wp\/v2\/media?parent=4561"}],"curies":[{"name":"wp","href":"https:\/\/api.w.org\/{rel}","templated":true}]}}