{"id":4659,"date":"2024-09-10T21:15:52","date_gmt":"2024-09-11T02:15:52","guid":{"rendered":"https:\/\/pose.bar\/?page_id=4659"},"modified":"2024-09-10T21:15:52","modified_gmt":"2024-09-11T02:15:52","slug":"z-la-travesia","status":"publish","type":"page","link":"https:\/\/pose.bar\/es\/z-la-travesia\/","title":{"rendered":"z-La-travesia"},"content":{"rendered":"<div data-elementor-type=\"wp-post\" data-elementor-id=\"4659\" class=\"elementor elementor-4659\" data-elementor-post-type=\"page\">\n\t\t\t\t<div class=\"elementor-element elementor-element-d9dd0eb e-flex e-con-boxed e-con e-parent\" data-id=\"d9dd0eb\" data-element_type=\"container\" data-e-type=\"container\" data-settings=\"{&quot;background_background&quot;:&quot;gradient&quot;}\">\n\t\t\t\t\t<div class=\"e-con-inner\">\n\t\t\t\t<div class=\"elementor-element elementor-element-1724ce0 animated-fast elementor-invisible elementor-widget elementor-widget-heading\" data-id=\"1724ce0\" data-element_type=\"widget\" data-e-type=\"widget\" data-settings=\"{&quot;_animation&quot;:&quot;fadeInLeft&quot;,&quot;_animation_mobile&quot;:&quot;fadeInRight&quot;,&quot;_animation_delay&quot;:500}\" data-widget_type=\"heading.default\">\n\t\t\t\t<div class=\"elementor-widget-container\">\n\t\t\t\t\t<h2 class=\"elementor-heading-title elementor-size-default\">la travesia<\/h2>\t\t\t\t<\/div>\n\t\t\t\t<\/div>\n\t\t\t\t<div class=\"elementor-element elementor-element-699c5e0 animated-fast elementor-invisible elementor-widget elementor-widget-text-editor\" data-id=\"699c5e0\" data-element_type=\"widget\" data-e-type=\"widget\" data-settings=\"{&quot;_animation&quot;:&quot;fadeInLeft&quot;,&quot;_animation_delay&quot;:1300,&quot;_animation_mobile&quot;:&quot;fadeInRight&quot;}\" data-widget_type=\"text-editor.default\">\n\t\t\t\t<div class=\"elementor-widget-container\">\n\t\t\t\t\t\t\t\t\t<p><strong>Juan Luis Guerra<\/strong><\/p>\t\t\t\t\t\t\t\t<\/div>\n\t\t\t\t<\/div>\n\t\t\t\t<div class=\"elementor-element elementor-element-6d9a967 animated-fast elementor-invisible elementor-widget elementor-widget-text-editor\" data-id=\"6d9a967\" data-element_type=\"widget\" data-e-type=\"widget\" data-settings=\"{&quot;_animation&quot;:&quot;fadeInLeft&quot;,&quot;_animation_delay&quot;:2000,&quot;_animation_mobile&quot;:&quot;fadeInRight&quot;}\" data-widget_type=\"text-editor.default\">\n\t\t\t\t<div class=\"elementor-widget-container\">\n\t\t\t\t\t\t\t\t\t<p><span style=\"font-weight: 400;\">Como t\u00fa vida m\u00eda<\/span><\/p><p><span style=\"font-weight: 400;\">Yo no encuentro en la tierra otra mujer<\/span><\/p><p><span style=\"font-weight: 400;\">La he buscado en Namibia, en los Alpes<\/span><\/p><p><span style=\"font-weight: 400;\">Y en los Champs-Elys\u00e9es<\/span><\/p><p><span style=\"font-weight: 400;\">He cruzado los mares<\/span><\/p><p><span style=\"font-weight: 400;\">Y de paso sub\u00ed en la torre Eiffel<\/span><\/p><p><span style=\"font-weight: 400;\">Camin\u00e9 por Manhattan<\/span><\/p><p><span style=\"font-weight: 400;\">Y llegu\u00e9 al Empire State<\/span><\/p><p><span style=\"font-weight: 400;\">No nono-no como t\u00fa no hay en \u00e9sta vida<\/span><\/p><p><span style=\"font-weight: 400;\">(Como t\u00fa no hay ninguna)<\/span><\/p><p><span style=\"font-weight: 400;\">Como t\u00fa no hay quien me comprenda<\/span><\/p><p><span style=\"font-weight: 400;\">(Como t\u00fa me comprendes)<\/span><\/p><p><span style=\"font-weight: 400;\">Como t\u00fa no hay quien me acaricie<\/span><\/p><p><span style=\"font-weight: 400;\">(Como t\u00fa me acaricias)<\/span><\/p><p><span style=\"font-weight: 400;\">Ni en la China ni en la Siberia<\/span><\/p><p><span style=\"font-weight: 400;\">(Como t\u00fa no hay ninguna)<\/span><\/p><p><span style=\"font-weight: 400;\">Vana mi traves\u00eda (oh, no)<\/span><\/p><p><span style=\"font-weight: 400;\">Al buscar otro amor igual que t\u00fa (yeah, yeah)<\/span><\/p><p><span style=\"font-weight: 400;\">No lo hall\u00e9 en Barcelona, (oh, no)<\/span><\/p><p><span style=\"font-weight: 400;\">En Los Angeles ni en Kuala Lumpur (yeah, yeah)<\/span><\/p><p><span style=\"font-weight: 400;\">Recorr\u00ed Bariloche (oh, no)<\/span><\/p><p><span style=\"font-weight: 400;\">Y no pude encontrarlo en el Big Ben (yeh, yeh)<\/span><\/p><p><span style=\"font-weight: 400;\">Y de paso por Tokyo<\/span><\/p><p><span style=\"font-weight: 400;\">Yo viaj\u00e9 en el Shinkansen<\/span><\/p><p><span style=\"font-weight: 400;\">No nono-no como t\u00fa no hay en \u00e9sta vida<\/span><\/p><p><span style=\"font-weight: 400;\">(Como t\u00fa no hay ninguna)<\/span><\/p><p><span style=\"font-weight: 400;\">Como t\u00fa no hay quien me comprenda<\/span><\/p><p><span style=\"font-weight: 400;\">(Como t\u00fa me comprendes)<\/span><\/p><p><span style=\"font-weight: 400;\">Como t\u00fa no hay quien me acaricie<\/span><\/p><p><span style=\"font-weight: 400;\">(Como t\u00fa me acaricias)<\/span><\/p><p><span style=\"font-weight: 400;\">Ni en la China ni en la Siberia<\/span><\/p><p><span style=\"font-weight: 400;\">(Como t\u00fa no hay ninguna)<\/span><\/p><p><span style=\"font-weight: 400;\">Ojooye<\/span><\/p><p><span style=\"font-weight: 400;\">Es que un amor como el tuyo<\/span><\/p><p><span style=\"font-weight: 400;\">Es para siempre<\/span><\/p><p><span style=\"font-weight: 400;\">Vuela sobre manantiales<\/span><\/p><p><span style=\"font-weight: 400;\">Y continentes (te digo yo que s\u00ed)<\/span><\/p><p><span style=\"font-weight: 400;\">Riza las nubes del cielo<\/span><\/p><p><span style=\"font-weight: 400;\">Besa las olas del alba<\/span><\/p><p><span style=\"font-weight: 400;\">Gime con la madrugada<\/span><\/p><p><span style=\"font-weight: 400;\">Ama sin pedirme nada<\/span><\/p><p><span style=\"font-weight: 400;\">Que t\u00fa me gustas<\/span><\/p><p><span style=\"font-weight: 400;\">(Como t\u00fa no hay ninguna)<\/span><\/p><p><span style=\"font-weight: 400;\">Como t\u00fa no hay quien me comprenda<\/span><\/p><p><span style=\"font-weight: 400;\">(Como t\u00fa me comprendes)<\/span><\/p><p><span style=\"font-weight: 400;\">Como t\u00fa no hay quien me acaricie<\/span><\/p><p><span style=\"font-weight: 400;\">(Como t\u00fa me acaricias)<\/span><\/p><p><span style=\"font-weight: 400;\">Ni en la China ni en la Siberia<\/span><\/p><p><span style=\"font-weight: 400;\">(Como t\u00fa, nadie como t\u00fa, como t\u00fa)<\/span><\/p><p><span style=\"font-weight: 400;\">Como t\u00fa no hay en \u00e9sta vida<\/span><\/p><p><span style=\"font-weight: 400;\">(Como t\u00fa no hay ninguna)<\/span><\/p><p><span style=\"font-weight: 400;\">Pero que como t\u00fa no hay quien me comprenda<\/span><\/p><p><span style=\"font-weight: 400;\">(Como t\u00fa me comprendes)<\/span><\/p><p><span style=\"font-weight: 400;\">Y como t\u00fa no hay quien me acaricie<\/span><\/p><p><span style=\"font-weight: 400;\">(Como t\u00fa me acaricias)<\/span><\/p><p><span style=\"font-weight: 400;\">Ni en la China ni en la Siberia<\/span><\/p><p><span style=\"font-weight: 400;\">(Como t\u00fa)<\/span><\/p><p><span style=\"font-weight: 400;\">Como t\u00fa no hay en \u00e9sta vida, yeh<\/span><\/p><p><span style=\"font-weight: 400;\">Como t\u00fa no hay quien me comprenda<\/span><\/p><p><span style=\"font-weight: 400;\">(Como t\u00fa me comprendes)<\/span><\/p><p><span style=\"font-weight: 400;\">Y como t\u00fa no hay quien me acaricie (ye, ye, ye, ye)<\/span><\/p><p><span style=\"font-weight: 400;\">(Como t\u00fa me acaricias)<\/span><\/p><p><span style=\"font-weight: 400;\">Ni en la China ni en la Siberia<\/span><\/p><p><span style=\"font-weight: 400;\">(Como t\u00fa, nadie como t\u00fa, como t\u00fa)<\/span><\/p><p><span style=\"font-weight: 400;\">Como t\u00fa no hay quien me comprenda<\/span><\/p><p><span style=\"font-weight: 400;\">(Como t\u00fa me comprendes)<\/span><\/p><p><span style=\"font-weight: 400;\">Y como t\u00fa no hay quien me acaricie<\/span><\/p><p><span style=\"font-weight: 400;\">(Como t\u00fa me acaricias)<\/span><\/p><p><span style=\"font-weight: 400;\">Como t\u00fa no hay en \u00e9sta vida<\/span><\/p><p><span style=\"font-weight: 400;\">(Como t\u00fa, nadie como t\u00fa, como t\u00fa)<\/span><\/p>\t\t\t\t\t\t\t\t<\/div>\n\t\t\t\t<\/div>\n\t\t\t\t\t<\/div>\n\t\t\t\t<\/div>\n\t\t\t\t<\/div>","protected":false},"excerpt":{"rendered":"<p>la travesia Juan Luis Guerra Como t\u00fa vida m\u00eda Yo no encuentro en la tierra otra mujer La he buscado en Namibia, en los Alpes Y en los Champs-Elys\u00e9es He [&hellip;]<\/p>\n","protected":false},"author":2,"featured_media":0,"parent":0,"menu_order":0,"comment_status":"closed","ping_status":"closed","template":"elementor_header_footer","meta":{"footnotes":""},"class_list":["post-4659","page","type-page","status-publish","hentry"],"_links":{"self":[{"href":"https:\/\/pose.bar\/es\/wp-json\/wp\/v2\/pages\/4659","targetHints":{"allow":["GET"]}}],"collection":[{"href":"https:\/\/pose.bar\/es\/wp-json\/wp\/v2\/pages"}],"about":[{"href":"https:\/\/pose.bar\/es\/wp-json\/wp\/v2\/types\/page"}],"author":[{"embeddable":true,"href":"https:\/\/pose.bar\/es\/wp-json\/wp\/v2\/users\/2"}],"replies":[{"embeddable":true,"href":"https:\/\/pose.bar\/es\/wp-json\/wp\/v2\/comments?post=4659"}],"version-history":[{"count":0,"href":"https:\/\/pose.bar\/es\/wp-json\/wp\/v2\/pages\/4659\/revisions"}],"wp:attachment":[{"href":"https:\/\/pose.bar\/es\/wp-json\/wp\/v2\/media?parent=4659"}],"curies":[{"name":"wp","href":"https:\/\/api.w.org\/{rel}","templated":true}]}}