{"id":4687,"date":"2024-09-10T21:24:10","date_gmt":"2024-09-11T02:24:10","guid":{"rendered":"https:\/\/pose.bar\/?page_id=4687"},"modified":"2024-09-10T21:24:10","modified_gmt":"2024-09-11T02:24:10","slug":"z-mas-que-tu-amigo","status":"publish","type":"page","link":"https:\/\/pose.bar\/es\/z-mas-que-tu-amigo\/","title":{"rendered":"z-Mas-que-tu-amigo"},"content":{"rendered":"<div data-elementor-type=\"wp-post\" data-elementor-id=\"4687\" class=\"elementor elementor-4687\" data-elementor-post-type=\"page\">\n\t\t\t\t<div class=\"elementor-element elementor-element-d9dd0eb e-flex e-con-boxed e-con e-parent\" data-id=\"d9dd0eb\" data-element_type=\"container\" data-e-type=\"container\" data-settings=\"{&quot;background_background&quot;:&quot;gradient&quot;}\">\n\t\t\t\t\t<div class=\"e-con-inner\">\n\t\t\t\t<div class=\"elementor-element elementor-element-1724ce0 animated-fast elementor-invisible elementor-widget elementor-widget-heading\" data-id=\"1724ce0\" data-element_type=\"widget\" data-e-type=\"widget\" data-settings=\"{&quot;_animation&quot;:&quot;fadeInLeft&quot;,&quot;_animation_mobile&quot;:&quot;fadeInRight&quot;,&quot;_animation_delay&quot;:500}\" data-widget_type=\"heading.default\">\n\t\t\t\t<div class=\"elementor-widget-container\">\n\t\t\t\t\t<h2 class=\"elementor-heading-title elementor-size-default\">Mas que tu amigo <\/h2>\t\t\t\t<\/div>\n\t\t\t\t<\/div>\n\t\t\t\t<div class=\"elementor-element elementor-element-699c5e0 animated-fast elementor-invisible elementor-widget elementor-widget-text-editor\" data-id=\"699c5e0\" data-element_type=\"widget\" data-e-type=\"widget\" data-settings=\"{&quot;_animation&quot;:&quot;fadeInLeft&quot;,&quot;_animation_delay&quot;:1300,&quot;_animation_mobile&quot;:&quot;fadeInRight&quot;}\" data-widget_type=\"text-editor.default\">\n\t\t\t\t<div class=\"elementor-widget-container\">\n\t\t\t\t\t\t\t\t\t<p><strong>Marco Antonio Solis<\/strong><\/p>\t\t\t\t\t\t\t\t<\/div>\n\t\t\t\t<\/div>\n\t\t\t\t<div class=\"elementor-element elementor-element-6d9a967 animated-fast elementor-invisible elementor-widget elementor-widget-text-editor\" data-id=\"6d9a967\" data-element_type=\"widget\" data-e-type=\"widget\" data-settings=\"{&quot;_animation&quot;:&quot;fadeInLeft&quot;,&quot;_animation_delay&quot;:2000,&quot;_animation_mobile&quot;:&quot;fadeInRight&quot;}\" data-widget_type=\"text-editor.default\">\n\t\t\t\t<div class=\"elementor-widget-container\">\n\t\t\t\t\t\t\t\t\t<p><span style=\"font-weight: 400;\">Y ah\u00ed se va<\/span><\/p><p><span style=\"font-weight: 400;\">Ey, ey, ey<\/span><\/p><p><span style=\"font-weight: 400;\">Quiero decirte<\/span><\/p><p><span style=\"font-weight: 400;\">Esta noche sin vacilaci\u00f3n<\/span><\/p><p><span style=\"font-weight: 400;\">Que ya no aguanto<\/span><\/p><p><span style=\"font-weight: 400;\">Lo que traigo aqu\u00ed en mi coraz\u00f3n<\/span><\/p><p><span style=\"font-weight: 400;\">Me gustas tanto me enloqueces<\/span><\/p><p><span style=\"font-weight: 400;\">Y no lo puedo ya ocultar<\/span><\/p><p><span style=\"font-weight: 400;\">En todos lados me apareces<\/span><\/p><p><span style=\"font-weight: 400;\">Como ilusi\u00f3n en mi mirar<\/span><\/p><p><span style=\"font-weight: 400;\">Es un secreto<\/span><\/p><p><span style=\"font-weight: 400;\">Que tan s\u00f3lo quiero compartir<\/span><\/p><p><span style=\"font-weight: 400;\">Con esos ojos<\/span><\/p><p><span style=\"font-weight: 400;\">Que le han dado luz a mi vivir<\/span><\/p><p><span style=\"font-weight: 400;\">Que en esta noche no hay m\u00e1s luna<\/span><\/p><p><span style=\"font-weight: 400;\">Que como t\u00fa me alumbre m\u00e1s<\/span><\/p><p><span style=\"font-weight: 400;\">Que en mi alma crece una fortuna<\/span><\/p><p><span style=\"font-weight: 400;\">Por tanta dicha que me das<\/span><\/p><p><span style=\"font-weight: 400;\">Te quiero<\/span><\/p><p><span style=\"font-weight: 400;\">Te quiero<\/span><\/p><p><span style=\"font-weight: 400;\">Se oye en mi pecho<\/span><\/p><p><span style=\"font-weight: 400;\">Es el grande amor que me has hecho<\/span><\/p><p><span style=\"font-weight: 400;\">Latido a latido<\/span><\/p><p><span style=\"font-weight: 400;\">Te siento conmigo<\/span><\/p><p><span style=\"font-weight: 400;\">Yo quiero ser m\u00e1s que tu amigo<\/span><\/p><p><span style=\"font-weight: 400;\">Ah\u00ed na&#8217; m\u00e1s<\/span><\/p><p><span style=\"font-weight: 400;\">Ouh<\/span><\/p><p><span style=\"font-weight: 400;\">Es un secreto<\/span><\/p><p><span style=\"font-weight: 400;\">Que tan solo quiero compartir<\/span><\/p><p><span style=\"font-weight: 400;\">Con esos ojos<\/span><\/p><p><span style=\"font-weight: 400;\">Que le han dado luz a mi vivir<\/span><\/p><p><span style=\"font-weight: 400;\">Que en esta noche no hay m\u00e1s luna<\/span><\/p><p><span style=\"font-weight: 400;\">Que como t\u00fa me alumbre m\u00e1s<\/span><\/p><p><span style=\"font-weight: 400;\">Que en mi alma crece una fortuna<\/span><\/p><p><span style=\"font-weight: 400;\">Por tanta dicha que me das<\/span><\/p><p><span style=\"font-weight: 400;\">Te quiero<\/span><\/p><p><span style=\"font-weight: 400;\">Te quiero<\/span><\/p><p><span style=\"font-weight: 400;\">Se oye en mi pecho<\/span><\/p><p><span style=\"font-weight: 400;\">Es el grande amor que me has hecho<\/span><\/p><p><span style=\"font-weight: 400;\">Latido a latido<\/span><\/p><p><span style=\"font-weight: 400;\">Te siento conmigo<\/span><\/p><p><span style=\"font-weight: 400;\">Yo quiero ser m\u00e1s que tu amigo<\/span><\/p>\t\t\t\t\t\t\t\t<\/div>\n\t\t\t\t<\/div>\n\t\t\t\t\t<\/div>\n\t\t\t\t<\/div>\n\t\t\t\t<\/div>","protected":false},"excerpt":{"rendered":"<p>Mas que tu amigo Marco Antonio Solis Y ah\u00ed se va Ey, ey, ey Quiero decirte Esta noche sin vacilaci\u00f3n Que ya no aguanto Lo que traigo aqu\u00ed en mi [&hellip;]<\/p>\n","protected":false},"author":2,"featured_media":0,"parent":0,"menu_order":0,"comment_status":"closed","ping_status":"closed","template":"elementor_header_footer","meta":{"footnotes":""},"class_list":["post-4687","page","type-page","status-publish","hentry"],"_links":{"self":[{"href":"https:\/\/pose.bar\/es\/wp-json\/wp\/v2\/pages\/4687","targetHints":{"allow":["GET"]}}],"collection":[{"href":"https:\/\/pose.bar\/es\/wp-json\/wp\/v2\/pages"}],"about":[{"href":"https:\/\/pose.bar\/es\/wp-json\/wp\/v2\/types\/page"}],"author":[{"embeddable":true,"href":"https:\/\/pose.bar\/es\/wp-json\/wp\/v2\/users\/2"}],"replies":[{"embeddable":true,"href":"https:\/\/pose.bar\/es\/wp-json\/wp\/v2\/comments?post=4687"}],"version-history":[{"count":0,"href":"https:\/\/pose.bar\/es\/wp-json\/wp\/v2\/pages\/4687\/revisions"}],"wp:attachment":[{"href":"https:\/\/pose.bar\/es\/wp-json\/wp\/v2\/media?parent=4687"}],"curies":[{"name":"wp","href":"https:\/\/api.w.org\/{rel}","templated":true}]}}