{"id":4697,"date":"2024-09-10T21:28:00","date_gmt":"2024-09-11T02:28:00","guid":{"rendered":"https:\/\/pose.bar\/?page_id=4697"},"modified":"2024-09-10T21:28:00","modified_gmt":"2024-09-11T02:28:00","slug":"z-mi-dulce-nina","status":"publish","type":"page","link":"https:\/\/pose.bar\/es\/z-mi-dulce-nina\/","title":{"rendered":"z-Mi-dulce-ni\u00f1a"},"content":{"rendered":"<div data-elementor-type=\"wp-post\" data-elementor-id=\"4697\" class=\"elementor elementor-4697\" data-elementor-post-type=\"page\">\n\t\t\t\t<div class=\"elementor-element elementor-element-d9dd0eb e-flex e-con-boxed e-con e-parent\" data-id=\"d9dd0eb\" data-element_type=\"container\" data-e-type=\"container\" data-settings=\"{&quot;background_background&quot;:&quot;gradient&quot;}\">\n\t\t\t\t\t<div class=\"e-con-inner\">\n\t\t\t\t<div class=\"elementor-element elementor-element-1724ce0 animated-fast elementor-invisible elementor-widget elementor-widget-heading\" data-id=\"1724ce0\" data-element_type=\"widget\" data-e-type=\"widget\" data-settings=\"{&quot;_animation&quot;:&quot;fadeInLeft&quot;,&quot;_animation_mobile&quot;:&quot;fadeInRight&quot;,&quot;_animation_delay&quot;:500}\" data-widget_type=\"heading.default\">\n\t\t\t\t<div class=\"elementor-widget-container\">\n\t\t\t\t\t<h2 class=\"elementor-heading-title elementor-size-default\">Mi dulce ni\u00f1a<\/h2>\t\t\t\t<\/div>\n\t\t\t\t<\/div>\n\t\t\t\t<div class=\"elementor-element elementor-element-699c5e0 animated-fast elementor-invisible elementor-widget elementor-widget-text-editor\" data-id=\"699c5e0\" data-element_type=\"widget\" data-e-type=\"widget\" data-settings=\"{&quot;_animation&quot;:&quot;fadeInLeft&quot;,&quot;_animation_delay&quot;:1300,&quot;_animation_mobile&quot;:&quot;fadeInRight&quot;}\" data-widget_type=\"text-editor.default\">\n\t\t\t\t<div class=\"elementor-widget-container\">\n\t\t\t\t\t\t\t\t\t<p><strong>Kumbia Kings<\/strong><\/p>\t\t\t\t\t\t\t\t<\/div>\n\t\t\t\t<\/div>\n\t\t\t\t<div class=\"elementor-element elementor-element-6d9a967 animated-fast elementor-invisible elementor-widget elementor-widget-text-editor\" data-id=\"6d9a967\" data-element_type=\"widget\" data-e-type=\"widget\" data-settings=\"{&quot;_animation&quot;:&quot;fadeInLeft&quot;,&quot;_animation_delay&quot;:2000,&quot;_animation_mobile&quot;:&quot;fadeInRight&quot;}\" data-widget_type=\"text-editor.default\">\n\t\t\t\t<div class=\"elementor-widget-container\">\n\t\t\t\t\t\t\t\t\t<p><span style=\"font-weight: 400;\">Chiquilla, te quiero<\/span><\/p><p><span style=\"font-weight: 400;\">Vas a ser mi dulce ni\u00f1a<\/span><\/p><p><span style=\"font-weight: 400;\">Ya lo ves, estoy tan loco por ti<\/span><\/p><p><span style=\"font-weight: 400;\">Cuando te veo venir no s\u00e9 ni que decir<\/span><\/p><p><span style=\"font-weight: 400;\">Y no encuentro la manera de decirte lo que siento<\/span><\/p><p><span style=\"font-weight: 400;\">Que tengo un nudo por dentro, que de amor me estoy muriendo<\/span><\/p><p><span style=\"font-weight: 400;\">Ya lo ves, yo voy siempre detras de ti<\/span><\/p><p><span style=\"font-weight: 400;\">Para ver si t\u00fa al fin te fijarias en m\u00ed<\/span><\/p><p><span style=\"font-weight: 400;\">Pero no encuentro el camino para que t\u00fa estes conmigo<\/span><\/p><p><span style=\"font-weight: 400;\">Mas lo tengo decidido voy a ser m\u00e1s que tu amigo<\/span><\/p><p><span style=\"font-weight: 400;\">Ya te lo tengo advertido<\/span><\/p><p><span style=\"font-weight: 400;\">Lo tengo bien decidido<\/span><\/p><p><span style=\"font-weight: 400;\">Yo te voy a enamorar<\/span><\/p><p><span style=\"font-weight: 400;\">Conmigo t\u00fa vas a estar<\/span><\/p><p><span style=\"font-weight: 400;\">No quieras disimularlo<\/span><\/p><p><span style=\"font-weight: 400;\">Si en m\u00ed tambi\u00e9n has pensado<\/span><\/p><p><span style=\"font-weight: 400;\">Vente conmigo que yo<\/span><\/p><p><span style=\"font-weight: 400;\">Quiero estar contigo (na, na, na, na, na)<\/span><\/p><p><span style=\"font-weight: 400;\">Mi dulce ni\u00f1a (na, na, na)<\/span><\/p><p><span style=\"font-weight: 400;\">T\u00fa me fascinas (na, na, na)<\/span><\/p><p><span style=\"font-weight: 400;\">Por tu sonrisa, por tu mirada linda<\/span><\/p><p><span style=\"font-weight: 400;\">(Na, na, na, na, na)<\/span><\/p><p><span style=\"font-weight: 400;\">Mi dulce ni\u00f1a (na, na, na)<\/span><\/p><p><span style=\"font-weight: 400;\">T\u00fa eres mi vida (na, na, na)<\/span><\/p><p><span style=\"font-weight: 400;\">Contigo, ni\u00f1a, quiero pasar los d\u00edas<\/span><\/p><p><span style=\"font-weight: 400;\">Desde que eres t\u00fa, la ni\u00f1a ideal<\/span><\/p><p><span style=\"font-weight: 400;\">La que me tiene mal, con la que quiero estar<\/span><\/p><p><span style=\"font-weight: 400;\">Y todo lo que pido sin querer ser atrevido<\/span><\/p><p><span style=\"font-weight: 400;\">Es que t\u00fa vengas conmigo, por favor, eso te pido<\/span><\/p><p><span style=\"font-weight: 400;\">Quiero verte as\u00ed, tan cerquita de m\u00ed<\/span><\/p><p><span style=\"font-weight: 400;\">Para poder decir lo que siento por ti<\/span><\/p><p><span style=\"font-weight: 400;\">Te juro que te quiero, que tengo un amor sincero<\/span><\/p><p><span style=\"font-weight: 400;\">Y que yo me desespero por alguno de tus besos<\/span><\/p><p><span style=\"font-weight: 400;\">Ya te lo tengo advertido<\/span><\/p><p><span style=\"font-weight: 400;\">Lo tengo bien decidido<\/span><\/p><p><span style=\"font-weight: 400;\">Yo te voy a enamorar<\/span><\/p><p><span style=\"font-weight: 400;\">Conmigo t\u00fa vas a estar<\/span><\/p><p><span style=\"font-weight: 400;\">No quieras disimularlo<\/span><\/p><p><span style=\"font-weight: 400;\">Si en m\u00ed tambi\u00e9n has pensado<\/span><\/p><p><span style=\"font-weight: 400;\">Vente conmigo que yo<\/span><\/p><p><span style=\"font-weight: 400;\">Quiero estar contigo (na, na, na, na, na)<\/span><\/p><p><span style=\"font-weight: 400;\">Mi dulce ni\u00f1a (na, na, na)<\/span><\/p><p><span style=\"font-weight: 400;\">T\u00fa me fascinas (na, na, na)<\/span><\/p><p><span style=\"font-weight: 400;\">Por tu sonrisa, por tu mirada linda<\/span><\/p><p><span style=\"font-weight: 400;\">(Na, na, na, na, na)<\/span><\/p><p><span style=\"font-weight: 400;\">Mi dulce ni\u00f1a (na, na, na)<\/span><\/p><p><span style=\"font-weight: 400;\">T\u00fa eres mi vida (na, na, na)<\/span><\/p><p><span style=\"font-weight: 400;\">Contigo, ni\u00f1a, quiero pasar los d\u00edas<\/span><\/p><p><span style=\"font-weight: 400;\">Ya te lo tengo advertido<\/span><\/p><p><span style=\"font-weight: 400;\">Lo tengo bien decidido<\/span><\/p><p><span style=\"font-weight: 400;\">Yo te voy a enamorar<\/span><\/p><p><span style=\"font-weight: 400;\">Conmigo t\u00fa vas a estar<\/span><\/p><p><span style=\"font-weight: 400;\">No quieras disimularlo<\/span><\/p><p><span style=\"font-weight: 400;\">Si en m\u00ed tambi\u00e9n has pensado<\/span><\/p><p><span style=\"font-weight: 400;\">Vente conmigo que yo<\/span><\/p><p><span style=\"font-weight: 400;\">Quiero estar contigo (na, na, na, na, na)<\/span><\/p><p><span style=\"font-weight: 400;\">Mi dulce ni\u00f1a (na, na, na)<\/span><\/p><p><span style=\"font-weight: 400;\">T\u00fa me fascinas (na, na, na)<\/span><\/p><p><span style=\"font-weight: 400;\">Por tu sonrisa, por tu mirada linda<\/span><\/p><p><span style=\"font-weight: 400;\">(Na, na, na, na, na)<\/span><\/p><p><span style=\"font-weight: 400;\">Mi dulce ni\u00f1a (na, na, na)<\/span><\/p><p><span style=\"font-weight: 400;\">T\u00fa eres mi vida (na, na, na)<\/span><\/p><p><span style=\"font-weight: 400;\">Contigo, ni\u00f1a, quiero pasar los d\u00edas<\/span><\/p><p><span style=\"font-weight: 400;\">Mi dulce ni\u00f1a (na, na, na)<\/span><\/p><p><span style=\"font-weight: 400;\">T\u00fa me fascinas (na, na, na)<\/span><\/p><p><span style=\"font-weight: 400;\">Por tu sonrisa, por tu mirada linda<\/span><\/p><p><span style=\"font-weight: 400;\">(Na, na, na, na, na)<\/span><\/p><p><span style=\"font-weight: 400;\">Mi dulce ni\u00f1a (na, na, na)<\/span><\/p><p><span style=\"font-weight: 400;\">T\u00fa eres mi vida (na, na, na)<\/span><\/p><p><span style=\"font-weight: 400;\">Contigo, ni\u00f1a, quiero pasar los d\u00edas<\/span><\/p><p><span style=\"font-weight: 400;\">\u00bfVes?<\/span><\/p>\t\t\t\t\t\t\t\t<\/div>\n\t\t\t\t<\/div>\n\t\t\t\t\t<\/div>\n\t\t\t\t<\/div>\n\t\t\t\t<\/div>","protected":false},"excerpt":{"rendered":"<p>Mi dulce ni\u00f1a Kumbia Kings Chiquilla, te quiero Vas a ser mi dulce ni\u00f1a Ya lo ves, estoy tan loco por ti Cuando te veo venir no s\u00e9 ni que [&hellip;]<\/p>\n","protected":false},"author":2,"featured_media":0,"parent":0,"menu_order":0,"comment_status":"closed","ping_status":"closed","template":"elementor_header_footer","meta":{"footnotes":""},"class_list":["post-4697","page","type-page","status-publish","hentry"],"_links":{"self":[{"href":"https:\/\/pose.bar\/es\/wp-json\/wp\/v2\/pages\/4697","targetHints":{"allow":["GET"]}}],"collection":[{"href":"https:\/\/pose.bar\/es\/wp-json\/wp\/v2\/pages"}],"about":[{"href":"https:\/\/pose.bar\/es\/wp-json\/wp\/v2\/types\/page"}],"author":[{"embeddable":true,"href":"https:\/\/pose.bar\/es\/wp-json\/wp\/v2\/users\/2"}],"replies":[{"embeddable":true,"href":"https:\/\/pose.bar\/es\/wp-json\/wp\/v2\/comments?post=4697"}],"version-history":[{"count":0,"href":"https:\/\/pose.bar\/es\/wp-json\/wp\/v2\/pages\/4697\/revisions"}],"wp:attachment":[{"href":"https:\/\/pose.bar\/es\/wp-json\/wp\/v2\/media?parent=4697"}],"curies":[{"name":"wp","href":"https:\/\/api.w.org\/{rel}","templated":true}]}}