{"id":4723,"date":"2024-09-10T21:35:13","date_gmt":"2024-09-11T02:35:13","guid":{"rendered":"https:\/\/pose.bar\/?page_id=4723"},"modified":"2024-09-10T21:35:13","modified_gmt":"2024-09-11T02:35:13","slug":"z-nunca-es-suficiente","status":"publish","type":"page","link":"https:\/\/pose.bar\/es\/z-nunca-es-suficiente\/","title":{"rendered":"z-Nunca-es-suficiente"},"content":{"rendered":"<div data-elementor-type=\"wp-post\" data-elementor-id=\"4723\" class=\"elementor elementor-4723\" data-elementor-post-type=\"page\">\n\t\t\t\t<div class=\"elementor-element elementor-element-d9dd0eb e-flex e-con-boxed e-con e-parent\" data-id=\"d9dd0eb\" data-element_type=\"container\" data-e-type=\"container\" data-settings=\"{&quot;background_background&quot;:&quot;gradient&quot;}\">\n\t\t\t\t\t<div class=\"e-con-inner\">\n\t\t\t\t<div class=\"elementor-element elementor-element-1724ce0 animated-fast elementor-invisible elementor-widget elementor-widget-heading\" data-id=\"1724ce0\" data-element_type=\"widget\" data-e-type=\"widget\" data-settings=\"{&quot;_animation&quot;:&quot;fadeInLeft&quot;,&quot;_animation_mobile&quot;:&quot;fadeInRight&quot;,&quot;_animation_delay&quot;:500}\" data-widget_type=\"heading.default\">\n\t\t\t\t<div class=\"elementor-widget-container\">\n\t\t\t\t\t<h2 class=\"elementor-heading-title elementor-size-default\">Nunca es suficiente<\/h2>\t\t\t\t<\/div>\n\t\t\t\t<\/div>\n\t\t\t\t<div class=\"elementor-element elementor-element-699c5e0 animated-fast elementor-invisible elementor-widget elementor-widget-text-editor\" data-id=\"699c5e0\" data-element_type=\"widget\" data-e-type=\"widget\" data-settings=\"{&quot;_animation&quot;:&quot;fadeInLeft&quot;,&quot;_animation_delay&quot;:1300,&quot;_animation_mobile&quot;:&quot;fadeInRight&quot;}\" data-widget_type=\"text-editor.default\">\n\t\t\t\t<div class=\"elementor-widget-container\">\n\t\t\t\t\t\t\t\t\t<p><strong>Los Angeles Azules feat. Natalia Lafourcade<\/strong><\/p>\t\t\t\t\t\t\t\t<\/div>\n\t\t\t\t<\/div>\n\t\t\t\t<div class=\"elementor-element elementor-element-6d9a967 animated-fast elementor-invisible elementor-widget elementor-widget-text-editor\" data-id=\"6d9a967\" data-element_type=\"widget\" data-e-type=\"widget\" data-settings=\"{&quot;_animation&quot;:&quot;fadeInLeft&quot;,&quot;_animation_delay&quot;:2000,&quot;_animation_mobile&quot;:&quot;fadeInRight&quot;}\" data-widget_type=\"text-editor.default\">\n\t\t\t\t<div class=\"elementor-widget-container\">\n\t\t\t\t\t\t\t\t\t<p><span style=\"font-weight: 400;\">Nunca es suficiente para m\u00ed<\/span><span style=\"font-weight: 400;\"><br \/><\/span><span style=\"font-weight: 400;\">Porque siempre quiero m\u00e1s de ti<\/span><span style=\"font-weight: 400;\"><br \/><\/span><span style=\"font-weight: 400;\">Yo quisiera hacerte m\u00e1s feliz<\/span><span style=\"font-weight: 400;\"><br \/><\/span><span style=\"font-weight: 400;\">Hoy, ma\u00f1ana, siempre, hasta el fin<\/span><\/p><p><span style=\"font-weight: 400;\">Mi coraz\u00f3n estalla por tu amor<\/span><span style=\"font-weight: 400;\"><br \/><\/span><span style=\"font-weight: 400;\">Y t\u00fa que crees que esto es muy normal<\/span><span style=\"font-weight: 400;\"><br \/><\/span><span style=\"font-weight: 400;\">Acostumbrado est\u00e1s tanto al amor<\/span><span style=\"font-weight: 400;\"><br \/><\/span><span style=\"font-weight: 400;\">Que no lo ves, yo nunca he estado as\u00ed<\/span><\/p><p><span style=\"font-weight: 400;\">Si de casualidad<\/span><span style=\"font-weight: 400;\"><br \/><\/span><span style=\"font-weight: 400;\">Me ves llorando un poco<\/span><span style=\"font-weight: 400;\"><br \/><\/span><span style=\"font-weight: 400;\">Es porque yo te quiero a ti<\/span><\/p><p><span style=\"font-weight: 400;\">Y t\u00fa te vas<\/span><span style=\"font-weight: 400;\"><br \/><\/span><span style=\"font-weight: 400;\">Jugando a enamorar<\/span><span style=\"font-weight: 400;\"><br \/><\/span><span style=\"font-weight: 400;\">Todas las ilusiones vagabundas<\/span><span style=\"font-weight: 400;\"><br \/><\/span><span style=\"font-weight: 400;\">Que se dejan alcanzar<\/span><span style=\"font-weight: 400;\"><br \/><\/span><span style=\"font-weight: 400;\">Y no ver\u00e1s que lo que yo te ofrezco<\/span><span style=\"font-weight: 400;\"><br \/><\/span><span style=\"font-weight: 400;\">Es algo incondicional<\/span><\/p><p><span style=\"font-weight: 400;\">Y t\u00fa te vas<\/span><span style=\"font-weight: 400;\"><br \/><\/span><span style=\"font-weight: 400;\">Jugando a enamorar<\/span><span style=\"font-weight: 400;\"><br \/><\/span><span style=\"font-weight: 400;\">Te enredas por las noches<\/span><span style=\"font-weight: 400;\"><br \/><\/span><span style=\"font-weight: 400;\">Entre historias que nunca tienen final<\/span><span style=\"font-weight: 400;\"><br \/><\/span><span style=\"font-weight: 400;\">Te perder\u00e1s dentro de mis recuerdos<\/span><span style=\"font-weight: 400;\"><br \/><\/span><span style=\"font-weight: 400;\">Por haberme hecho llorar<\/span><\/p><p><span style=\"font-weight: 400;\">Nunca es suficiente para m\u00ed<\/span><span style=\"font-weight: 400;\"><br \/><\/span><span style=\"font-weight: 400;\">Porque siempre quiero m\u00e1s de ti<\/span><span style=\"font-weight: 400;\"><br \/><\/span><span style=\"font-weight: 400;\">No ha cambiado en nada mi sentir<\/span><span style=\"font-weight: 400;\"><br \/><\/span><span style=\"font-weight: 400;\">Aunque me haces mal, te quiero aqu\u00ed<\/span><\/p><p><span style=\"font-weight: 400;\">Mi coraz\u00f3n estalla de dolor<\/span><span style=\"font-weight: 400;\"><br \/><\/span><span style=\"font-weight: 400;\">\u00bfC\u00f3mo evitar que se fracture en mil?<\/span><span style=\"font-weight: 400;\"><br \/><\/span><span style=\"font-weight: 400;\">Acostumbrado est\u00e1s tanto al amor<\/span><span style=\"font-weight: 400;\"><br \/><\/span><span style=\"font-weight: 400;\">Que no lo ves, yo nunca he estado as\u00ed<\/span><\/p><p><span style=\"font-weight: 400;\">Si de casualidad<\/span><span style=\"font-weight: 400;\"><br \/><\/span><span style=\"font-weight: 400;\">Me ves llorando un poco<\/span><span style=\"font-weight: 400;\"><br \/><\/span><span style=\"font-weight: 400;\">Es porque yo te quiero a ti<\/span><\/p><p><span style=\"font-weight: 400;\">Y t\u00fa te vas<\/span><span style=\"font-weight: 400;\"><br \/><\/span><span style=\"font-weight: 400;\">Jugando a enamorar<\/span><span style=\"font-weight: 400;\"><br \/><\/span><span style=\"font-weight: 400;\">Todas las ilusiones vagabundas<\/span><span style=\"font-weight: 400;\"><br \/><\/span><span style=\"font-weight: 400;\">Que se dejan alcanzar<\/span><span style=\"font-weight: 400;\"><br \/><\/span><span style=\"font-weight: 400;\">Y no ver\u00e1s que lo que te ofrezco<\/span><span style=\"font-weight: 400;\"><br \/><\/span><span style=\"font-weight: 400;\">Es algo incondicional, incondicional<\/span><\/p><p><span style=\"font-weight: 400;\">Y t\u00fa te vas<\/span><span style=\"font-weight: 400;\"><br \/><\/span><span style=\"font-weight: 400;\">Jugando a enamorar<\/span><span style=\"font-weight: 400;\"><br \/><\/span><span style=\"font-weight: 400;\">Te enredas por las noches<\/span><span style=\"font-weight: 400;\"><br \/><\/span><span style=\"font-weight: 400;\">Entre historias que nunca tienen final<\/span><span style=\"font-weight: 400;\"><br \/><\/span><span style=\"font-weight: 400;\">Te perder\u00e1s dentro de mis recuerdos<\/span><span style=\"font-weight: 400;\"><br \/><\/span><span style=\"font-weight: 400;\">Por haberme hecho llorar<\/span><\/p><p><span style=\"font-weight: 400;\">(Yo quer\u00eda hacerte m\u00e1s feliz)<\/span><span style=\"font-weight: 400;\"><br \/><\/span><span style=\"font-weight: 400;\">(Y te acostumbraste tanto, mi amor)<\/span><span style=\"font-weight: 400;\"><br \/><\/span><span style=\"font-weight: 400;\">(Que mi coraz\u00f3n estalla de dolor)<\/span><\/p><p><span style=\"font-weight: 400;\">Y t\u00fa te vas<\/span><span style=\"font-weight: 400;\"><br \/><\/span><span style=\"font-weight: 400;\">Jugando a enamorar<\/span><span style=\"font-weight: 400;\"><br \/><\/span><span style=\"font-weight: 400;\">Te enredas por las noches<\/span><span style=\"font-weight: 400;\"><br \/><\/span><span style=\"font-weight: 400;\">Entre historias que nunca tienen final<\/span><span style=\"font-weight: 400;\"><br \/><\/span><span style=\"font-weight: 400;\">Te perder\u00e1s dentro de mis recuerdos<\/span><span style=\"font-weight: 400;\"><br \/><\/span><span style=\"font-weight: 400;\">Por haberme hecho llorar<\/span><\/p><p><span style=\"font-weight: 400;\">Te perder\u00e1s dentro de mis recuerdos<\/span><span style=\"font-weight: 400;\"><br \/><\/span><span style=\"font-weight: 400;\">Por haberme hecho llorar<\/span><\/p>\t\t\t\t\t\t\t\t<\/div>\n\t\t\t\t<\/div>\n\t\t\t\t\t<\/div>\n\t\t\t\t<\/div>\n\t\t\t\t<\/div>","protected":false},"excerpt":{"rendered":"<p>Nunca es suficiente Los Angeles Azules feat. Natalia Lafourcade Nunca es suficiente para m\u00edPorque siempre quiero m\u00e1s de tiYo quisiera hacerte m\u00e1s felizHoy, ma\u00f1ana, siempre, hasta el fin Mi coraz\u00f3n [&hellip;]<\/p>\n","protected":false},"author":2,"featured_media":0,"parent":0,"menu_order":0,"comment_status":"closed","ping_status":"closed","template":"elementor_header_footer","meta":{"footnotes":""},"class_list":["post-4723","page","type-page","status-publish","hentry"],"_links":{"self":[{"href":"https:\/\/pose.bar\/es\/wp-json\/wp\/v2\/pages\/4723","targetHints":{"allow":["GET"]}}],"collection":[{"href":"https:\/\/pose.bar\/es\/wp-json\/wp\/v2\/pages"}],"about":[{"href":"https:\/\/pose.bar\/es\/wp-json\/wp\/v2\/types\/page"}],"author":[{"embeddable":true,"href":"https:\/\/pose.bar\/es\/wp-json\/wp\/v2\/users\/2"}],"replies":[{"embeddable":true,"href":"https:\/\/pose.bar\/es\/wp-json\/wp\/v2\/comments?post=4723"}],"version-history":[{"count":0,"href":"https:\/\/pose.bar\/es\/wp-json\/wp\/v2\/pages\/4723\/revisions"}],"wp:attachment":[{"href":"https:\/\/pose.bar\/es\/wp-json\/wp\/v2\/media?parent=4723"}],"curies":[{"name":"wp","href":"https:\/\/api.w.org\/{rel}","templated":true}]}}