{"id":4733,"date":"2024-09-10T21:37:54","date_gmt":"2024-09-11T02:37:54","guid":{"rendered":"https:\/\/pose.bar\/?page_id=4733"},"modified":"2024-09-10T21:37:54","modified_gmt":"2024-09-11T02:37:54","slug":"z-oye-como-va-santana","status":"publish","type":"page","link":"https:\/\/pose.bar\/es\/z-oye-como-va-santana\/","title":{"rendered":"z-Oye-como-va-Santana"},"content":{"rendered":"<div data-elementor-type=\"wp-post\" data-elementor-id=\"4733\" class=\"elementor elementor-4733\" data-elementor-post-type=\"page\">\n\t\t\t\t<div class=\"elementor-element elementor-element-d9dd0eb e-flex e-con-boxed e-con e-parent\" data-id=\"d9dd0eb\" data-element_type=\"container\" data-e-type=\"container\" data-settings=\"{&quot;background_background&quot;:&quot;gradient&quot;}\">\n\t\t\t\t\t<div class=\"e-con-inner\">\n\t\t\t\t<div class=\"elementor-element elementor-element-1724ce0 animated-fast elementor-invisible elementor-widget elementor-widget-heading\" data-id=\"1724ce0\" data-element_type=\"widget\" data-e-type=\"widget\" data-settings=\"{&quot;_animation&quot;:&quot;fadeInLeft&quot;,&quot;_animation_mobile&quot;:&quot;fadeInRight&quot;,&quot;_animation_delay&quot;:500}\" data-widget_type=\"heading.default\">\n\t\t\t\t<div class=\"elementor-widget-container\">\n\t\t\t\t\t<h2 class=\"elementor-heading-title elementor-size-default\">Oye como va\n<\/h2>\t\t\t\t<\/div>\n\t\t\t\t<\/div>\n\t\t\t\t<div class=\"elementor-element elementor-element-699c5e0 animated-fast elementor-invisible elementor-widget elementor-widget-text-editor\" data-id=\"699c5e0\" data-element_type=\"widget\" data-e-type=\"widget\" data-settings=\"{&quot;_animation&quot;:&quot;fadeInLeft&quot;,&quot;_animation_delay&quot;:1300,&quot;_animation_mobile&quot;:&quot;fadeInRight&quot;}\" data-widget_type=\"text-editor.default\">\n\t\t\t\t<div class=\"elementor-widget-container\">\n\t\t\t\t\t\t\t\t\t<p><strong>Santana<\/strong><\/p>\t\t\t\t\t\t\t\t<\/div>\n\t\t\t\t<\/div>\n\t\t\t\t<div class=\"elementor-element elementor-element-6d9a967 animated-fast elementor-invisible elementor-widget elementor-widget-text-editor\" data-id=\"6d9a967\" data-element_type=\"widget\" data-e-type=\"widget\" data-settings=\"{&quot;_animation&quot;:&quot;fadeInLeft&quot;,&quot;_animation_delay&quot;:2000,&quot;_animation_mobile&quot;:&quot;fadeInRight&quot;}\" data-widget_type=\"text-editor.default\">\n\t\t\t\t<div class=\"elementor-widget-container\">\n\t\t\t\t\t\t\t\t\t<p><span style=\"font-weight: 400;\">\u00a1Rrr, sabor!<\/span><\/p><p><span style=\"font-weight: 400;\">Oye c\u00f3mo va<\/span><\/p><p><span style=\"font-weight: 400;\">Mi ritmo<\/span><\/p><p><span style=\"font-weight: 400;\">Bueno pa&#8217; gozar<\/span><\/p><p><span style=\"font-weight: 400;\">Mulata<\/span><\/p><p><span style=\"font-weight: 400;\">Oye c\u00f3mo va<\/span><\/p><p><span style=\"font-weight: 400;\">Mi ritmo<\/span><\/p><p><span style=\"font-weight: 400;\">Bueno pa&#8217; gozar<\/span><\/p><p><span style=\"font-weight: 400;\">Mulata<\/span><\/p><p><span style=\"font-weight: 400;\">Oye c\u00f3mo va<\/span><\/p><p><span style=\"font-weight: 400;\">Mi ritmo<\/span><\/p><p><span style=\"font-weight: 400;\">Bueno pa&#8217; gozar<\/span><\/p><p><span style=\"font-weight: 400;\">Mulata<\/span><\/p><p><span style=\"font-weight: 400;\">Oye c\u00f3mo va<\/span><\/p><p><span style=\"font-weight: 400;\">Mi ritmo<\/span><\/p><p><span style=\"font-weight: 400;\">Bueno pa&#8217; gozar<\/span><\/p><p><span style=\"font-weight: 400;\">Mulata<\/span><\/p><p><span style=\"font-weight: 400;\">\u00a1Uh!<\/span><\/p>\t\t\t\t\t\t\t\t<\/div>\n\t\t\t\t<\/div>\n\t\t\t\t\t<\/div>\n\t\t\t\t<\/div>\n\t\t\t\t<\/div>","protected":false},"excerpt":{"rendered":"<p>Oye como va Santana \u00a1Rrr, sabor! Oye c\u00f3mo va Mi ritmo Bueno pa&#8217; gozar Mulata Oye c\u00f3mo va Mi ritmo Bueno pa&#8217; gozar Mulata Oye c\u00f3mo va Mi ritmo Bueno [&hellip;]<\/p>\n","protected":false},"author":2,"featured_media":0,"parent":0,"menu_order":0,"comment_status":"closed","ping_status":"closed","template":"elementor_header_footer","meta":{"footnotes":""},"class_list":["post-4733","page","type-page","status-publish","hentry"],"_links":{"self":[{"href":"https:\/\/pose.bar\/es\/wp-json\/wp\/v2\/pages\/4733","targetHints":{"allow":["GET"]}}],"collection":[{"href":"https:\/\/pose.bar\/es\/wp-json\/wp\/v2\/pages"}],"about":[{"href":"https:\/\/pose.bar\/es\/wp-json\/wp\/v2\/types\/page"}],"author":[{"embeddable":true,"href":"https:\/\/pose.bar\/es\/wp-json\/wp\/v2\/users\/2"}],"replies":[{"embeddable":true,"href":"https:\/\/pose.bar\/es\/wp-json\/wp\/v2\/comments?post=4733"}],"version-history":[{"count":0,"href":"https:\/\/pose.bar\/es\/wp-json\/wp\/v2\/pages\/4733\/revisions"}],"wp:attachment":[{"href":"https:\/\/pose.bar\/es\/wp-json\/wp\/v2\/media?parent=4733"}],"curies":[{"name":"wp","href":"https:\/\/api.w.org\/{rel}","templated":true}]}}