{"id":4739,"date":"2024-09-10T21:40:37","date_gmt":"2024-09-11T02:40:37","guid":{"rendered":"https:\/\/pose.bar\/?page_id=4739"},"modified":"2024-09-10T21:40:37","modified_gmt":"2024-09-11T02:40:37","slug":"z-pa-alla-voy","status":"publish","type":"page","link":"https:\/\/pose.bar\/es\/z-pa-alla-voy\/","title":{"rendered":"z-Pa-alla-voy"},"content":{"rendered":"\t\t<div data-elementor-type=\"wp-post\" data-elementor-id=\"4739\" class=\"elementor elementor-4739\" data-elementor-post-type=\"page\">\n\t\t\t\t<div class=\"elementor-element elementor-element-d9dd0eb e-flex e-con-boxed e-con e-parent\" data-id=\"d9dd0eb\" data-element_type=\"container\" data-e-type=\"container\" data-settings=\"{&quot;background_background&quot;:&quot;gradient&quot;}\">\n\t\t\t\t\t<div class=\"e-con-inner\">\n\t\t\t\t<div class=\"elementor-element elementor-element-1724ce0 animated-fast elementor-invisible elementor-widget elementor-widget-heading\" data-id=\"1724ce0\" data-element_type=\"widget\" data-e-type=\"widget\" data-settings=\"{&quot;_animation&quot;:&quot;fadeInLeft&quot;,&quot;_animation_mobile&quot;:&quot;fadeInRight&quot;,&quot;_animation_delay&quot;:500}\" data-widget_type=\"heading.default\">\n\t\t\t\t<div class=\"elementor-widget-container\">\n\t\t\t\t\t<h2 class=\"elementor-heading-title elementor-size-default\">Pa alla Voy<\/h2>\t\t\t\t<\/div>\n\t\t\t\t<\/div>\n\t\t\t\t<div class=\"elementor-element elementor-element-699c5e0 animated-fast elementor-invisible elementor-widget elementor-widget-text-editor\" data-id=\"699c5e0\" data-element_type=\"widget\" data-e-type=\"widget\" data-settings=\"{&quot;_animation&quot;:&quot;fadeInLeft&quot;,&quot;_animation_delay&quot;:1300,&quot;_animation_mobile&quot;:&quot;fadeInRight&quot;}\" data-widget_type=\"text-editor.default\">\n\t\t\t\t<div class=\"elementor-widget-container\">\n\t\t\t\t\t\t\t\t\t<p><strong>Marc Anthony<\/strong><\/p>\t\t\t\t\t\t\t\t<\/div>\n\t\t\t\t<\/div>\n\t\t\t\t<div class=\"elementor-element elementor-element-6d9a967 animated-fast elementor-invisible elementor-widget elementor-widget-text-editor\" data-id=\"6d9a967\" data-element_type=\"widget\" data-e-type=\"widget\" data-settings=\"{&quot;_animation&quot;:&quot;fadeInLeft&quot;,&quot;_animation_delay&quot;:2000,&quot;_animation_mobile&quot;:&quot;fadeInRight&quot;}\" data-widget_type=\"text-editor.default\">\n\t\t\t\t<div class=\"elementor-widget-container\">\n\t\t\t\t\t\t\t\t\t<p><span style=\"font-weight: 400;\">Cuando me llamen, pa&#8217;ll\u00e1 voy<\/span><\/p><p><span style=\"font-weight: 400;\">Pa&#8217; d\u00f3nde est\u00e1 la fiesta, pa&#8217;ll\u00e1 voy<\/span><span style=\"font-weight: 400;\"><br \/><\/span><span style=\"font-weight: 400;\">Pa&#8217; d\u00f3nde est\u00e1 la rumba, pa&#8217;ll\u00e1 voy<\/span><span style=\"font-weight: 400;\"><br \/><\/span><span style=\"font-weight: 400;\">Pa&#8217; d\u00f3nde est\u00e1 mi jeva, pa&#8217;ll\u00e1 voy<\/span><span style=\"font-weight: 400;\"><br \/><\/span><span style=\"font-weight: 400;\">Pa&#8217; d\u00f3nde me llamen, pa&#8217;ll\u00e1 voyQue ya t\u00fa sabes c\u00f3mo soy<\/span><span style=\"font-weight: 400;\"><br \/><\/span><span style=\"font-weight: 400;\">Si hay una rumba, pa&#8217;ll\u00e1 voy<\/span><span style=\"font-weight: 400;\"><br \/><\/span><span style=\"font-weight: 400;\">Pa&#8217;ll\u00e1 voy, pa&#8217;ll\u00e1 voy<\/span><span style=\"font-weight: 400;\"><br \/><\/span><span style=\"font-weight: 400;\">Pa&#8217;ll\u00e1 voy, pa&#8217;ll\u00e1 voy<\/span><\/p><p><span style=\"font-weight: 400;\">Pa&#8217; d\u00f3nde est\u00e1 la fiesta, pa&#8217;ll\u00e1 voy<\/span><span style=\"font-weight: 400;\"><br \/><\/span><span style=\"font-weight: 400;\">Pa&#8217; d\u00f3nde est\u00e1 la rumba, pa&#8217;ll\u00e1 voy<\/span><span style=\"font-weight: 400;\"><br \/><\/span><span style=\"font-weight: 400;\">Pa&#8217; d\u00f3nde est\u00e9n las jeva&#8217;, pa&#8217;ll\u00e1 voy<\/span><span style=\"font-weight: 400;\"><br \/><\/span><span style=\"font-weight: 400;\">Pa&#8217; d\u00f3nde me llamen, pa&#8217;ll\u00e1 voy<\/span><span style=\"font-weight: 400;\"><br \/><\/span><span style=\"font-weight: 400;\">Pa&#8217;ll\u00e1 voy, pa&#8217;ll\u00e1 voy<\/span><\/p><p><span style=\"font-weight: 400;\">Pa&#8217;ll\u00e1 voy<\/span><span style=\"font-weight: 400;\"><br \/><\/span><span style=\"font-weight: 400;\">Pa&#8217;ll\u00e1 voy<\/span><\/p><p><span style=\"font-weight: 400;\">Llegu\u00e9Oye, p\u00e1same una fr\u00eda ah\u00ed<\/span><span style=\"font-weight: 400;\"><br \/><\/span><span style=\"font-weight: 400;\">La calle, calla&#8217;o<\/span><span style=\"font-weight: 400;\"><br \/><\/span><span style=\"font-weight: 400;\">Ay, s\u00ed<\/span><\/p><p><span style=\"font-weight: 400;\">Si hay una fiesta, pa&#8217;ll\u00e1 voy<\/span><span style=\"font-weight: 400;\"><br \/><\/span><span style=\"font-weight: 400;\">Si hay una rumba, pa&#8217;ll\u00e1 voy<\/span><span style=\"font-weight: 400;\"><br \/><\/span><span style=\"font-weight: 400;\">Con buena m\u00fasica y alcohol<\/span><span style=\"font-weight: 400;\"><br \/><\/span><span style=\"font-weight: 400;\">Cuando me llamen, pa&#8217;ll\u00e1 voy<\/span><\/p><p><span style=\"font-weight: 400;\">Ay, pa&#8217;ll\u00e1 voy<\/span><span style=\"font-weight: 400;\"><br \/><\/span><span style=\"font-weight: 400;\">Ay, pa&#8217;ll\u00e1 voy<\/span><span style=\"font-weight: 400;\"><br \/><\/span><span style=\"font-weight: 400;\">Ay, pa&#8217;ll\u00e1 voy<\/span><span style=\"font-weight: 400;\"><br \/><\/span><span style=\"font-weight: 400;\">D\u00f3nde me llamen, pa&#8217;ll\u00e1 voy<\/span><\/p><p><span style=\"font-weight: 400;\">Pa&#8217; d\u00f3nde est\u00e1 la fiesta, pa&#8217;ll\u00e1 voy<\/span><span style=\"font-weight: 400;\"><br \/><\/span><span style=\"font-weight: 400;\">Pa&#8217; d\u00f3nde est\u00e1 la rumba, pa&#8217;ll\u00e1 voy<\/span><span style=\"font-weight: 400;\"><br \/><\/span><span style=\"font-weight: 400;\">Pa&#8217; d\u00f3nde est\u00e1 la&#8217; chicas, pa&#8217;ll\u00e1 voy<\/span><span style=\"font-weight: 400;\"><br \/><\/span><span style=\"font-weight: 400;\">Pa&#8217; d\u00f3nde me llamen, pa&#8217;ll\u00e1 voy<\/span><\/p><p><span style=\"font-weight: 400;\">La calle me llama (s\u00ed, s\u00ed, s\u00ed, s\u00ed, s\u00ed)<\/span><span style=\"font-weight: 400;\"><br \/><\/span><span style=\"font-weight: 400;\">Ay, me llama<\/span><\/p><p><span style=\"font-weight: 400;\">(\u00a1Epa!)<\/span><span style=\"font-weight: 400;\"><br \/><\/span><span style=\"font-weight: 400;\">(Jaja)<\/span><span style=\"font-weight: 400;\"><br \/><\/span><span style=\"font-weight: 400;\">(\u00a1Arr\u00e1ncate, uy!)<\/span><span style=\"font-weight: 400;\"><br \/><\/span><span style=\"font-weight: 400;\">(\u00a1Azuca, uy!)<\/span><\/p><p><span style=\"font-weight: 400;\">(Ah, ah, ah, ah)<\/span><span style=\"font-weight: 400;\"><br \/><\/span><span style=\"font-weight: 400;\">(Arr\u00e1ncate)<\/span><\/p><p><span style=\"font-weight: 400;\">(\u00a1A rumba!)<\/span><span style=\"font-weight: 400;\"><br \/><\/span><span style=\"font-weight: 400;\">(Uy, s\u00ed)<\/span><span style=\"font-weight: 400;\"><br \/><\/span><span style=\"font-weight: 400;\">(\u00a1Epa!)<\/span><\/p><p><span style=\"font-weight: 400;\">Si hay una fiesta, pa&#8217;ll\u00e1 voy<\/span><span style=\"font-weight: 400;\"><br \/><\/span><span style=\"font-weight: 400;\">Si hay una rumba, pa&#8217;ll\u00e1 voy<\/span><span style=\"font-weight: 400;\"><br \/><\/span><span style=\"font-weight: 400;\">Con buena m\u00fasica y alcohol<\/span><span style=\"font-weight: 400;\"><br \/><\/span><span style=\"font-weight: 400;\">Cuando me llamen, pa&#8217;ll\u00e1 voy<\/span><\/p><p><span style=\"font-weight: 400;\">Si hay una fiesta, pa&#8217;ll\u00e1 voy<\/span><span style=\"font-weight: 400;\"><br \/><\/span><span style=\"font-weight: 400;\">Si hay una rumba, pa&#8217;ll\u00e1 voy<\/span><span style=\"font-weight: 400;\"><br \/><\/span><span style=\"font-weight: 400;\">Con buena m\u00fasica y alcohol<\/span><span style=\"font-weight: 400;\"><br \/><br \/><\/span><\/p><p><span style=\"font-weight: 400;\">(Ataca, Arbise)<\/span><span style=\"font-weight: 400;\"><br \/><\/span><span style=\"font-weight: 400;\">(Ah, ah, ah, ah)<\/span><span style=\"font-weight: 400;\"><br \/><\/span><span style=\"font-weight: 400;\">([?])<\/span><\/p><p><span style=\"font-weight: 400;\">(One, two, one two, three)<\/span><span style=\"font-weight: 400;\"><br \/><\/span><span style=\"font-weight: 400;\">(Eh, ataca, Sergio)<\/span><span style=\"font-weight: 400;\"><br \/><\/span><span style=\"font-weight: 400;\">(Jaja)<\/span><span style=\"font-weight: 400;\"><br \/><\/span><span style=\"font-weight: 400;\">(Chi-chi)<\/span><span style=\"font-weight: 400;\"><br \/><\/span><span style=\"font-weight: 400;\">(Oh-oh, ah)<\/span><span style=\"font-weight: 400;\"><br \/><\/span><span style=\"font-weight: 400;\">(Jaja)<\/span><\/p><p><span style=\"font-weight: 400;\">Pa&#8217; d\u00f3nde est\u00e1 la fiesta, pa&#8217;ll\u00e1 voy<\/span><span style=\"font-weight: 400;\"><br \/><\/span><span style=\"font-weight: 400;\">Pa&#8217; d\u00f3nde est\u00e1 la rumba, pa&#8217;ll\u00e1 voy<\/span><span style=\"font-weight: 400;\"><br \/><\/span><span style=\"font-weight: 400;\">Pa&#8217; d\u00f3nde est\u00e9n las jeva&#8217;, pa&#8217;ll\u00e1 voy<\/span><span style=\"font-weight: 400;\"><br \/><\/span><span style=\"font-weight: 400;\">Pa&#8217; d\u00f3nde me llamen, pa&#8217;ll\u00e1 voy<\/span><\/p><p><br \/><br \/><\/p>\t\t\t\t\t\t\t\t<\/div>\n\t\t\t\t<\/div>\n\t\t\t\t\t<\/div>\n\t\t\t\t<\/div>\n\t\t\t\t<\/div>\n\t\t","protected":false},"excerpt":{"rendered":"<p>Pa alla Voy Marc Anthony Cuando me llamen, pa&#8217;ll\u00e1 voy Pa&#8217; d\u00f3nde est\u00e1 la fiesta, pa&#8217;ll\u00e1 voyPa&#8217; d\u00f3nde est\u00e1 la rumba, pa&#8217;ll\u00e1 voyPa&#8217; d\u00f3nde est\u00e1 mi jeva, pa&#8217;ll\u00e1 voyPa&#8217; d\u00f3nde [&hellip;]<\/p>\n","protected":false},"author":2,"featured_media":0,"parent":0,"menu_order":0,"comment_status":"closed","ping_status":"closed","template":"elementor_header_footer","meta":{"footnotes":""},"class_list":["post-4739","page","type-page","status-publish","hentry"],"_links":{"self":[{"href":"https:\/\/pose.bar\/es\/wp-json\/wp\/v2\/pages\/4739","targetHints":{"allow":["GET"]}}],"collection":[{"href":"https:\/\/pose.bar\/es\/wp-json\/wp\/v2\/pages"}],"about":[{"href":"https:\/\/pose.bar\/es\/wp-json\/wp\/v2\/types\/page"}],"author":[{"embeddable":true,"href":"https:\/\/pose.bar\/es\/wp-json\/wp\/v2\/users\/2"}],"replies":[{"embeddable":true,"href":"https:\/\/pose.bar\/es\/wp-json\/wp\/v2\/comments?post=4739"}],"version-history":[{"count":0,"href":"https:\/\/pose.bar\/es\/wp-json\/wp\/v2\/pages\/4739\/revisions"}],"wp:attachment":[{"href":"https:\/\/pose.bar\/es\/wp-json\/wp\/v2\/media?parent=4739"}],"curies":[{"name":"wp","href":"https:\/\/api.w.org\/{rel}","templated":true}]}}