{"id":4817,"date":"2024-09-10T22:10:06","date_gmt":"2024-09-11T03:10:06","guid":{"rendered":"https:\/\/pose.bar\/?page_id=4817"},"modified":"2024-09-10T22:10:06","modified_gmt":"2024-09-11T03:10:06","slug":"z-sin-sentimiento","status":"publish","type":"page","link":"https:\/\/pose.bar\/es\/z-sin-sentimiento\/","title":{"rendered":"z-Sin-sentimiento"},"content":{"rendered":"<div data-elementor-type=\"wp-post\" data-elementor-id=\"4817\" class=\"elementor elementor-4817\" data-elementor-post-type=\"page\">\n\t\t\t\t<div class=\"elementor-element elementor-element-d9dd0eb e-flex e-con-boxed e-con e-parent\" data-id=\"d9dd0eb\" data-element_type=\"container\" data-e-type=\"container\" data-settings=\"{&quot;background_background&quot;:&quot;gradient&quot;}\">\n\t\t\t\t\t<div class=\"e-con-inner\">\n\t\t\t\t<div class=\"elementor-element elementor-element-1724ce0 animated-fast elementor-invisible elementor-widget elementor-widget-heading\" data-id=\"1724ce0\" data-element_type=\"widget\" data-e-type=\"widget\" data-settings=\"{&quot;_animation&quot;:&quot;fadeInLeft&quot;,&quot;_animation_mobile&quot;:&quot;fadeInRight&quot;,&quot;_animation_delay&quot;:500}\" data-widget_type=\"heading.default\">\n\t\t\t\t<div class=\"elementor-widget-container\">\n\t\t\t\t\t<h2 class=\"elementor-heading-title elementor-size-default\">Sin Sentimiento<\/h2>\t\t\t\t<\/div>\n\t\t\t\t<\/div>\n\t\t\t\t<div class=\"elementor-element elementor-element-699c5e0 animated-fast elementor-invisible elementor-widget elementor-widget-text-editor\" data-id=\"699c5e0\" data-element_type=\"widget\" data-e-type=\"widget\" data-settings=\"{&quot;_animation&quot;:&quot;fadeInLeft&quot;,&quot;_animation_delay&quot;:1300,&quot;_animation_mobile&quot;:&quot;fadeInRight&quot;}\" data-widget_type=\"text-editor.default\">\n\t\t\t\t<div class=\"elementor-widget-container\">\n\t\t\t\t\t\t\t\t\t<p><strong>Grupo Niche<\/strong><\/p>\t\t\t\t\t\t\t\t<\/div>\n\t\t\t\t<\/div>\n\t\t\t\t<div class=\"elementor-element elementor-element-6d9a967 animated-fast elementor-invisible elementor-widget elementor-widget-text-editor\" data-id=\"6d9a967\" data-element_type=\"widget\" data-e-type=\"widget\" data-settings=\"{&quot;_animation&quot;:&quot;fadeInLeft&quot;,&quot;_animation_delay&quot;:2000,&quot;_animation_mobile&quot;:&quot;fadeInRight&quot;}\" data-widget_type=\"text-editor.default\">\n\t\t\t\t<div class=\"elementor-widget-container\">\n\t\t\t\t\t\t\t\t\t<p><span style=\"font-weight: 400;\">Sab\u00edas que te quer\u00eda<\/span><span style=\"font-weight: 400;\"><br \/><\/span><span style=\"font-weight: 400;\">Que sin ti todo lo perder\u00eda<\/span><span style=\"font-weight: 400;\"><br \/><\/span><span style=\"font-weight: 400;\">No lloro solo por llorar<\/span><span style=\"font-weight: 400;\"><br \/><\/span><span style=\"font-weight: 400;\">Diera la vida entera por re\u00edr<\/span><\/p><p><span style=\"font-weight: 400;\">Qu\u00e9 f\u00e1cil es decir que s\u00ed<\/span><span style=\"font-weight: 400;\"><br \/><\/span><span style=\"font-weight: 400;\">Qu\u00e9 f\u00e1cil te result\u00f3 decir que no<\/span><span style=\"font-weight: 400;\"><br \/><\/span><span style=\"font-weight: 400;\">Sue\u00f1o y me parece que est\u00e1s despierto<\/span><span style=\"font-weight: 400;\"><br \/><\/span><span style=\"font-weight: 400;\">Y t\u00fa no me dejas en paz<\/span><\/p><p><span style=\"font-weight: 400;\">Por qu\u00e9 vuelves a meterte en mi pensamiento<\/span><span style=\"font-weight: 400;\"><br \/><\/span><span style=\"font-weight: 400;\">A acabar con la poca fe que me queda para vivir<\/span><\/p><p><span style=\"font-weight: 400;\">Es que t\u00fa no sabes para qu\u00e9 sirven<\/span><span style=\"font-weight: 400;\"><br \/><\/span><span style=\"font-weight: 400;\">Los sentimientos de otra persona<\/span><span style=\"font-weight: 400;\"><br \/><\/span><span style=\"font-weight: 400;\">T\u00fa no sabes de eso, pa&#8217; qu\u00e9 sirve eso<\/span><span style=\"font-weight: 400;\"><br \/><\/span><span style=\"font-weight: 400;\">T\u00fa no sabes querer<\/span><\/p><p><span style=\"font-weight: 400;\">Siempre diciendo que s\u00ed<\/span><span style=\"font-weight: 400;\"><br \/><\/span><span style=\"font-weight: 400;\">Con tu forma de ser dici\u00e9ndome que no<\/span><span style=\"font-weight: 400;\"><br \/><\/span><span style=\"font-weight: 400;\">S\u00e9 que hay una cara para m\u00ed<\/span><span style=\"font-weight: 400;\"><br \/><\/span><span style=\"font-weight: 400;\">S\u00e9 que hay otra para los dem\u00e1s<\/span><\/p><p><span style=\"font-weight: 400;\">Por qu\u00e9 vuelves a meterte en mi pensamiento<\/span><span style=\"font-weight: 400;\"><br \/><\/span><span style=\"font-weight: 400;\">A acabar con la poca fe que me queda para vivir<\/span><\/p><p><span style=\"font-weight: 400;\">Es que t\u00fa no sabes para qu\u00e9 sirven<\/span><span style=\"font-weight: 400;\"><br \/><\/span><span style=\"font-weight: 400;\">Los sentimientos de otra persona<\/span><span style=\"font-weight: 400;\"><br \/><\/span><span style=\"font-weight: 400;\">T\u00fa no sabes de eso, pa&#8217; qu\u00e9 sirve eso<\/span><span style=\"font-weight: 400;\"><br \/><\/span><span style=\"font-weight: 400;\">T\u00fa no sabes querer<\/span><\/p><p><span style=\"font-weight: 400;\">Cuando el tiempo con su manto blanco<\/span><span style=\"font-weight: 400;\"><br \/><\/span><span style=\"font-weight: 400;\">Nos pinte el cabello y se acabe lo bello<\/span><span style=\"font-weight: 400;\"><br \/><\/span><span style=\"font-weight: 400;\">Y los a\u00f1os que no admiten enga\u00f1os<\/span><span style=\"font-weight: 400;\"><br \/><\/span><span style=\"font-weight: 400;\">Nos dejen sin piel<\/span><\/p><p><span style=\"font-weight: 400;\">Estoy pensando<\/span><span style=\"font-weight: 400;\"><br \/><\/span><span style=\"font-weight: 400;\">En amarte una vez m\u00e1s<\/span><span style=\"font-weight: 400;\"><br \/><\/span><span style=\"font-weight: 400;\">Pero mi coraz\u00f3n dice que no, dice que no<\/span><span style=\"font-weight: 400;\"><br \/><\/span><span style=\"font-weight: 400;\">Ooh<\/span><\/p><p><span style=\"font-weight: 400;\">(Estoy pensando)<\/span><span style=\"font-weight: 400;\"><br \/><\/span><span style=\"font-weight: 400;\">No, no, y no mereces que lo piense siquiera de nuevo<\/span><span style=\"font-weight: 400;\"><br \/><\/span><span style=\"font-weight: 400;\">(Estoy pensando)<\/span><span style=\"font-weight: 400;\"><br \/><\/span><span style=\"font-weight: 400;\">Y con tu lloriqueo no, no, no<\/span><span style=\"font-weight: 400;\"><br \/><\/span><span style=\"font-weight: 400;\">Qu\u00e9 va, no me conmuevo, no, no<\/span><\/p><p><span style=\"font-weight: 400;\">(Estoy pensando)<\/span><span style=\"font-weight: 400;\"><br \/><\/span><span style=\"font-weight: 400;\">Fallaste, fuiste t\u00fa la que fallaste<\/span><span style=\"font-weight: 400;\"><br \/><\/span><span style=\"font-weight: 400;\">(Estoy pensando)<\/span><span style=\"font-weight: 400;\"><br \/><\/span><span style=\"font-weight: 400;\">Que mi coraz\u00f3n dijo que no<\/span><span style=\"font-weight: 400;\"><br \/><\/span><span style=\"font-weight: 400;\">Y yo te repito que no y no, no, no<\/span><\/p><p><span style=\"font-weight: 400;\">Estoy pensando<\/span><span style=\"font-weight: 400;\"><br \/><\/span><span style=\"font-weight: 400;\">En amarte una vez m\u00e1s<\/span><span style=\"font-weight: 400;\"><br \/><\/span><span style=\"font-weight: 400;\">Pero mi coraz\u00f3n dice que no, dice que no<\/span><span style=\"font-weight: 400;\"><br \/><\/span><span style=\"font-weight: 400;\">Ooh, sigo pensando<\/span><\/p><p><span style=\"font-weight: 400;\">(Estoy pensando)<\/span><span style=\"font-weight: 400;\"><br \/><\/span><span style=\"font-weight: 400;\">Eh, eh, t\u00fa me ense\u00f1aste el truquito, mamita<\/span><span style=\"font-weight: 400;\"><br \/><\/span><span style=\"font-weight: 400;\">(Estoy pensando)<\/span><span style=\"font-weight: 400;\"><br \/><\/span><span style=\"font-weight: 400;\">Mira el resultado, mira el resultado<\/span><span style=\"font-weight: 400;\"><br \/><\/span><span style=\"font-weight: 400;\">M\u00edralo, m\u00edralo, m\u00edralo, m\u00edralo, guau<\/span><\/p><p><span style=\"font-weight: 400;\">Estoy pensando<\/span><span style=\"font-weight: 400;\"><br \/><\/span><span style=\"font-weight: 400;\">En amarte una vez m\u00e1s<\/span><span style=\"font-weight: 400;\"><br \/><\/span><span style=\"font-weight: 400;\">Pero mi coraz\u00f3n dice que no, dice que no<\/span><span style=\"font-weight: 400;\"><br \/><\/span><span style=\"font-weight: 400;\">Ooh, y sigo<\/span><\/p>\t\t\t\t\t\t\t\t<\/div>\n\t\t\t\t<\/div>\n\t\t\t\t\t<\/div>\n\t\t\t\t<\/div>\n\t\t\t\t<\/div>","protected":false},"excerpt":{"rendered":"<p>Sin Sentimiento Grupo Niche Sab\u00edas que te quer\u00edaQue sin ti todo lo perder\u00edaNo lloro solo por llorarDiera la vida entera por re\u00edr Qu\u00e9 f\u00e1cil es decir que s\u00edQu\u00e9 f\u00e1cil te [&hellip;]<\/p>\n","protected":false},"author":2,"featured_media":0,"parent":0,"menu_order":0,"comment_status":"closed","ping_status":"closed","template":"elementor_header_footer","meta":{"footnotes":""},"class_list":["post-4817","page","type-page","status-publish","hentry"],"_links":{"self":[{"href":"https:\/\/pose.bar\/es\/wp-json\/wp\/v2\/pages\/4817","targetHints":{"allow":["GET"]}}],"collection":[{"href":"https:\/\/pose.bar\/es\/wp-json\/wp\/v2\/pages"}],"about":[{"href":"https:\/\/pose.bar\/es\/wp-json\/wp\/v2\/types\/page"}],"author":[{"embeddable":true,"href":"https:\/\/pose.bar\/es\/wp-json\/wp\/v2\/users\/2"}],"replies":[{"embeddable":true,"href":"https:\/\/pose.bar\/es\/wp-json\/wp\/v2\/comments?post=4817"}],"version-history":[{"count":0,"href":"https:\/\/pose.bar\/es\/wp-json\/wp\/v2\/pages\/4817\/revisions"}],"wp:attachment":[{"href":"https:\/\/pose.bar\/es\/wp-json\/wp\/v2\/media?parent=4817"}],"curies":[{"name":"wp","href":"https:\/\/api.w.org\/{rel}","templated":true}]}}