{"id":4895,"date":"2024-09-10T22:28:16","date_gmt":"2024-09-11T03:28:16","guid":{"rendered":"https:\/\/pose.bar\/?page_id=4895"},"modified":"2024-09-10T22:28:16","modified_gmt":"2024-09-11T03:28:16","slug":"z-tusa","status":"publish","type":"page","link":"https:\/\/pose.bar\/es\/z-tusa\/","title":{"rendered":"z-Tusa"},"content":{"rendered":"<div data-elementor-type=\"wp-post\" data-elementor-id=\"4895\" class=\"elementor elementor-4895\" data-elementor-post-type=\"page\">\n\t\t\t\t<div class=\"elementor-element elementor-element-d9dd0eb e-flex e-con-boxed e-con e-parent\" data-id=\"d9dd0eb\" data-element_type=\"container\" data-e-type=\"container\" data-settings=\"{&quot;background_background&quot;:&quot;gradient&quot;}\">\n\t\t\t\t\t<div class=\"e-con-inner\">\n\t\t\t\t<div class=\"elementor-element elementor-element-1724ce0 animated-fast elementor-invisible elementor-widget elementor-widget-heading\" data-id=\"1724ce0\" data-element_type=\"widget\" data-e-type=\"widget\" data-settings=\"{&quot;_animation&quot;:&quot;fadeInLeft&quot;,&quot;_animation_mobile&quot;:&quot;fadeInRight&quot;,&quot;_animation_delay&quot;:500}\" data-widget_type=\"heading.default\">\n\t\t\t\t<div class=\"elementor-widget-container\">\n\t\t\t\t\t<h2 class=\"elementor-heading-title elementor-size-default\">Tusa\n<\/h2>\t\t\t\t<\/div>\n\t\t\t\t<\/div>\n\t\t\t\t<div class=\"elementor-element elementor-element-699c5e0 animated-fast elementor-invisible elementor-widget elementor-widget-text-editor\" data-id=\"699c5e0\" data-element_type=\"widget\" data-e-type=\"widget\" data-settings=\"{&quot;_animation&quot;:&quot;fadeInLeft&quot;,&quot;_animation_delay&quot;:1300,&quot;_animation_mobile&quot;:&quot;fadeInRight&quot;}\" data-widget_type=\"text-editor.default\">\n\t\t\t\t<div class=\"elementor-widget-container\">\n\t\t\t\t\t\t\t\t\t<p><strong>KAROL G\u00a0<\/strong><\/p>\t\t\t\t\t\t\t\t<\/div>\n\t\t\t\t<\/div>\n\t\t\t\t<div class=\"elementor-element elementor-element-6d9a967 animated-fast elementor-invisible elementor-widget elementor-widget-text-editor\" data-id=\"6d9a967\" data-element_type=\"widget\" data-e-type=\"widget\" data-settings=\"{&quot;_animation&quot;:&quot;fadeInLeft&quot;,&quot;_animation_delay&quot;:2000,&quot;_animation_mobile&quot;:&quot;fadeInRight&quot;}\" data-widget_type=\"text-editor.default\">\n\t\t\t\t<div class=\"elementor-widget-container\">\n\t\t\t\t\t\t\t\t\t<p><span style=\"font-weight: 400;\">\u00bfQu\u00e9 pas\u00f3 contigo?<\/span><span style=\"font-weight: 400;\"><br \/><\/span><span style=\"font-weight: 400;\">D\u00edmelo<\/span><span style=\"font-weight: 400;\"><br \/><\/span><span style=\"font-weight: 400;\">(O-O-Ovy On The Drums)<\/span><\/p><p><span style=\"font-weight: 400;\">Ya no tiene excusa<\/span><span style=\"font-weight: 400;\"><br \/><\/span><span style=\"font-weight: 400;\">Hoy sali\u00f3 con su amiga<\/span><span style=\"font-weight: 400;\"><br \/><\/span><span style=\"font-weight: 400;\">Dizque para&#8217; matar la tusa (tusa)<\/span><span style=\"font-weight: 400;\"><br \/><\/span><span style=\"font-weight: 400;\">Que porque un hombre le pag\u00f3 mal<\/span><\/p><p><span style=\"font-weight: 400;\">Est\u00e1 dura y abusa<\/span><span style=\"font-weight: 400;\"><br \/><\/span><span style=\"font-weight: 400;\">Se cans\u00f3 de ser buena<\/span><span style=\"font-weight: 400;\"><br \/><\/span><span style=\"font-weight: 400;\">Ahora es ella quien los usa<\/span><span style=\"font-weight: 400;\"><br \/><\/span><span style=\"font-weight: 400;\">Que porque un hombre le pag\u00f3 mal<\/span><\/p><p><span style=\"font-weight: 400;\">Ya no se le ve sentimental<\/span><span style=\"font-weight: 400;\"><br \/><\/span><span style=\"font-weight: 400;\">Dice que por otro man no llora (llora), no<\/span><\/p><p><span style=\"font-weight: 400;\">Pero si le ponen la canci\u00f3n<\/span><span style=\"font-weight: 400;\"><br \/><\/span><span style=\"font-weight: 400;\">Le da una depresi\u00f3n tonta<\/span><span style=\"font-weight: 400;\"><br \/><\/span><span style=\"font-weight: 400;\">Llorando lo comienza a llamar<\/span><span style=\"font-weight: 400;\"><br \/><\/span><span style=\"font-weight: 400;\">Pero \u00e9l la dej\u00f3 en buz\u00f3n<\/span><span style=\"font-weight: 400;\"><br \/><\/span><span style=\"font-weight: 400;\">\u00bfSer\u00e1 porque con otra est\u00e1?<\/span><span style=\"font-weight: 400;\"><br \/><\/span><span style=\"font-weight: 400;\">Fingiendo que a otra se puede amar<\/span><\/p><p><span style=\"font-weight: 400;\">Pero hice todo este llanto por nada<\/span><span style=\"font-weight: 400;\"><br \/><\/span><span style=\"font-weight: 400;\">Ahora soy una chica mala<\/span><span style=\"font-weight: 400;\"><br \/><\/span><span style=\"font-weight: 400;\">And now you kickin&#8217; and screamin&#8217;, a big toddler<\/span><span style=\"font-weight: 400;\"><br \/><\/span><span style=\"font-weight: 400;\">Don&#8217;t try to get your friends to come holla, holla<\/span><\/p><p><span style=\"font-weight: 400;\">Ayo, I used to lay low<\/span><span style=\"font-weight: 400;\"><br \/><\/span><span style=\"font-weight: 400;\">I wasn&#8217;t in the clubs, I was on my JO<\/span><span style=\"font-weight: 400;\"><br \/><\/span><span style=\"font-weight: 400;\">Until I realized you&#8217;re an epic fail<\/span><span style=\"font-weight: 400;\"><br \/><\/span><span style=\"font-weight: 400;\">So don&#8217;t tell your guys that I&#8217;m still your bae, yo&#8217;<\/span><\/p><p><span style=\"font-weight: 400;\">&#8216;Cause it&#8217;s a new day, I&#8217;m in a new place<\/span><span style=\"font-weight: 400;\"><br \/><\/span><span style=\"font-weight: 400;\">Gettin&#8217; some new D, sittin&#8217; on a new face (okay)<\/span><span style=\"font-weight: 400;\"><br \/><\/span><span style=\"font-weight: 400;\">&#8216;Cause I know I&#8217;m the baddest bitch that you ever really met<\/span><span style=\"font-weight: 400;\"><br \/><\/span><span style=\"font-weight: 400;\">You searchin&#8217; for a badder bitch, and you ain&#8217;t met her yet<\/span><\/p><p><span style=\"font-weight: 400;\">Ayo, tell &#8217;em to back off, he wanna slack off<\/span><span style=\"font-weight: 400;\"><br \/><\/span><span style=\"font-weight: 400;\">Ain&#8217;t no more booty calls, you gotta jack off<\/span><span style=\"font-weight: 400;\"><br \/><\/span><span style=\"font-weight: 400;\">It&#8217;s me and Karol G, we let them rats talk<\/span><span style=\"font-weight: 400;\"><br \/><\/span><span style=\"font-weight: 400;\">Don&#8217;t run up on us, &#8217;cause they lettin&#8217; the macks off<\/span><\/p><p><span style=\"font-weight: 400;\">Pero si le ponen la canci\u00f3n<\/span><span style=\"font-weight: 400;\"><br \/><\/span><span style=\"font-weight: 400;\">Le da una depresi\u00f3n tonta<\/span><span style=\"font-weight: 400;\"><br \/><\/span><span style=\"font-weight: 400;\">Llorando lo comienza a llamar<\/span><span style=\"font-weight: 400;\"><br \/><\/span><span style=\"font-weight: 400;\">Pero \u00e9l la dej\u00f3 en buz\u00f3n<\/span><span style=\"font-weight: 400;\"><br \/><\/span><span style=\"font-weight: 400;\">\u00bfSer\u00e1 porque con otra est\u00e1?<\/span><span style=\"font-weight: 400;\"><br \/><\/span><span style=\"font-weight: 400;\">Fingiendo que a otra se puede amar, eh<\/span><\/p><p><span style=\"font-weight: 400;\">Un shot pa&#8217; la pena profunda<\/span><span style=\"font-weight: 400;\"><br \/><\/span><span style=\"font-weight: 400;\"> Y seguimo&#8217; gastando la funda (la funda)<\/span><span style=\"font-weight: 400;\"><br \/><\/span><span style=\"font-weight: 400;\">Otro shot pa&#8217; la mente<\/span><span style=\"font-weight: 400;\"><br \/><\/span><span style=\"font-weight: 400;\">Pa&#8217; que el recuerdo no la atormente<\/span><\/p><p><span style=\"font-weight: 400;\">Ya no le copia nada<\/span><span style=\"font-weight: 400;\"><br \/><\/span><span style=\"font-weight: 400;\">Su ex ya no vale nada<\/span><span style=\"font-weight: 400;\"><br \/><\/span><span style=\"font-weight: 400;\">Se va pa&#8217; la disco y solo quiere perrear (perrear)<\/span><span style=\"font-weight: 400;\"><br \/><\/span><span style=\"font-weight: 400;\">Pero se confunde cuando empieza a tomar (tomar)<\/span><\/p><p><span style=\"font-weight: 400;\">Ella se cura con rumba<\/span><span style=\"font-weight: 400;\"><br \/><\/span><span style=\"font-weight: 400;\">Y el amor pa&#8217; la tumba<\/span><span style=\"font-weight: 400;\"><br \/><\/span><span style=\"font-weight: 400;\">To&#8217; los hombre&#8217; le zumban (le zumban)<\/span><\/p><p><span style=\"font-weight: 400;\">Pero si le ponen la canci\u00f3n<\/span><span style=\"font-weight: 400;\"><br \/><\/span><span style=\"font-weight: 400;\">Le da una depresi\u00f3n tonta (tonta)<\/span><span style=\"font-weight: 400;\"><br \/><\/span><span style=\"font-weight: 400;\">Llorando lo comienza a llamar<\/span><span style=\"font-weight: 400;\"><br \/><\/span><span style=\"font-weight: 400;\">Pero \u00e9l la dej\u00f3 en buz\u00f3n<\/span><span style=\"font-weight: 400;\"><br \/><\/span><span style=\"font-weight: 400;\">\u00bfSer\u00e1 porque con otra est\u00e1?<\/span><span style=\"font-weight: 400;\"><br \/><\/span><span style=\"font-weight: 400;\">Fingiendo que a otra se puede amar<\/span><\/p><p><span style=\"font-weight: 400;\">Ey, Karol G (Karol G)<\/span><span style=\"font-weight: 400;\"><br \/><\/span><span style=\"font-weight: 400;\">Nicki Minaj, ey<\/span><span style=\"font-weight: 400;\"><br \/><\/span><span style=\"font-weight: 400;\">The Queen with a queen<\/span><span style=\"font-weight: 400;\"><br \/><\/span><span style=\"font-weight: 400;\">(O-O-Ovy On The Drums)<\/span><\/p>\t\t\t\t\t\t\t\t<\/div>\n\t\t\t\t<\/div>\n\t\t\t\t\t<\/div>\n\t\t\t\t<\/div>\n\t\t\t\t<\/div>","protected":false},"excerpt":{"rendered":"<p>Tusa KAROL G\u00a0 \u00bfQu\u00e9 pas\u00f3 contigo?D\u00edmelo(O-O-Ovy On The Drums) Ya no tiene excusaHoy sali\u00f3 con su amigaDizque para&#8217; matar la tusa (tusa)Que porque un hombre le pag\u00f3 mal Est\u00e1 dura [&hellip;]<\/p>\n","protected":false},"author":2,"featured_media":0,"parent":0,"menu_order":0,"comment_status":"closed","ping_status":"closed","template":"elementor_header_footer","meta":{"footnotes":""},"class_list":["post-4895","page","type-page","status-publish","hentry"],"_links":{"self":[{"href":"https:\/\/pose.bar\/es\/wp-json\/wp\/v2\/pages\/4895","targetHints":{"allow":["GET"]}}],"collection":[{"href":"https:\/\/pose.bar\/es\/wp-json\/wp\/v2\/pages"}],"about":[{"href":"https:\/\/pose.bar\/es\/wp-json\/wp\/v2\/types\/page"}],"author":[{"embeddable":true,"href":"https:\/\/pose.bar\/es\/wp-json\/wp\/v2\/users\/2"}],"replies":[{"embeddable":true,"href":"https:\/\/pose.bar\/es\/wp-json\/wp\/v2\/comments?post=4895"}],"version-history":[{"count":0,"href":"https:\/\/pose.bar\/es\/wp-json\/wp\/v2\/pages\/4895\/revisions"}],"wp:attachment":[{"href":"https:\/\/pose.bar\/es\/wp-json\/wp\/v2\/media?parent=4895"}],"curies":[{"name":"wp","href":"https:\/\/api.w.org\/{rel}","templated":true}]}}