{"id":4897,"date":"2024-09-10T22:28:51","date_gmt":"2024-09-11T03:28:51","guid":{"rendered":"https:\/\/pose.bar\/?page_id=4897"},"modified":"2024-09-10T22:28:51","modified_gmt":"2024-09-11T03:28:51","slug":"z-un-monton-de-estrellas","status":"publish","type":"page","link":"https:\/\/pose.bar\/es\/z-un-monton-de-estrellas\/","title":{"rendered":"z-Un-monton-de-estrellas"},"content":{"rendered":"<div data-elementor-type=\"wp-post\" data-elementor-id=\"4897\" class=\"elementor elementor-4897\" data-elementor-post-type=\"page\">\n\t\t\t\t<div class=\"elementor-element elementor-element-d9dd0eb e-flex e-con-boxed e-con e-parent\" data-id=\"d9dd0eb\" data-element_type=\"container\" data-e-type=\"container\" data-settings=\"{&quot;background_background&quot;:&quot;gradient&quot;}\">\n\t\t\t\t\t<div class=\"e-con-inner\">\n\t\t\t\t<div class=\"elementor-element elementor-element-1724ce0 animated-fast elementor-invisible elementor-widget elementor-widget-heading\" data-id=\"1724ce0\" data-element_type=\"widget\" data-e-type=\"widget\" data-settings=\"{&quot;_animation&quot;:&quot;fadeInLeft&quot;,&quot;_animation_mobile&quot;:&quot;fadeInRight&quot;,&quot;_animation_delay&quot;:500}\" data-widget_type=\"heading.default\">\n\t\t\t\t<div class=\"elementor-widget-container\">\n\t\t\t\t\t<h2 class=\"elementor-heading-title elementor-size-default\">Un Mont\u00f3n de Estrellas\n<\/h2>\t\t\t\t<\/div>\n\t\t\t\t<\/div>\n\t\t\t\t<div class=\"elementor-element elementor-element-699c5e0 animated-fast elementor-invisible elementor-widget elementor-widget-text-editor\" data-id=\"699c5e0\" data-element_type=\"widget\" data-e-type=\"widget\" data-settings=\"{&quot;_animation&quot;:&quot;fadeInLeft&quot;,&quot;_animation_delay&quot;:1300,&quot;_animation_mobile&quot;:&quot;fadeInRight&quot;}\" data-widget_type=\"text-editor.default\">\n\t\t\t\t<div class=\"elementor-widget-container\">\n\t\t\t\t\t\t\t\t\t<p><strong>Polo Monta\u00f1ez<\/strong><\/p>\t\t\t\t\t\t\t\t<\/div>\n\t\t\t\t<\/div>\n\t\t\t\t<div class=\"elementor-element elementor-element-6d9a967 animated-fast elementor-invisible elementor-widget elementor-widget-text-editor\" data-id=\"6d9a967\" data-element_type=\"widget\" data-e-type=\"widget\" data-settings=\"{&quot;_animation&quot;:&quot;fadeInLeft&quot;,&quot;_animation_delay&quot;:2000,&quot;_animation_mobile&quot;:&quot;fadeInRight&quot;}\" data-widget_type=\"text-editor.default\">\n\t\t\t\t<div class=\"elementor-widget-container\">\n\t\t\t\t\t\t\t\t\t<p><span style=\"font-weight: 400;\">Yo no s\u00e9 por qu\u00e9 raz\u00f3n cantarle a ella<\/span><span style=\"font-weight: 400;\"><br \/><\/span><span style=\"font-weight: 400;\">Si deb\u00eda aborrecerla con las fuerzas de mi coraz\u00f3n<\/span><span style=\"font-weight: 400;\"><br \/><\/span><span style=\"font-weight: 400;\">Todav\u00eda no la borro totalmente<\/span><span style=\"font-weight: 400;\"><br \/><\/span><span style=\"font-weight: 400;\">Ella siempre est\u00e1 presente, como ahora en esta canci\u00f3n<\/span><\/p><p><span style=\"font-weight: 400;\">Incontables son las veces que he tratado<\/span><span style=\"font-weight: 400;\"><br \/><\/span><span style=\"font-weight: 400;\">De olvidarla y no he logrado<\/span><span style=\"font-weight: 400;\"><br \/><\/span><span style=\"font-weight: 400;\">Arrancarla ni un segundo de mi mente<\/span><span style=\"font-weight: 400;\"><br \/><\/span><span style=\"font-weight: 400;\">Porque ella sabe todo mi pasado, me conoce demasiado<\/span><span style=\"font-weight: 400;\"><br \/><\/span><span style=\"font-weight: 400;\">Y es posible que por eso se aproveche<\/span><\/p><p><span style=\"font-weight: 400;\">Porque yo en el amor soy un idiota<\/span><span style=\"font-weight: 400;\"><br \/><\/span><span style=\"font-weight: 400;\">Que ha sufrido mil derrotas<\/span><span style=\"font-weight: 400;\"><br \/><\/span><span style=\"font-weight: 400;\">Que no tengo fuerzas para defenderme<\/span><span style=\"font-weight: 400;\"><br \/><\/span><span style=\"font-weight: 400;\">Pero ella casi siempre se aprovecha<\/span><span style=\"font-weight: 400;\"><br \/><\/span><span style=\"font-weight: 400;\">Unas veces me desprecia y otras veces lo hace<\/span><span style=\"font-weight: 400;\"><br \/><\/span><span style=\"font-weight: 400;\">Para entretenerme, y es as\u00ed<\/span><\/p><p><span style=\"font-weight: 400;\">Hoy recuerdo la canci\u00f3n que le hice un d\u00eda<\/span><span style=\"font-weight: 400;\"><br \/><\/span><span style=\"font-weight: 400;\">Y en el fondo, no sab\u00eda que eso era malo para m\u00ed<\/span><span style=\"font-weight: 400;\"><br \/><\/span><span style=\"font-weight: 400;\">Poco a poco, fui cayendo en un abismo<\/span><span style=\"font-weight: 400;\"><br \/><\/span><span style=\"font-weight: 400;\">Siempre me pas\u00f3 lo mismo, nadie sabe lo que yo sufr\u00ed<\/span><\/p><p><span style=\"font-weight: 400;\">Una victima total de sus antojos<\/span><span style=\"font-weight: 400;\"><br \/><\/span><span style=\"font-weight: 400;\">Pero un d\u00eda abr\u00ed los ojos<\/span><span style=\"font-weight: 400;\"><br \/><\/span><span style=\"font-weight: 400;\">Y con rabia la arranqu\u00e9 de mi memoria<\/span><span style=\"font-weight: 400;\"><br \/><\/span><span style=\"font-weight: 400;\">Poco a poco, fui saliendo hacia adelante<\/span><span style=\"font-weight: 400;\"><br \/><\/span><span style=\"font-weight: 400;\">Y en los brazos de otra amante<\/span><span style=\"font-weight: 400;\"><br \/><\/span><span style=\"font-weight: 400;\">Pude terminar al fin con esta historia<\/span><\/p><p><span style=\"font-weight: 400;\">Porque yo en el amor soy un idiota<\/span><span style=\"font-weight: 400;\"><br \/><\/span><span style=\"font-weight: 400;\">Que ha sufrido mil derrotas<\/span><span style=\"font-weight: 400;\"><br \/><\/span><span style=\"font-weight: 400;\">Que no tengo fuerzas para defenderme<\/span><span style=\"font-weight: 400;\"><br \/><\/span><span style=\"font-weight: 400;\">Pero ella casi siempre aprovechaba<\/span><span style=\"font-weight: 400;\"><br \/><\/span><span style=\"font-weight: 400;\">Si alg\u00fan d\u00eda me besaba, eso era<\/span><span style=\"font-weight: 400;\"><br \/><\/span><span style=\"font-weight: 400;\">Solo para entretenerme, y es as\u00ed<\/span><\/p><p><span style=\"font-weight: 400;\">Todo fue as\u00ed (as\u00ed mismo fue)<\/span><span style=\"font-weight: 400;\"><br \/><\/span><span style=\"font-weight: 400;\">Todo fue por ella<\/span><span style=\"font-weight: 400;\"><br \/><\/span><span style=\"font-weight: 400;\">Yo la quer\u00eda, yo la adoraba<\/span><span style=\"font-weight: 400;\"><br \/><\/span><span style=\"font-weight: 400;\">Pero ten\u00eda que aborrecerla<\/span><\/p><p><span style=\"font-weight: 400;\">Todo fue as\u00ed (oh, yeah)<\/span><span style=\"font-weight: 400;\"><br \/><\/span><span style=\"font-weight: 400;\">Todo fue por ella<\/span><span style=\"font-weight: 400;\"><br \/><\/span><span style=\"font-weight: 400;\">C\u00f3mo yo quise a esa mujer<\/span><span style=\"font-weight: 400;\"><br \/><\/span><span style=\"font-weight: 400;\">Porque pensaba que era buen<\/span><\/p><p><span style=\"font-weight: 400;\">Todo fue as\u00ed (ay, Dios)<\/span><span style=\"font-weight: 400;\"><br \/><\/span><span style=\"font-weight: 400;\">Todo fue por ella<\/span><span style=\"font-weight: 400;\"><br \/><\/span><span style=\"font-weight: 400;\">Yo era capaz de subir al cielo<\/span><span style=\"font-weight: 400;\"><br \/><\/span><span style=\"font-weight: 400;\">Para bajarle un mont\u00f3n de estrellas<\/span><\/p><p><span style=\"font-weight: 400;\">Todo fue as\u00ed<\/span><span style=\"font-weight: 400;\"><br \/><\/span><span style=\"font-weight: 400;\">Todo fue por ella<\/span><span style=\"font-weight: 400;\"><br \/><\/span><span style=\"font-weight: 400;\">Un pajarito que iba volando<\/span><span style=\"font-weight: 400;\"><br \/><\/span><span style=\"font-weight: 400;\">Yo lo cog\u00ed para complacerla<\/span><\/p><p><span style=\"font-weight: 400;\">Todo fue as\u00ed (ay, Dios)<\/span><span style=\"font-weight: 400;\"><br \/><\/span><span style=\"font-weight: 400;\">Todo fue por ella<\/span><span style=\"font-weight: 400;\"><br \/><\/span><span style=\"font-weight: 400;\">Tanto se burl\u00f3 de m\u00ed<\/span><span style=\"font-weight: 400;\"><br \/><\/span><span style=\"font-weight: 400;\">Que ahora no puedo verla<\/span><\/p><p><span style=\"font-weight: 400;\">Todo fue as\u00ed (as\u00ed mismo fue)<\/span><span style=\"font-weight: 400;\"><br \/><\/span><span style=\"font-weight: 400;\">Todo fue por ella (por bobo me pas\u00f3)<\/span><span style=\"font-weight: 400;\"><br \/><\/span><span style=\"font-weight: 400;\">Todo fue as\u00ed (me enamor\u00e9 de ella)<\/span><span style=\"font-weight: 400;\"><br \/><\/span><span style=\"font-weight: 400;\">Todo fue por ella (y luego ella me dej\u00f3)<\/span><\/p><p><span style=\"font-weight: 400;\">Todo fue as\u00ed (oh, yeah)<\/span><span style=\"font-weight: 400;\"><br \/><\/span><span style=\"font-weight: 400;\">Todo fue por ella (as\u00ed mismo fue)<\/span><span style=\"font-weight: 400;\"><br \/><\/span><span style=\"font-weight: 400;\">Todo fue as\u00ed (oh, yeah)<\/span><span style=\"font-weight: 400;\"><br \/><\/span><span style=\"font-weight: 400;\">Todo fue por ella<\/span><span style=\"font-weight: 400;\"><br \/><\/span><span style=\"font-weight: 400;\">Yo la quer\u00eda yo la adoraba<\/span><span style=\"font-weight: 400;\"><br \/><\/span><span style=\"font-weight: 400;\">Pero ten\u00eda que aborrecerla<\/span><\/p><p><span style=\"font-weight: 400;\">Todo fue as\u00ed (ay, Dios)<\/span><span style=\"font-weight: 400;\"><br \/><\/span><span style=\"font-weight: 400;\">Todo fue por ella<\/span><span style=\"font-weight: 400;\"><br \/><\/span><span style=\"font-weight: 400;\">C\u00f3mo yo quise a esa mujer<\/span><span style=\"font-weight: 400;\"><br \/><\/span><span style=\"font-weight: 400;\">Porque pensaba que era buena<\/span><\/p><p><span style=\"font-weight: 400;\">Todo fue as\u00ed (oh, yeah)<\/span><span style=\"font-weight: 400;\"><br \/><\/span><span style=\"font-weight: 400;\">Todo fue por ella<\/span><span style=\"font-weight: 400;\"><br \/><\/span><span style=\"font-weight: 400;\">Yo era capaz de subir al cielo<\/span><span style=\"font-weight: 400;\"><br \/><\/span><span style=\"font-weight: 400;\">Para bajarle un mont\u00f3n de estrellas<\/span><\/p><p><span style=\"font-weight: 400;\">Todo fue as\u00ed (ay, Dios)<\/span><span style=\"font-weight: 400;\"><br \/><\/span><span style=\"font-weight: 400;\">Todo fue por ella<\/span><span style=\"font-weight: 400;\"><br \/><\/span><span style=\"font-weight: 400;\">Un pajarito que iba volando<\/span><span style=\"font-weight: 400;\"><br \/><\/span><span style=\"font-weight: 400;\">Yo lo cog\u00ed para complacerla<\/span><\/p><p><span style=\"font-weight: 400;\">Todo fue as\u00ed (oh, yeah)<\/span><span style=\"font-weight: 400;\"><br \/><\/span><span style=\"font-weight: 400;\">Todo fue por ella<\/span><span style=\"font-weight: 400;\"><br \/><\/span><span style=\"font-weight: 400;\">Tanto se burl\u00f3 de m\u00ed<\/span><span style=\"font-weight: 400;\"><br \/><\/span><span style=\"font-weight: 400;\">Que ahora no puedo verla<\/span><\/p><p><br \/><br \/><\/p>\t\t\t\t\t\t\t\t<\/div>\n\t\t\t\t<\/div>\n\t\t\t\t\t<\/div>\n\t\t\t\t<\/div>\n\t\t\t\t<\/div>","protected":false},"excerpt":{"rendered":"<p>Un Mont\u00f3n de Estrellas Polo Monta\u00f1ez Yo no s\u00e9 por qu\u00e9 raz\u00f3n cantarle a ellaSi deb\u00eda aborrecerla con las fuerzas de mi coraz\u00f3nTodav\u00eda no la borro totalmenteElla siempre est\u00e1 presente, [&hellip;]<\/p>\n","protected":false},"author":2,"featured_media":0,"parent":0,"menu_order":0,"comment_status":"closed","ping_status":"closed","template":"elementor_header_footer","meta":{"footnotes":""},"class_list":["post-4897","page","type-page","status-publish","hentry"],"_links":{"self":[{"href":"https:\/\/pose.bar\/es\/wp-json\/wp\/v2\/pages\/4897","targetHints":{"allow":["GET"]}}],"collection":[{"href":"https:\/\/pose.bar\/es\/wp-json\/wp\/v2\/pages"}],"about":[{"href":"https:\/\/pose.bar\/es\/wp-json\/wp\/v2\/types\/page"}],"author":[{"embeddable":true,"href":"https:\/\/pose.bar\/es\/wp-json\/wp\/v2\/users\/2"}],"replies":[{"embeddable":true,"href":"https:\/\/pose.bar\/es\/wp-json\/wp\/v2\/comments?post=4897"}],"version-history":[{"count":0,"href":"https:\/\/pose.bar\/es\/wp-json\/wp\/v2\/pages\/4897\/revisions"}],"wp:attachment":[{"href":"https:\/\/pose.bar\/es\/wp-json\/wp\/v2\/media?parent=4897"}],"curies":[{"name":"wp","href":"https:\/\/api.w.org\/{rel}","templated":true}]}}