{"id":4935,"date":"2024-09-10T22:38:47","date_gmt":"2024-09-11T03:38:47","guid":{"rendered":"https:\/\/pose.bar\/?page_id=4935"},"modified":"2024-09-10T22:38:47","modified_gmt":"2024-09-11T03:38:47","slug":"z-yo-no-se-manana","status":"publish","type":"page","link":"https:\/\/pose.bar\/es\/z-yo-no-se-manana\/","title":{"rendered":"z-Yo-no-se-ma\u00f1ana"},"content":{"rendered":"<div data-elementor-type=\"wp-post\" data-elementor-id=\"4935\" class=\"elementor elementor-4935\" data-elementor-post-type=\"page\">\n\t\t\t\t<div class=\"elementor-element elementor-element-d9dd0eb e-flex e-con-boxed e-con e-parent\" data-id=\"d9dd0eb\" data-element_type=\"container\" data-e-type=\"container\" data-settings=\"{&quot;background_background&quot;:&quot;gradient&quot;}\">\n\t\t\t\t\t<div class=\"e-con-inner\">\n\t\t\t\t<div class=\"elementor-element elementor-element-1724ce0 animated-fast elementor-invisible elementor-widget elementor-widget-heading\" data-id=\"1724ce0\" data-element_type=\"widget\" data-e-type=\"widget\" data-settings=\"{&quot;_animation&quot;:&quot;fadeInLeft&quot;,&quot;_animation_mobile&quot;:&quot;fadeInRight&quot;,&quot;_animation_delay&quot;:500}\" data-widget_type=\"heading.default\">\n\t\t\t\t<div class=\"elementor-widget-container\">\n\t\t\t\t\t<h2 class=\"elementor-heading-title elementor-size-default\">Yo No S\u00e9 Ma\u00f1ana<\/h2>\t\t\t\t<\/div>\n\t\t\t\t<\/div>\n\t\t\t\t<div class=\"elementor-element elementor-element-699c5e0 animated-fast elementor-invisible elementor-widget elementor-widget-text-editor\" data-id=\"699c5e0\" data-element_type=\"widget\" data-e-type=\"widget\" data-settings=\"{&quot;_animation&quot;:&quot;fadeInLeft&quot;,&quot;_animation_delay&quot;:1300,&quot;_animation_mobile&quot;:&quot;fadeInRight&quot;}\" data-widget_type=\"text-editor.default\">\n\t\t\t\t<div class=\"elementor-widget-container\">\n\t\t\t\t\t\t\t\t\t<p><strong>Luis Enrique<\/strong><\/p>\t\t\t\t\t\t\t\t<\/div>\n\t\t\t\t<\/div>\n\t\t\t\t<div class=\"elementor-element elementor-element-6d9a967 animated-fast elementor-invisible elementor-widget elementor-widget-text-editor\" data-id=\"6d9a967\" data-element_type=\"widget\" data-e-type=\"widget\" data-settings=\"{&quot;_animation&quot;:&quot;fadeInLeft&quot;,&quot;_animation_delay&quot;:2000,&quot;_animation_mobile&quot;:&quot;fadeInRight&quot;}\" data-widget_type=\"text-editor.default\">\n\t\t\t\t<div class=\"elementor-widget-container\">\n\t\t\t\t\t\t\t\t\t<p><span style=\"font-weight: 400;\">Yo no s\u00e9 si t\u00fa, no s\u00e9 si yo<\/span><span style=\"font-weight: 400;\"><br \/><\/span><span style=\"font-weight: 400;\">Seguiremos siendo como hoy<\/span><span style=\"font-weight: 400;\"><br \/><\/span><span style=\"font-weight: 400;\">No s\u00e9 si despu\u00e9s de amanecer<\/span><span style=\"font-weight: 400;\"><br \/><\/span><span style=\"font-weight: 400;\">Vamos a sentir la misma sed<\/span><span style=\"font-weight: 400;\"><br \/><\/span><span style=\"font-weight: 400;\">\u00bfPara qu\u00e9 pensar y suponer?<\/span><span style=\"font-weight: 400;\"><br \/><\/span><span style=\"font-weight: 400;\">No preguntes cosas que no s\u00e9<\/span><span style=\"font-weight: 400;\"><br \/><\/span><span style=\"font-weight: 400;\">Yo no s\u00e9<\/span><\/p><p><span style=\"font-weight: 400;\">No s\u00e9 donde vamos a parar<\/span><span style=\"font-weight: 400;\"><br \/><\/span><span style=\"font-weight: 400;\">Eso ya la piel nos lo dir\u00e1<\/span><span style=\"font-weight: 400;\"><br \/><\/span><span style=\"font-weight: 400;\">\u00bfPara qu\u00e9 jurar y prometer?<\/span><span style=\"font-weight: 400;\"><br \/><\/span><span style=\"font-weight: 400;\">Algo que no est\u00e1 en nuestro poder<\/span><span style=\"font-weight: 400;\"><br \/><\/span><span style=\"font-weight: 400;\">Yo no s\u00e9 lo que es eterno<\/span><span style=\"font-weight: 400;\"><br \/><\/span><span style=\"font-weight: 400;\">No me pidas algo que es del tiempo<\/span><\/p><p><span style=\"font-weight: 400;\">Yo no s\u00e9 ma\u00f1ana, yo no s\u00e9 ma\u00f1ana<\/span><span style=\"font-weight: 400;\"><br \/><\/span><span style=\"font-weight: 400;\">Si estaremos juntos, si se acaba el mundo<\/span><span style=\"font-weight: 400;\"><br \/><\/span><span style=\"font-weight: 400;\">Yo no s\u00e9 si soy para ti, si ser\u00e1s para m\u00ed<\/span><span style=\"font-weight: 400;\"><br \/><\/span><span style=\"font-weight: 400;\">Si lleguemos a amarnos u odiarnos<\/span><\/p><p><span style=\"font-weight: 400;\">Yo no s\u00e9 ma\u00f1ana<\/span><span style=\"font-weight: 400;\"><br \/><\/span><span style=\"font-weight: 400;\">Yo no s\u00e9 ma\u00f1ana<\/span><span style=\"font-weight: 400;\"><br \/><\/span><span style=\"font-weight: 400;\">Qui\u00e9n va a estar aqu\u00ed<\/span><\/p><p><span style=\"font-weight: 400;\">De un caf\u00e9 pasamos al sof\u00e1<\/span><span style=\"font-weight: 400;\"><br \/><\/span><span style=\"font-weight: 400;\">De un bot\u00f3n a todo lo dem\u00e1s<\/span><span style=\"font-weight: 400;\"><br \/><\/span><span style=\"font-weight: 400;\">No pusimos reglas, ni reloj<\/span><span style=\"font-weight: 400;\"><br \/><\/span><span style=\"font-weight: 400;\">Aqu\u00ed estamos solos t\u00fa y yo<\/span><\/p><p><span style=\"font-weight: 400;\">Todo lo que ves es lo que soy<\/span><span style=\"font-weight: 400;\"><br \/><\/span><span style=\"font-weight: 400;\">No me pidas m\u00e1s de lo que doy<\/span><span style=\"font-weight: 400;\"><br \/><\/span><span style=\"font-weight: 400;\">No<\/span><\/p><p><span style=\"font-weight: 400;\">Yo no s\u00e9 ma\u00f1ana, yo no s\u00e9 ma\u00f1ana<\/span><span style=\"font-weight: 400;\"><br \/><\/span><span style=\"font-weight: 400;\">Si estaremos juntos, si se acaba el mundo<\/span><span style=\"font-weight: 400;\"><br \/><\/span><span style=\"font-weight: 400;\">Yo no s\u00e9 si soy para ti, si ser\u00e1s para m\u00ed<\/span><span style=\"font-weight: 400;\"><br \/><\/span><span style=\"font-weight: 400;\">Si lleguemos a amarnos u odiarnos<\/span><\/p><p><span style=\"font-weight: 400;\">Yo no s\u00e9 ma\u00f1ana<\/span><span style=\"font-weight: 400;\"><br \/><\/span><span style=\"font-weight: 400;\">Yo no s\u00e9 ma\u00f1ana<\/span><span style=\"font-weight: 400;\"><br \/><\/span><span style=\"font-weight: 400;\">Qui\u00e9n va a estar aqu\u00ed<\/span><\/p><p><span style=\"font-weight: 400;\">Esta vida es igual que a un libro<\/span><span style=\"font-weight: 400;\"><br \/><\/span><span style=\"font-weight: 400;\">Cada p\u00e1gina es un d\u00eda vivido<\/span><span style=\"font-weight: 400;\"><br \/><\/span><span style=\"font-weight: 400;\">No tratemos de correr antes de andar<\/span><span style=\"font-weight: 400;\"><br \/><\/span><span style=\"font-weight: 400;\">Esta noche estamos vivos<\/span><span style=\"font-weight: 400;\"><br \/><\/span><span style=\"font-weight: 400;\">Solo este momento es realidad<\/span><span style=\"font-weight: 400;\"><br \/><\/span><span style=\"font-weight: 400;\">No, no s\u00e9<\/span><\/p><p><span style=\"font-weight: 400;\">(Yo no s\u00e9 ma\u00f1ana)<\/span><span style=\"font-weight: 400;\"><br \/><\/span><span style=\"font-weight: 400;\">Esta vida es una ruleta<\/span><span style=\"font-weight: 400;\"><br \/><\/span><span style=\"font-weight: 400;\">Que gira sin parar (yo no s\u00e9 ma\u00f1ana)<\/span><span style=\"font-weight: 400;\"><br \/><\/span><span style=\"font-weight: 400;\">Yo no s\u00e9 si t\u00fa, yo no s\u00e9 si yo<\/span><span style=\"font-weight: 400;\"><br \/><\/span><span style=\"font-weight: 400;\">Como ser\u00e1 el final (yo no s\u00e9 ma\u00f1ana)<\/span><span style=\"font-weight: 400;\"><br \/><\/span><span style=\"font-weight: 400;\">Puede ser peor<\/span><span style=\"font-weight: 400;\"><br \/><\/span><span style=\"font-weight: 400;\">O puede ser mejor (yo no s\u00e9 ma\u00f1ana)<\/span><span style=\"font-weight: 400;\"><br \/><\/span><span style=\"font-weight: 400;\">Deja que el coraz\u00f3n decida, vida m\u00eda, lo que sentimos<\/span><\/p><p><span style=\"font-weight: 400;\">Ma\u00f1ana, yo no s\u00e9<\/span><span style=\"font-weight: 400;\"><br \/><\/span><span style=\"font-weight: 400;\">(Yo no s\u00e9, yo no s\u00e9 ma\u00f1ana)<\/span><span style=\"font-weight: 400;\"><br \/><\/span><span style=\"font-weight: 400;\">Ahora lo que vivimos es algo realmente lindo<\/span><span style=\"font-weight: 400;\"><br \/><\/span><span style=\"font-weight: 400;\">\u00bfQui\u00e9n puede saber lo que pasar\u00e1 ma\u00f1ana?<\/span><span style=\"font-weight: 400;\"><br \/><\/span><span style=\"font-weight: 400;\">No hay nada escrito (yo no s\u00e9, yo no s\u00e9 ma\u00f1ana)<\/span><span style=\"font-weight: 400;\"><br \/><\/span><span style=\"font-weight: 400;\">Estamos solo t\u00fa y yo<\/span><span style=\"font-weight: 400;\"><br \/><\/span><span style=\"font-weight: 400;\">Y los momentos hay que vivirlos, hay que vivirlos<\/span><\/p><p><span style=\"font-weight: 400;\">(Yo no s\u00e9, yo no s\u00e9)<\/span><span style=\"font-weight: 400;\"><br \/><\/span><span style=\"font-weight: 400;\">(Yo no s\u00e9, yo no s\u00e9)<\/span><\/p><p><span style=\"font-weight: 400;\">Yo no s\u00e9 ma\u00f1ana, yo no s\u00e9 ma\u00f1ana<\/span><span style=\"font-weight: 400;\"><br \/><\/span><span style=\"font-weight: 400;\">Si estaremos juntos, si se acaba el mundo<\/span><span style=\"font-weight: 400;\"><br \/><\/span><span style=\"font-weight: 400;\">Yo no s\u00e9 si soy para ti, si ser\u00e1s para m\u00ed<\/span><span style=\"font-weight: 400;\"><br \/><\/span><span style=\"font-weight: 400;\">Si lleguemos a amarnos u odiarnos<\/span><\/p><p><span style=\"font-weight: 400;\">Yo no s\u00e9 ma\u00f1ana<\/span><span style=\"font-weight: 400;\"><br \/><\/span><span style=\"font-weight: 400;\">Yo no s\u00e9 ma\u00f1ana<\/span><\/p>\t\t\t\t\t\t\t\t<\/div>\n\t\t\t\t<\/div>\n\t\t\t\t\t<\/div>\n\t\t\t\t<\/div>\n\t\t\t\t<\/div>","protected":false},"excerpt":{"rendered":"<p>Yo No S\u00e9 Ma\u00f1ana Luis Enrique Yo no s\u00e9 si t\u00fa, no s\u00e9 si yoSeguiremos siendo como hoyNo s\u00e9 si despu\u00e9s de amanecerVamos a sentir la misma sed\u00bfPara qu\u00e9 pensar [&hellip;]<\/p>\n","protected":false},"author":2,"featured_media":0,"parent":0,"menu_order":0,"comment_status":"closed","ping_status":"closed","template":"elementor_header_footer","meta":{"footnotes":""},"class_list":["post-4935","page","type-page","status-publish","hentry"],"_links":{"self":[{"href":"https:\/\/pose.bar\/es\/wp-json\/wp\/v2\/pages\/4935","targetHints":{"allow":["GET"]}}],"collection":[{"href":"https:\/\/pose.bar\/es\/wp-json\/wp\/v2\/pages"}],"about":[{"href":"https:\/\/pose.bar\/es\/wp-json\/wp\/v2\/types\/page"}],"author":[{"embeddable":true,"href":"https:\/\/pose.bar\/es\/wp-json\/wp\/v2\/users\/2"}],"replies":[{"embeddable":true,"href":"https:\/\/pose.bar\/es\/wp-json\/wp\/v2\/comments?post=4935"}],"version-history":[{"count":0,"href":"https:\/\/pose.bar\/es\/wp-json\/wp\/v2\/pages\/4935\/revisions"}],"wp:attachment":[{"href":"https:\/\/pose.bar\/es\/wp-json\/wp\/v2\/media?parent=4935"}],"curies":[{"name":"wp","href":"https:\/\/api.w.org\/{rel}","templated":true}]}}